{"id":21240,"date":"2026-02-20T15:43:46","date_gmt":"2026-02-20T15:43:46","guid":{"rendered":"https:\/\/garrafeiragrandeescolha.pt\/?post_type=product&#038;p=21240"},"modified":"2026-02-21T10:35:14","modified_gmt":"2026-02-21T10:35:14","slug":"vicentino-pinot-noir-tinto-75cl","status":"publish","type":"product","link":"https:\/\/garrafeiragrandeescolha.pt\/en\/product-2\/vicentino-pinot-noir-tinto-75cl\/","title":{"rendered":"Vicentino Pinot Noir Tinto 75cl"},"content":{"rendered":"<p><img fetchpriority=\"high\" decoding=\"async\" class=\"aligncenter\" src=\"https:\/\/cdn.shopk.it\/usercontent\/mercadodelicatessen\/media\/images\/f47d234-vicentino-logo-500x250.jpg\" alt=\"Vicentino Wines | Mercado Delicatessen\" width=\"352\" height=\"176\" \/><\/p>\n<p>A lenda que d\u00e1 nome \u00e0 \u201cCosta Vicentina\u201d remonta aos tempos de D. Afonso Henriques, quando um bando de corvos guiou o navio at\u00e9 \u00e0s rel\u00edquias de S. Vicente sepultadas em Sagres e as trouxe ao longo da costa at\u00e9 Lisboa.<\/p>\n<p>Vicentino \u00e9 a homenagem a esta regi\u00e3o \u00fanica de Portugal, cujas vinhas se localizam privilegiadamente junto ao mar. O sol e a brisa do Atl\u00e2ntico fazem deste terroir o ber\u00e7o de vinhos frescos e excepcionais.<\/p>","protected":false},"excerpt":{"rendered":"<p>Cor rubi aberto. No aroma \u00e9 marcado por notas de cerejas e framboesas maduras\u00a0envolvidas por ligeiro tostado e grafite proveniente das barricas onde estagiou.\u00a0Na boca \u00e9 um vinho vibrante, com muita mineralidade, mostrando um subtil\u00a0herb\u00e1ceo complexando todo o conjunto e adivinhando um grande potencial de\u00a0evolu\u00e7\u00e3o. O final \u00e9 longo, fresco e salgado.<\/p>","protected":false},"featured_media":21241,"template":"","meta":{"_exactmetrics_skip_tracking":false,"_exactmetrics_sitenote_active":false,"_exactmetrics_sitenote_note":"","_exactmetrics_sitenote_category":0,"_uf_show_specific_survey":0,"_uf_disable_surveys":false,"iawp_total_views":0},"product_brand":[],"product_cat":[157,184,207],"product_tag":[],"class_list":{"0":"post-21240","1":"product","2":"type-product","3":"status-publish","4":"has-post-thumbnail","6":"product_cat-vinhos","7":"product_cat-tinto","8":"product_cat-alentejo","10":"first","11":"instock","12":"shipping-taxable","13":"purchasable","14":"product-type-simple"},"_links":{"self":[{"href":"https:\/\/garrafeiragrandeescolha.pt\/en\/wp-json\/wp\/v2\/product\/21240","targetHints":{"allow":["GET"]}}],"collection":[{"href":"https:\/\/garrafeiragrandeescolha.pt\/en\/wp-json\/wp\/v2\/product"}],"about":[{"href":"https:\/\/garrafeiragrandeescolha.pt\/en\/wp-json\/wp\/v2\/types\/product"}],"wp:featuredmedia":[{"embeddable":true,"href":"https:\/\/garrafeiragrandeescolha.pt\/en\/wp-json\/wp\/v2\/media\/21241"}],"wp:attachment":[{"href":"https:\/\/garrafeiragrandeescolha.pt\/en\/wp-json\/wp\/v2\/media?parent=21240"}],"wp:term":[{"taxonomy":"product_brand","embeddable":true,"href":"https:\/\/garrafeiragrandeescolha.pt\/en\/wp-json\/wp\/v2\/product_brand?post=21240"},{"taxonomy":"product_cat","embeddable":true,"href":"https:\/\/garrafeiragrandeescolha.pt\/en\/wp-json\/wp\/v2\/product_cat?post=21240"},{"taxonomy":"product_tag","embeddable":true,"href":"https:\/\/garrafeiragrandeescolha.pt\/en\/wp-json\/wp\/v2\/product_tag?post=21240"}],"curies":[{"name":"wp","href":"https:\/\/api.w.org\/{rel}","templated":true}]}}