{"id":21644,"date":"2026-04-02T16:11:29","date_gmt":"2026-04-02T16:11:29","guid":{"rendered":"https:\/\/garrafeiragrandeescolha.pt\/?post_type=product&#038;p=21644"},"modified":"2026-04-02T16:11:29","modified_gmt":"2026-04-02T16:11:29","slug":"quinta-do-poco-do-lobo-colheita-tardia-50cl","status":"publish","type":"product","link":"https:\/\/garrafeiragrandeescolha.pt\/en\/product-2\/quinta-do-poco-do-lobo-colheita-tardia-50cl\/","title":{"rendered":"Quinta do Po\u00e7o do Lobo Colheita Tardia 50cl"},"content":{"rendered":"<p><img decoding=\"async\" class=\"size-full wp-image-15194 aligncenter\" src=\"http:\/\/garrafeiragrandeescolha.pt\/wp-content\/uploads\/2022\/02\/caves-s.-joao-logo.png\" alt=\"\" width=\"290\" height=\"40\" \/><\/p>\n<p>Founded in 1920 by brothers Jos\u00e9, Manuel and Albano Costa, Caves S\u00e3o Jo\u00e3o is a family business that, at first, was dedicated to selling fine Douro wines and liqueurs. It is today the oldest family business still operating in the municipality of Anadia.<\/p>\n<p>In the 1930s, with the ban on the production of Port wines outside Vila Nova de Gaia, the Company began to sell table wines from Bairrada. At that time, the production of natural sparkling wines also began, using the \u201cchampagne\u201d method, with emphasis, at this stage, on the important role of French winemaker Gaston Mennesson.<\/p>\n<p>The export of wines to the Brazilian market began and, shortly afterwards, to the Portuguese colonies in Africa. At the end of the 1950s, one of the most famous wine brands in the Bairrada region was born \u2013 \u201cFrei Jo\u00e3o\u201d \u2013 and, a little later, a brand from the demarcated region of D\u00e3o, \u201cPorta dos Cavaleiros\u201d.<\/p>\n<p>With the name \u201cReserva\u201d, initiated by Caves S\u00e3o Jo\u00e3o, this innovates in the wine market, using paper labels covered with natural cork.<\/p>\n<p>Caves S\u00e3o Jo\u00e3o acquires Quinta do Po\u00e7o do Lobo, a rustic property with approximately 37 hectares, located in the small town of Pocari\u00e7a in the municipality of Cantanhede. The Quinta was then completely replanted with selected grape varieties and strictly divided.<\/p>\n<p>Com as uvas ali colhidas, a empresa iniciou a produ\u00e7\u00e3o do vinho \u201cQuinta do Po\u00e7o do Lobo \u2013 Bairrada\u201d, um Bairrada Tinto com uvas das castas Baga, Moreto e Castel\u00e3o; o \u201cQuinta do Po\u00e7o do Lobo \u2013 Cabernet Sauvignon\u201d, um vinho varietal com a casta de maior prest\u00edgio em todo o mundo; um vinho branco elaborado com a casta Arinto e o \u201cEspumante Quinta do Po\u00e7o do Lobo\u201d, um espumante com uvas das castas Arinto e Chardonnay.<\/p>\n<p>Nowadays, and after some investments in the area of winemaking and quality control, Caves S\u00e3o Jo\u00e3o are prepared to face future challenges in terms of production, always with the concern of following the evolution of markets and tastes. of increasingly demanding and attentive consumers.<\/p>","protected":false},"excerpt":{"rendered":"<p>Regi\u00e3o:\u00a0Beira Atl\u00e2ntico IGP<\/p>\n<p>Aroma: Complexo, intenso e caracter\u00edstico de uvas fortemente botrytisadas, lembrando casca de laranja confitada, avel\u00e3 torrada, marmelada, especiarias e madeira tostada.<\/p>\n<p>Sabor: Distingue-se pelo seu equil\u00edbrio entre do\u00e7ura e acidez, e pelo seu volume gustativo, caracter\u00edsticas que lhe conferir\u00e3o um bom potencial de envelhecimento<\/p>","protected":false},"featured_media":21645,"template":"","meta":{"_exactmetrics_skip_tracking":false,"_exactmetrics_sitenote_active":false,"_exactmetrics_sitenote_note":"","_exactmetrics_sitenote_category":0,"_uf_show_specific_survey":0,"_uf_disable_surveys":false,"iawp_total_views":0},"product_brand":[],"product_cat":[165,157],"product_tag":[],"class_list":{"0":"post-21644","1":"product","2":"type-product","3":"status-publish","4":"has-post-thumbnail","6":"product_cat-colheita-tardia","7":"product_cat-vinhos","9":"first","10":"instock","11":"shipping-taxable","12":"purchasable","13":"product-type-simple"},"_links":{"self":[{"href":"https:\/\/garrafeiragrandeescolha.pt\/en\/wp-json\/wp\/v2\/product\/21644","targetHints":{"allow":["GET"]}}],"collection":[{"href":"https:\/\/garrafeiragrandeescolha.pt\/en\/wp-json\/wp\/v2\/product"}],"about":[{"href":"https:\/\/garrafeiragrandeescolha.pt\/en\/wp-json\/wp\/v2\/types\/product"}],"wp:featuredmedia":[{"embeddable":true,"href":"https:\/\/garrafeiragrandeescolha.pt\/en\/wp-json\/wp\/v2\/media\/21645"}],"wp:attachment":[{"href":"https:\/\/garrafeiragrandeescolha.pt\/en\/wp-json\/wp\/v2\/media?parent=21644"}],"wp:term":[{"taxonomy":"product_brand","embeddable":true,"href":"https:\/\/garrafeiragrandeescolha.pt\/en\/wp-json\/wp\/v2\/product_brand?post=21644"},{"taxonomy":"product_cat","embeddable":true,"href":"https:\/\/garrafeiragrandeescolha.pt\/en\/wp-json\/wp\/v2\/product_cat?post=21644"},{"taxonomy":"product_tag","embeddable":true,"href":"https:\/\/garrafeiragrandeescolha.pt\/en\/wp-json\/wp\/v2\/product_tag?post=21644"}],"curies":[{"name":"wp","href":"https:\/\/api.w.org\/{rel}","templated":true}]}}