{"id":12236,"date":"2020-03-20T14:30:46","date_gmt":"2020-03-20T14:30:46","guid":{"rendered":"http:\/\/garrafeiragrandeescolha.pt\/?post_type=product&#038;p=12236"},"modified":"2026-03-23T12:49:04","modified_gmt":"2026-03-23T12:49:04","slug":"calda-bordaleza-tinto","status":"publish","type":"product","link":"https:\/\/garrafeiragrandeescolha.pt\/fr\/produit\/calda-bordaleza-tinto\/","title":{"rendered":"Calda Bordaleza Tinto 2020 75cl"},"content":{"rendered":"<p><img decoding=\"async\" class=\"aligncenter\" src=\"http:\/\/garrafeiragrandeescolha.pt\/wp-content\/uploads\/2022\/02\/campolargo-logo.png\" \/><\/p>\n<div>Notre grand-p\u00e8re Martinho, un agriculteur de Mogofores, produisait du vin rouge et, \u00e9tant l&#039;un des rares vignerons \u00e0 s\u00e9parer les raisins blancs des raisins rouges, il faisait un beau et c\u00e9l\u00e8bre vin blanc. Tous deux \u00e9taient vendus en vrac aux entreprises de la r\u00e9gion qui les mettaient en bouteille.<br \/>\nD\u00e9c\u00e9d\u00e9 \u00e0 la fin des ann\u00e9es soixante du si\u00e8cle dernier, notre p\u00e8re Manuel a ensuite pris en charge l&#039;ensemble de l&#039;exploitation, dont il a modernis\u00e9 et agrandi les vignobles, sans toutefois produire de vin pour le march\u00e9.<\/div>\n<div>\n<div>\u00a0Au milieu des ann\u00e9es 90, nous avons commenc\u00e9 des essais de vinification avec les diff\u00e9rents c\u00e9pages plant\u00e9s entre-temps (dont beaucoup ont \u00e9t\u00e9 plant\u00e9s pour la premi\u00e8re fois dans la r\u00e9gion). La d\u00e9cision fut alors prise de se lancer dans la production de vin pour le march\u00e9 et de construire une nouvelle cave \u00e0 vin. Les premiers vins de la marque Campolargo provenaient de la r\u00e9colte de 2000 et la nouvelle cave \u00e0 vin n&#039;a \u00e9t\u00e9 construite qu&#039;en 2004.<\/div>\n<div>Actuellement, la troisi\u00e8me g\u00e9n\u00e9ration est responsable du vignoble, Jorge Campolargo et de la cave et des ventes, Carlos Campolargo. Mais elle b\u00e9n\u00e9ficie d\u00e9j\u00e0 de la collaboration de la quatri\u00e8me g\u00e9n\u00e9ration, Joana Campolargo, qui assure le soutien administratif et les relations ext\u00e9rieures.<\/div>\n<div>\n<p>Nous souhaitons donc maintenir et p\u00e9renniser le caract\u00e8re exclusivement familial de notre vinification.<\/p>\n<\/div>\n<\/div>","protected":false},"excerpt":{"rendered":"<p>Muito fino, complexo, notas de anis, bals\u00e2micos, fruto doce de framboesa, leve chocolate. Fresco e concentrado, tosta suave e elegante, taninos de primeira, com poder e muita estrutura, especiado, complexo e rico<\/p>","protected":false},"featured_media":492,"template":"","meta":{"_exactmetrics_skip_tracking":false,"_exactmetrics_sitenote_active":false,"_exactmetrics_sitenote_note":"","_exactmetrics_sitenote_category":0,"_uf_show_specific_survey":0,"_uf_disable_surveys":false,"iawp_total_views":27},"product_brand":[],"product_cat":[157,201,184,208],"product_tag":[],"class_list":{"0":"post-12236","1":"product","2":"type-product","3":"status-publish","4":"has-post-thumbnail","6":"product_cat-vinhos","7":"product_cat-grandes-vinhos","8":"product_cat-tinto","9":"product_cat-bairrada","11":"first","12":"instock","13":"shipping-taxable","14":"purchasable","15":"product-type-simple"},"_links":{"self":[{"href":"https:\/\/garrafeiragrandeescolha.pt\/fr\/wp-json\/wp\/v2\/product\/12236","targetHints":{"allow":["GET"]}}],"collection":[{"href":"https:\/\/garrafeiragrandeescolha.pt\/fr\/wp-json\/wp\/v2\/product"}],"about":[{"href":"https:\/\/garrafeiragrandeescolha.pt\/fr\/wp-json\/wp\/v2\/types\/product"}],"wp:featuredmedia":[{"embeddable":true,"href":"https:\/\/garrafeiragrandeescolha.pt\/fr\/wp-json\/wp\/v2\/media\/492"}],"wp:attachment":[{"href":"https:\/\/garrafeiragrandeescolha.pt\/fr\/wp-json\/wp\/v2\/media?parent=12236"}],"wp:term":[{"taxonomy":"product_brand","embeddable":true,"href":"https:\/\/garrafeiragrandeescolha.pt\/fr\/wp-json\/wp\/v2\/product_brand?post=12236"},{"taxonomy":"product_cat","embeddable":true,"href":"https:\/\/garrafeiragrandeescolha.pt\/fr\/wp-json\/wp\/v2\/product_cat?post=12236"},{"taxonomy":"product_tag","embeddable":true,"href":"https:\/\/garrafeiragrandeescolha.pt\/fr\/wp-json\/wp\/v2\/product_tag?post=12236"}],"curies":[{"name":"wp","href":"https:\/\/api.w.org\/{rel}","templated":true}]}}