{"id":12303,"date":"2020-03-20T23:47:27","date_gmt":"2020-03-20T23:47:27","guid":{"rendered":"http:\/\/garrafeiragrandeescolha.pt\/?post_type=product&#038;p=12303"},"modified":"2024-02-23T12:11:47","modified_gmt":"2024-02-23T12:11:47","slug":"dom-bella-tinto","status":"publish","type":"product","link":"https:\/\/garrafeiragrandeescolha.pt\/fr\/produit\/dom-bella-tinto\/","title":{"rendered":"Bella \u00c9l\u00e9gance Sauvignon Blanc Blanc 2022 75cl"},"content":{"rendered":"<div class=\"headline\">A\u00a0QUINTA DE BELLA\u00a0combina condi\u00e7\u00f5es naturais singulares e uma viticultura sustent\u00e1vel tradicional para produzir vinhos de T\u00e9rroir com um car\u00e1cter \u00fanico.<\/div>\n<div class=\"information\">\n<div class=\"main\">\n<p>Inserida na hist\u00f3rica Regi\u00e3o do D\u00e3o, na aldeia de Prime, freguesia de Fragosela, vizinha da cidade de Viseu, \u00e9 uma extensa propriedade de aproximadamente 70 hectares que se desenvolve a partir da margem do rio D\u00e3o.<\/p>\n<p>A vinha, parcialmente reenxertada e ampliada atrav\u00e9s de novas planta\u00e7\u00f5es, ocupa actualmente a \u00e1rea de 25 hectares dedicados \u00e0s castas\u00a0Touriga Nacional\u00a0e\u00a0Sauvignon Blanc, estando programada a planta\u00e7\u00e3o adicional de oito hectares de vinha. Situada a cerca de 380 metros de altitude, com condi\u00e7\u00f5es microclim\u00e1ticas \u00fanicas, a propriedade beneficia da proximidade do rio D\u00e3o, de excelente exposi\u00e7\u00e3o e de solos de areias gran\u00edticas de elevada qualidade, tamb\u00e9m conhecidos como solos de \u201cgranito podre\u201d ou \u201cgranito nobre\u201d.<\/p>\n<\/div>\n<div id=\"extrainformation\">\n<p>Com um estreito compasso de planta\u00e7\u00e3o, pratica-se uma viticultura sustent\u00e1vel tradicional, evitando ao m\u00e1ximo a utiliza\u00e7\u00e3o de herbicidas, inspirada na ancestral t\u00e9cnica francesa de Bord\u00e9us e Borgonha denominada \u201cLes Quatre Fa\u00e7ons\u201d. Uma interven\u00e7\u00e3o humana que respeita e valoriza a riqueza natural do T\u00e9rroir, potenciando a express\u00e3o do seu car\u00e1cter na produ\u00e7\u00e3o de vinhos tintos e brancos de excep\u00e7\u00e3o.<\/p>\n<p>A marca da propriedade \u2013\u00a0Dom Bella\u00a0\u2013 inspira-se num enigm\u00e1tico e curioso Senhor que, em tempos recentes, se surpreendeu e fascinou pelo potencial deste magn\u00edfico T\u00e9rroir e, com a paix\u00e3o e determina\u00e7\u00e3o que o caracterizam, decidiu abra\u00e7ar o desafio de produzir dos melhores vinhos da regi\u00e3o. Uma marca desenvolvida em torno de um imagin\u00e1rio inusitado, com um toque de irrever\u00eancia, que nos provoca e desafia a descobrir complexos e surpreendentes sabores.<\/p>\n<\/div>\n<\/div>","protected":false},"excerpt":{"rendered":"<p>As uvas que comp\u00f5em este\u00a0Bella \u00c9l\u00e9gance Sauvignon Blanc 2021, s\u00e3o oriundas da Quinta de Bella, situada a cerca de 380 metros de altitude, com condi\u00e7\u00f5es microclim\u00e1ticas \u00fanicas, a propriedade beneficia da proximidade do rio D\u00e3o, de excelente exposi\u00e7\u00e3o e de solos de areias gran\u00edticas de elevada qualidade, tamb\u00e9m conhecidos como solos de \u201cgranito podre\u201d ou \u201cgranito nobre\u201d. Com uma densidade de 7000 videiras por hectare e com consequente baixa produ\u00e7\u00e3o, n\u00e3o \u00e9 surpreendente que seja um vinho concentrado e intenso.<\/p>","protected":false},"featured_media":18716,"template":"","meta":{"_exactmetrics_skip_tracking":false,"_exactmetrics_sitenote_active":false,"_exactmetrics_sitenote_note":"","_exactmetrics_sitenote_category":0,"_uf_show_specific_survey":0,"_uf_disable_surveys":false,"iawp_total_views":39},"product_brand":[],"product_cat":[185,209,157],"product_tag":[],"class_list":{"0":"post-12303","1":"product","2":"type-product","3":"status-publish","4":"has-post-thumbnail","6":"product_cat-branco","7":"product_cat-dao","8":"product_cat-vinhos","10":"first","11":"instock","12":"shipping-taxable","13":"purchasable","14":"product-type-simple"},"_links":{"self":[{"href":"https:\/\/garrafeiragrandeescolha.pt\/fr\/wp-json\/wp\/v2\/product\/12303","targetHints":{"allow":["GET"]}}],"collection":[{"href":"https:\/\/garrafeiragrandeescolha.pt\/fr\/wp-json\/wp\/v2\/product"}],"about":[{"href":"https:\/\/garrafeiragrandeescolha.pt\/fr\/wp-json\/wp\/v2\/types\/product"}],"wp:featuredmedia":[{"embeddable":true,"href":"https:\/\/garrafeiragrandeescolha.pt\/fr\/wp-json\/wp\/v2\/media\/18716"}],"wp:attachment":[{"href":"https:\/\/garrafeiragrandeescolha.pt\/fr\/wp-json\/wp\/v2\/media?parent=12303"}],"wp:term":[{"taxonomy":"product_brand","embeddable":true,"href":"https:\/\/garrafeiragrandeescolha.pt\/fr\/wp-json\/wp\/v2\/product_brand?post=12303"},{"taxonomy":"product_cat","embeddable":true,"href":"https:\/\/garrafeiragrandeescolha.pt\/fr\/wp-json\/wp\/v2\/product_cat?post=12303"},{"taxonomy":"product_tag","embeddable":true,"href":"https:\/\/garrafeiragrandeescolha.pt\/fr\/wp-json\/wp\/v2\/product_tag?post=12303"}],"curies":[{"name":"wp","href":"https:\/\/api.w.org\/{rel}","templated":true}]}}