{"id":12340,"date":"2020-03-22T12:13:21","date_gmt":"2020-03-22T12:13:21","guid":{"rendered":"http:\/\/garrafeiragrandeescolha.pt\/?post_type=product&#038;p=12340"},"modified":"2023-10-31T14:03:01","modified_gmt":"2023-10-31T14:03:01","slug":"fernao-magalhaes-doc-reserva-tinto","status":"publish","type":"product","link":"https:\/\/garrafeiragrandeescolha.pt\/fr\/produit\/fernao-magalhaes-doc-reserva-tinto\/","title":{"rendered":"Fern\u00e3o Magalh\u00e3es DOC Reserva Tinto 2019 75cl"},"content":{"rendered":"<p><img fetchpriority=\"high\" decoding=\"async\" class=\"size-medium wp-image-15309 aligncenter\" src=\"http:\/\/garrafeiragrandeescolha.pt\/wp-content\/uploads\/2022\/02\/Logo-Adega-de-Sabrosa-preto-02-300x296.png\" alt=\"\" width=\"300\" height=\"296\" srcset=\"https:\/\/garrafeiragrandeescolha.pt\/wp-content\/uploads\/2022\/02\/Logo-Adega-de-Sabrosa-preto-02-300x296.png 300w, https:\/\/garrafeiragrandeescolha.pt\/wp-content\/uploads\/2022\/02\/Logo-Adega-de-Sabrosa-preto-02-100x100.png 100w, https:\/\/garrafeiragrandeescolha.pt\/wp-content\/uploads\/2022\/02\/Logo-Adega-de-Sabrosa-preto-02.png 554w\" sizes=\"(max-width: 300px) 100vw, 300px\" \/><\/p>\n<p>Adega de Sabrosa, propri\u00e9taire de la marque Fern\u00e3o de Magalh\u00e3es, produit des vins depuis 1958 et est actuellement fi\u00e8re de produire les meilleurs vins du Douro. La ville de Sabrosa est l&#039;une des portes d&#039;entr\u00e9e de cette magnifique r\u00e9gion, caract\u00e9ris\u00e9e par un microclimat et des conditions naturelles sp\u00e9cifiques favorables \u00e0 la production d&#039;excellents vins.<br \/>\nInspir\u00e9e par le courage, la d\u00e9termination, la t\u00e9nacit\u00e9 et la vision du navigateur du Douro Fern\u00e3o de Magalh\u00e3es, ainsi que par son esprit aventureux et entrepreneurial, Adega de Sabrosa rend hommage avec ses vins \u00e0 tous les Portugais du monde.<\/p>","protected":false},"excerpt":{"rendered":"<p>Castas: Touriga Nacional e Tinta Roriz<\/p>\n<p class=\"p2\">Aroma: Notas de frutos silvestres, framboesas maduras, mirtilo, com tostados muito suaves<\/p>\n<p class=\"p2\">Boca: Elegante, persistente e evolu\u00eddo em grande harmonia para uma estrutura muito compacta de taninos firmes.<\/p>\n<p class=\"p2\">Gastronomia: Ideal para acompanhar pratos de queijos e carnes de ca\u00e7a<\/p>\n<p class=\"p2\">Vigneron : C\u00e9leste Marques<\/p>","protected":false},"featured_media":747,"template":"","meta":{"_exactmetrics_skip_tracking":false,"_exactmetrics_sitenote_active":false,"_exactmetrics_sitenote_note":"","_exactmetrics_sitenote_category":0,"_uf_show_specific_survey":0,"_uf_disable_surveys":false,"iawp_total_views":75},"product_brand":[],"product_cat":[157,184,215],"product_tag":[],"class_list":{"0":"post-12340","1":"product","2":"type-product","3":"status-publish","4":"has-post-thumbnail","6":"product_cat-vinhos","7":"product_cat-tinto","8":"product_cat-douro","10":"first","11":"instock","12":"shipping-taxable","13":"purchasable","14":"product-type-simple"},"_links":{"self":[{"href":"https:\/\/garrafeiragrandeescolha.pt\/fr\/wp-json\/wp\/v2\/product\/12340","targetHints":{"allow":["GET"]}}],"collection":[{"href":"https:\/\/garrafeiragrandeescolha.pt\/fr\/wp-json\/wp\/v2\/product"}],"about":[{"href":"https:\/\/garrafeiragrandeescolha.pt\/fr\/wp-json\/wp\/v2\/types\/product"}],"wp:featuredmedia":[{"embeddable":true,"href":"https:\/\/garrafeiragrandeescolha.pt\/fr\/wp-json\/wp\/v2\/media\/747"}],"wp:attachment":[{"href":"https:\/\/garrafeiragrandeescolha.pt\/fr\/wp-json\/wp\/v2\/media?parent=12340"}],"wp:term":[{"taxonomy":"product_brand","embeddable":true,"href":"https:\/\/garrafeiragrandeescolha.pt\/fr\/wp-json\/wp\/v2\/product_brand?post=12340"},{"taxonomy":"product_cat","embeddable":true,"href":"https:\/\/garrafeiragrandeescolha.pt\/fr\/wp-json\/wp\/v2\/product_cat?post=12340"},{"taxonomy":"product_tag","embeddable":true,"href":"https:\/\/garrafeiragrandeescolha.pt\/fr\/wp-json\/wp\/v2\/product_tag?post=12340"}],"curies":[{"name":"wp","href":"https:\/\/api.w.org\/{rel}","templated":true}]}}