{"id":12396,"date":"2020-03-22T23:33:41","date_gmt":"2020-03-22T23:33:41","guid":{"rendered":"http:\/\/garrafeiragrandeescolha.pt\/?post_type=product&#038;p=12396"},"modified":"2024-09-10T17:43:15","modified_gmt":"2024-09-10T17:43:15","slug":"likoris-50-cl","status":"publish","type":"product","link":"https:\/\/garrafeiragrandeescolha.pt\/fr\/produit\/likoris-50-cl\/","title":{"rendered":"Likoris 70 cl"},"content":{"rendered":"<p>A paix\u00e3o pelas experi\u00eancias sensoriais da en\u00f3loga, e mentora deste projeto, despertou o desejo de criar um licor de grande complexidade arom\u00e1tica. A ideia surgiu ap\u00f3s constatar o agrado generalizado dos amigos em provar as suas experi\u00eancias de aguardentes aromatizadas, com frutos e especiarias, que preparava para jantares de conv\u00edvio. A partir desse momento, combinou harmoniosamente os aromas mais apreciados at\u00e9 obter um n\u00e9ctar \u00fanico e divinal que enriqueceu com ouro e prata comest\u00edvel, o Likoris.<\/p>","protected":false},"excerpt":{"rendered":"<p>Caracterizado por uma not\u00e1vel complexidade arom\u00e1tica, de sabor suave e envolvente, este licor foi obtido pela macera\u00e7\u00e3o prolongada de v\u00e1rios frutos e especiarias, de origem biol\u00f3gica, na pureza da aguardente e enriquecido com mel puro e flocos de ouro e prata comest\u00edvel. Sem ingredientes alerg\u00e9nios.<\/p>","protected":false},"featured_media":871,"template":"","meta":{"_exactmetrics_skip_tracking":false,"_exactmetrics_sitenote_active":false,"_exactmetrics_sitenote_note":"","_exactmetrics_sitenote_category":0,"_uf_show_specific_survey":0,"_uf_disable_surveys":false,"iawp_total_views":13},"product_brand":[],"product_cat":[161],"product_tag":[],"class_list":{"0":"post-12396","1":"product","2":"type-product","3":"status-publish","4":"has-post-thumbnail","6":"product_cat-licores","8":"first","9":"instock","10":"shipping-taxable","11":"purchasable","12":"product-type-simple"},"_links":{"self":[{"href":"https:\/\/garrafeiragrandeescolha.pt\/fr\/wp-json\/wp\/v2\/product\/12396","targetHints":{"allow":["GET"]}}],"collection":[{"href":"https:\/\/garrafeiragrandeescolha.pt\/fr\/wp-json\/wp\/v2\/product"}],"about":[{"href":"https:\/\/garrafeiragrandeescolha.pt\/fr\/wp-json\/wp\/v2\/types\/product"}],"wp:featuredmedia":[{"embeddable":true,"href":"https:\/\/garrafeiragrandeescolha.pt\/fr\/wp-json\/wp\/v2\/media\/871"}],"wp:attachment":[{"href":"https:\/\/garrafeiragrandeescolha.pt\/fr\/wp-json\/wp\/v2\/media?parent=12396"}],"wp:term":[{"taxonomy":"product_brand","embeddable":true,"href":"https:\/\/garrafeiragrandeescolha.pt\/fr\/wp-json\/wp\/v2\/product_brand?post=12396"},{"taxonomy":"product_cat","embeddable":true,"href":"https:\/\/garrafeiragrandeescolha.pt\/fr\/wp-json\/wp\/v2\/product_cat?post=12396"},{"taxonomy":"product_tag","embeddable":true,"href":"https:\/\/garrafeiragrandeescolha.pt\/fr\/wp-json\/wp\/v2\/product_tag?post=12396"}],"curies":[{"name":"wp","href":"https:\/\/api.w.org\/{rel}","templated":true}]}}