{"id":12419,"date":"2020-03-23T12:17:45","date_gmt":"2020-03-23T12:17:45","guid":{"rendered":"http:\/\/garrafeiragrandeescolha.pt\/?post_type=product&#038;p=12419"},"modified":"2024-09-16T11:37:45","modified_gmt":"2024-09-16T11:37:45","slug":"monte-da-ravasqueira-vinha-das-romas","status":"publish","type":"product","link":"https:\/\/garrafeiragrandeescolha.pt\/fr\/produit\/monte-da-ravasqueira-vinha-das-romas\/","title":{"rendered":"Monte da Ravasqueira Vinha das Rom\u00e3s Tinto 2017 75cl"},"content":{"rendered":"<p>Este \u00e9 um dos vinhos mais consensuais e mais consagrados da Ravasqueira, que procura tirar partido, todos os anos, de um\u00a0<em>terroir<\/em>\u00a0\u00fanico onde, antes de serem plantadas uvas, existia um pomar de rom\u00e3zeiras.<br \/>\nCom um est\u00e1gio longo em barricas de carvalho franc\u00eas, este vinho evidencia a eleg\u00e2ncia das castas Syrah e Touriga Franca, utilizadas em diferentes percentagens de ano para ano e provenientes de pequenas zonas de uma \u00e1rea de cinco hectares.<br \/>\nEste vinho representa tamb\u00e9m os m\u00e9ritos de uma viticultura de precis\u00e3o, guiada pela sede de conhecimento de cada planta.<\/p>","protected":false},"excerpt":{"rendered":"<p>Cor densa encarnada escura e opaca. Nariz, ao princ\u00edpio, fechado. Depois complexidade de frutas pretas, cedro, frutos do bosque, poejo, mix de especiarias, cardamomo e terroso. Prova carnosa, taninos s\u00f3lidos e crescentes, mas finos e elegantes no final. Muita frescura, final mineral gran\u00edtico. Potencial em garrafa durante o per\u00edodo de 2019-2029.<\/p>","protected":false},"featured_media":922,"template":"","meta":{"_exactmetrics_skip_tracking":false,"_exactmetrics_sitenote_active":false,"_exactmetrics_sitenote_note":"","_exactmetrics_sitenote_category":0,"_uf_show_specific_survey":0,"_uf_disable_surveys":false,"iawp_total_views":36},"product_brand":[],"product_cat":[207,184,157],"product_tag":[],"class_list":{"0":"post-12419","1":"product","2":"type-product","3":"status-publish","4":"has-post-thumbnail","6":"product_cat-alentejo","7":"product_cat-tinto","8":"product_cat-vinhos","10":"first","11":"instock","12":"shipping-taxable","13":"purchasable","14":"product-type-simple"},"_links":{"self":[{"href":"https:\/\/garrafeiragrandeescolha.pt\/fr\/wp-json\/wp\/v2\/product\/12419","targetHints":{"allow":["GET"]}}],"collection":[{"href":"https:\/\/garrafeiragrandeescolha.pt\/fr\/wp-json\/wp\/v2\/product"}],"about":[{"href":"https:\/\/garrafeiragrandeescolha.pt\/fr\/wp-json\/wp\/v2\/types\/product"}],"wp:featuredmedia":[{"embeddable":true,"href":"https:\/\/garrafeiragrandeescolha.pt\/fr\/wp-json\/wp\/v2\/media\/922"}],"wp:attachment":[{"href":"https:\/\/garrafeiragrandeescolha.pt\/fr\/wp-json\/wp\/v2\/media?parent=12419"}],"wp:term":[{"taxonomy":"product_brand","embeddable":true,"href":"https:\/\/garrafeiragrandeescolha.pt\/fr\/wp-json\/wp\/v2\/product_brand?post=12419"},{"taxonomy":"product_cat","embeddable":true,"href":"https:\/\/garrafeiragrandeescolha.pt\/fr\/wp-json\/wp\/v2\/product_cat?post=12419"},{"taxonomy":"product_tag","embeddable":true,"href":"https:\/\/garrafeiragrandeescolha.pt\/fr\/wp-json\/wp\/v2\/product_tag?post=12419"}],"curies":[{"name":"wp","href":"https:\/\/api.w.org\/{rel}","templated":true}]}}