{"id":12466,"date":"2020-03-23T23:07:20","date_gmt":"2020-03-23T23:07:20","guid":{"rendered":"http:\/\/garrafeiragrandeescolha.pt\/?post_type=product&#038;p=12466"},"modified":"2022-02-08T17:16:29","modified_gmt":"2022-02-08T17:16:29","slug":"porto-grahams-tawny-30-anos","status":"publish","type":"product","link":"https:\/\/garrafeiragrandeescolha.pt\/fr\/produit\/porto-grahams-tawny-30-anos\/","title":{"rendered":"Graham&#039;s Tawny Porto 30 ans 75cl"},"content":{"rendered":"<p><img fetchpriority=\"high\" decoding=\"async\" class=\"size-medium wp-image-15548 aligncenter\" src=\"http:\/\/garrafeiragrandeescolha.pt\/wp-content\/uploads\/2020\/03\/grahams-logo-300x190.jpg\" alt=\"\" width=\"300\" height=\"190\" srcset=\"https:\/\/garrafeiragrandeescolha.pt\/wp-content\/uploads\/2020\/03\/grahams-logo-300x190.jpg 300w, https:\/\/garrafeiragrandeescolha.pt\/wp-content\/uploads\/2020\/03\/grahams-logo-768x487.jpg 768w, https:\/\/garrafeiragrandeescolha.pt\/wp-content\/uploads\/2020\/03\/grahams-logo-600x380.jpg 600w, https:\/\/garrafeiragrandeescolha.pt\/wp-content\/uploads\/2020\/03\/grahams-logo.jpg 1024w\" sizes=\"(max-width: 300px) 100vw, 300px\" \/><\/p>\n<p>A hist\u00f3ria de duas fam\u00edlias ao longo de tr\u00eas s\u00e9culos.\u00a0H\u00e1 quase duzentos anos que a W &amp; J Graham&#8217;s \u00e9 uma empresa familiar independente conhecida por produzir os melhores vinhos do Porto.<\/p>\n<p>A Graham&#8217;s sempre foi pioneira.\u00a0A Graham&#8217;s foi uma das primeiras empresas do Porto a investir em vinhas pr\u00f3prias no Vale do Douro em Portugal em 1890 e est\u00e1 agora na vanguarda da inova\u00e7\u00e3o nas t\u00e9cnicas de vinifica\u00e7\u00e3o.\u00a0Hoje, cinco primos Symington compartilham a responsabilidade por todos os aspectos da empresa e produzem pessoalmente os vinhos da Graham&#8217;s.\u00a0Eles tamb\u00e9m est\u00e3o envolvidos com o Porto e o Douro h\u00e1 muitas gera\u00e7\u00f5es, com ascend\u00eancia que remonta a meados do s\u00e9culo XVII.<\/p>","protected":false},"excerpt":{"rendered":"<p>Apresenta uma suave cor \u00e2mbar com um toque de laranja. Nariz magn\u00edfico apresentando uma diversidade de frutos secos. Na boca \u00e9 concentrado e rico em frutos com um toque de mel. Sublimemente sedoso, com um impressionante final.<\/p>\n<p><span class=\"bold\">\u00a0<\/span>Acompanha de forma fabulosa chocolate negro, mas tamb\u00e9m pode ser apreciado isoladamente, como sobremesa pelo seu pr\u00f3prio direito. Recomendamos servir ligeiramente fresco, para acentuar o gosto e o prazer da experi\u00eancia.<\/p>","protected":false},"featured_media":1043,"template":"","meta":{"_exactmetrics_skip_tracking":false,"_exactmetrics_sitenote_active":false,"_exactmetrics_sitenote_note":"","_exactmetrics_sitenote_category":0,"_uf_show_specific_survey":0,"_uf_disable_surveys":false,"iawp_total_views":17},"product_brand":[],"product_cat":[159,175],"product_tag":[],"class_list":{"0":"post-12466","1":"product","2":"type-product","3":"status-publish","4":"has-post-thumbnail","6":"product_cat-portos","7":"product_cat-porto-10-20-30-40-50-80","9":"first","10":"instock","11":"shipping-taxable","12":"purchasable","13":"product-type-simple"},"_links":{"self":[{"href":"https:\/\/garrafeiragrandeescolha.pt\/fr\/wp-json\/wp\/v2\/product\/12466","targetHints":{"allow":["GET"]}}],"collection":[{"href":"https:\/\/garrafeiragrandeescolha.pt\/fr\/wp-json\/wp\/v2\/product"}],"about":[{"href":"https:\/\/garrafeiragrandeescolha.pt\/fr\/wp-json\/wp\/v2\/types\/product"}],"wp:featuredmedia":[{"embeddable":true,"href":"https:\/\/garrafeiragrandeescolha.pt\/fr\/wp-json\/wp\/v2\/media\/1043"}],"wp:attachment":[{"href":"https:\/\/garrafeiragrandeescolha.pt\/fr\/wp-json\/wp\/v2\/media?parent=12466"}],"wp:term":[{"taxonomy":"product_brand","embeddable":true,"href":"https:\/\/garrafeiragrandeescolha.pt\/fr\/wp-json\/wp\/v2\/product_brand?post=12466"},{"taxonomy":"product_cat","embeddable":true,"href":"https:\/\/garrafeiragrandeescolha.pt\/fr\/wp-json\/wp\/v2\/product_cat?post=12466"},{"taxonomy":"product_tag","embeddable":true,"href":"https:\/\/garrafeiragrandeescolha.pt\/fr\/wp-json\/wp\/v2\/product_tag?post=12466"}],"curies":[{"name":"wp","href":"https:\/\/api.w.org\/{rel}","templated":true}]}}