{"id":12518,"date":"2020-03-24T20:41:26","date_gmt":"2020-03-24T20:41:26","guid":{"rendered":"http:\/\/garrafeiragrandeescolha.pt\/?post_type=product&#038;p=12518"},"modified":"2022-06-22T17:16:28","modified_gmt":"2022-06-22T17:16:28","slug":"recolte-de-porto-vista-alegre-1969","status":"publish","type":"product","link":"https:\/\/garrafeiragrandeescolha.pt\/fr\/produit\/recolte-de-porto-vista-alegre-1969\/","title":{"rendered":"Porto Vista Alegre R\u00e9colte 1969 75cl"},"content":{"rendered":"<p><img decoding=\"async\" class=\"size-medium wp-image-15060 aligncenter\" src=\"http:\/\/garrafeiragrandeescolha.pt\/wp-content\/uploads\/2022\/02\/vallegre-logo-300x77.png\" alt=\"\" width=\"300\" height=\"77\" srcset=\"https:\/\/garrafeiragrandeescolha.pt\/wp-content\/uploads\/2022\/02\/vallegre-logo-300x77.png 300w, https:\/\/garrafeiragrandeescolha.pt\/wp-content\/uploads\/2022\/02\/vallegre-logo.png 512w\" sizes=\"(max-width: 300px) 100vw, 300px\" \/><\/p>\n<p>VALLEGRE \u2013 Vinhos do Porto, SA, est une entreprise portugaise avec une tradition s\u00e9culaire qui embrasse la continuit\u00e9 d&#039;une entreprise familiale depuis cinq g\u00e9n\u00e9rations \u2013 les actionnaires et les dirigeants repr\u00e9sentent la 5\u00e8me g\u00e9n\u00e9ration d&#039;une famille de vignerons de la r\u00e9gion du Douro. Producteur et exportateur de vins de Porto, les vins DOC Douro et DOC Moscatel do Douro, de haute qualit\u00e9 et de prestige, mettent en valeur non seulement les r\u00e9sultats de l&#039;expansion et de la modernisation au fil des ann\u00e9es, mais aussi la pr\u00e9servation de la sagesse ancestrale famili\u00e8re de fond en comble.<\/p>\n<p>Son si\u00e8ge social est situ\u00e9 \u00e0 Quinta da Vista Alegre, situ\u00e9 au c\u0153ur de la plus ancienne r\u00e9gion viticole d\u00e9limit\u00e9e du monde \u2013 la r\u00e9gion d\u00e9limit\u00e9e du Douro \u2013 et est situ\u00e9 dans la sous-r\u00e9gion de Cima Corgo, \u00e0 quelques kilom\u00e8tres de Pinh\u00e3o. Espace bucolique avec un paysage immersif et superbe compte tenu de sa situation g\u00e9ographique privil\u00e9gi\u00e9e qui offre aux visiteurs une belle vue sur le fleuve Douro.<\/p>\n<p><span class=\"texto\">D&#039;une immense beaut\u00e9 naturelle, ses recoins sont caract\u00e9ris\u00e9s par des points d&#039;int\u00e9r\u00eat, une parfaite harmonie avec la nature perp\u00e9tu\u00e9e dans la m\u00e9moire gr\u00e2ce \u00e0 l&#039;aff\u00fbtage des sens de l&#039;\u0153il \u2013 plaisirs uniques du go\u00fbt de la ruralit\u00e9, du paysage et de la nature elle-m\u00eame.<\/span><\/p>\n<p>L&#039;histoire des vignobles de cette ferme dans la production viticole est certes lointaine, ant\u00e9rieure au 19\u00e8me si\u00e8cle. C&#039;est la conclusion que l&#039;on peut d\u00e9duire des ouvrages sp\u00e9cialis\u00e9s sur les typologies de vignes et de certaines terrasses abandonn\u00e9es \u2013 les mortorios.<\/p>\n<p>Au d\u00e9but des ann\u00e9es 1970, l&#039;entreprise passe d&#039;une soci\u00e9t\u00e9 individuelle \u00e0 une soci\u00e9t\u00e9 anonyme, alors appel\u00e9e Sociedade Agr\u00edcola Barros SA. En mai 1998, la Soci\u00e9t\u00e9 a chang\u00e9 sa d\u00e9nomination sociale en VALLEGRE - Vinhos do Porto, SA, r\u00e9sultat de la combinaison des noms de ses deux Quintas les plus importantes \u2013 Valle Longo et Vista Alegre \u2013 en conservant cependant son caract\u00e8re nettement familier et qui unit cinq g\u00e9n\u00e9rations.<\/p>\n<p>Leur objectif principal est de produire des vins d&#039;Appellation d&#039;Origine Prot\u00e9g\u00e9e : DOC Porto, DOC Douro et DOC Moscatel do Douro de la plus haute qualit\u00e9 et du prestige national et international. Aujourd&#039;hui, ses vins sont vendus et appr\u00e9ci\u00e9s dans plus de vingt-sept pays, et les nombreux prix et distinctions re\u00e7us lors de diff\u00e9rents Concours Internationaux attestent de l&#039;excellence de notre qualit\u00e9.<\/p>","protected":false},"excerpt":{"rendered":"<p>C\u00e9pages : Touriga Nacional, Touriga Franca, Tinta Roriz, Tinta Amarela, Sous\u00e3o, Tinta Barroca, Tinto C\u00e3o<\/p>\n<p>Il peut \u00eatre servi avec du caf\u00e9 et des chocolats. Excellent accompagnement de desserts tels que : cr\u00e8me br\u00fbl\u00e9e, tartes aux fruits et aussi d&#039;autres \u00e0 base de chocolat, fruits secs et caramel. Il doit \u00eatre servi \u00e0 une temp\u00e9rature comprise entre 10\u00baC et 12\u00baC.<\/p>","protected":false},"featured_media":1173,"template":"","meta":{"_exactmetrics_skip_tracking":false,"_exactmetrics_sitenote_active":false,"_exactmetrics_sitenote_note":"","_exactmetrics_sitenote_category":0,"_uf_show_specific_survey":0,"_uf_disable_surveys":false,"iawp_total_views":9},"product_brand":[],"product_cat":[167,159,162],"product_tag":[],"class_list":{"0":"post-12518","1":"product","2":"type-product","3":"status-publish","4":"has-post-thumbnail","6":"product_cat-colheita","7":"product_cat-portos","8":"product_cat-raridades","10":"first","11":"instock","12":"shipping-taxable","13":"purchasable","14":"product-type-simple"},"_links":{"self":[{"href":"https:\/\/garrafeiragrandeescolha.pt\/fr\/wp-json\/wp\/v2\/product\/12518","targetHints":{"allow":["GET"]}}],"collection":[{"href":"https:\/\/garrafeiragrandeescolha.pt\/fr\/wp-json\/wp\/v2\/product"}],"about":[{"href":"https:\/\/garrafeiragrandeescolha.pt\/fr\/wp-json\/wp\/v2\/types\/product"}],"wp:featuredmedia":[{"embeddable":true,"href":"https:\/\/garrafeiragrandeescolha.pt\/fr\/wp-json\/wp\/v2\/media\/1173"}],"wp:attachment":[{"href":"https:\/\/garrafeiragrandeescolha.pt\/fr\/wp-json\/wp\/v2\/media?parent=12518"}],"wp:term":[{"taxonomy":"product_brand","embeddable":true,"href":"https:\/\/garrafeiragrandeescolha.pt\/fr\/wp-json\/wp\/v2\/product_brand?post=12518"},{"taxonomy":"product_cat","embeddable":true,"href":"https:\/\/garrafeiragrandeescolha.pt\/fr\/wp-json\/wp\/v2\/product_cat?post=12518"},{"taxonomy":"product_tag","embeddable":true,"href":"https:\/\/garrafeiragrandeescolha.pt\/fr\/wp-json\/wp\/v2\/product_tag?post=12518"}],"curies":[{"name":"wp","href":"https:\/\/api.w.org\/{rel}","templated":true}]}}