{"id":12522,"date":"2020-03-24T22:11:37","date_gmt":"2020-03-24T22:11:37","guid":{"rendered":"http:\/\/garrafeiragrandeescolha.pt\/?post_type=product&#038;p=12522"},"modified":"2025-09-11T17:34:50","modified_gmt":"2025-09-11T17:34:50","slug":"preta-grande-reserva-tinto","status":"publish","type":"product","link":"https:\/\/garrafeiragrandeescolha.pt\/fr\/produit\/preta-grande-reserva-tinto\/","title":{"rendered":"Preta Grande Reserva Rouge 2017 75cl"},"content":{"rendered":"<p style=\"text-align: center\"><img decoding=\"async\" class=\"size-full wp-image-15336 aligncenter\" src=\"http:\/\/garrafeiragrandeescolha.pt\/wp-content\/uploads\/2022\/02\/macanita-logo.png\" alt=\"\" width=\"235\" height=\"100\" \/><\/p>\n<p>Ant\u00f3nio Ma\u00e7anita inicia a sua produ\u00e7\u00e3o de vinhos no Alentejo, terra da sua m\u00e3e, com a FitaPreta Vinhos e a Sexy Wines, seguindo depois para os A\u00e7ores, terra do seu pai, fundando no Pico, a Azores Wine Company, onde se dedica \u00e0 recupera\u00e7\u00e3o de castas aut\u00f3ctones em risco de extin\u00e7\u00e3o. \u00c9 pelo desafio que parte para o Douro para iniciar um projecto a quatro m\u00e3os com a sua irm\u00e3 Joana, tamb\u00e9m ela en\u00f3loga, de onde nasce a Ma\u00e7anita Vinhos &#8211; Irm\u00e3os e En\u00f3logos. Todos os projectos de Ant\u00f3nio Ma\u00e7anita nascem de desafios, de parcerias movidas pela amizade e pela cumplicidade de quem partilha a mesma vis\u00e3o e paix\u00e3o pelo vinho. A dedica\u00e7\u00e3o aos terroirs, e ao desenvolvimento local sustent\u00e1vel, leva \u00e0 cria\u00e7\u00e3o de vinhos \u00fanicos, especiais, produzidos em pequenas s\u00e9ries, que se diferenciam pela sua qualidade e originalidade. E com Ant\u00f3nio Ma\u00e7anita sempre com um cuidado, quase de alquimista, na cria\u00e7\u00e3o dos blends. O gosto pelo desafio e a irrever\u00eancia que o caracterizam, aliadas \u00e0 vontade de inovar, geram novos projectos que rapidamente se tornam numa grande aventura de sucesso, aqu\u00e9m e al\u00e9m mar.<\/p>","protected":false},"excerpt":{"rendered":"<p>CASTAS:\u00a0Alicante Bouschet (58%), Aragonez\u00a0Tempranillo (35%) e Baga (7%).<\/p>\n<p>CONCEITO:\u00a0S\u00f3cio fundador, viticultor, amigo e\u00a0um ser humano de excep\u00e7\u00e3o.\u00a0Partiste cedo demais. Este vinho \u00e9 o\u00a0melhor de cada de ano. David, este\u00a0\u00e9 o teu vinho!<\/p>\n<p>SOLOS:\u00a0Maioritariamente xistosos.<\/p>\n<p>VINIFICA\u00c7\u00c3O:\u00a0Vindima manual em caixas de 18kg.\u00a0Fermenta\u00e7\u00e3o alco\u00f3lica e malol\u00e1tica\u00a0naturais e espont\u00e2neas.\u00a0\u201cCuvaison\u201d de 28 dias.<\/p>\n<p>ENVELHECIMENTO:\u00a024 meses em barricas de carvalho franc\u00eas.<\/p>\n<p>\u00c1LCOOL:\u00a014,5% Vol.<\/p>\n<p>PRODU\u00c7\u00c3O:\u00a05 470 garrafas numeradas de 0,75L e 297 garrafas numeradas de 1,5L lan\u00e7adas em Outubro de 2019.<\/p>\n<p>CONSERVA\u00c7\u00c3O E SERVI\u00c7O: Conservar a 12-14\u00baC e servir a\u00a016\u00baC para ser bebido a 18\u00baC.<\/p>","protected":false},"featured_media":1182,"template":"","meta":{"_exactmetrics_skip_tracking":false,"_exactmetrics_sitenote_active":false,"_exactmetrics_sitenote_note":"","_exactmetrics_sitenote_category":0,"_uf_show_specific_survey":0,"_uf_disable_surveys":false,"iawp_total_views":57},"product_brand":[],"product_cat":[207,201,184,157],"product_tag":[],"class_list":{"0":"post-12522","1":"product","2":"type-product","3":"status-publish","4":"has-post-thumbnail","6":"product_cat-alentejo","7":"product_cat-grandes-vinhos","8":"product_cat-tinto","9":"product_cat-vinhos","11":"first","12":"instock","13":"shipping-taxable","14":"purchasable","15":"product-type-simple"},"_links":{"self":[{"href":"https:\/\/garrafeiragrandeescolha.pt\/fr\/wp-json\/wp\/v2\/product\/12522","targetHints":{"allow":["GET"]}}],"collection":[{"href":"https:\/\/garrafeiragrandeescolha.pt\/fr\/wp-json\/wp\/v2\/product"}],"about":[{"href":"https:\/\/garrafeiragrandeescolha.pt\/fr\/wp-json\/wp\/v2\/types\/product"}],"wp:featuredmedia":[{"embeddable":true,"href":"https:\/\/garrafeiragrandeescolha.pt\/fr\/wp-json\/wp\/v2\/media\/1182"}],"wp:attachment":[{"href":"https:\/\/garrafeiragrandeescolha.pt\/fr\/wp-json\/wp\/v2\/media?parent=12522"}],"wp:term":[{"taxonomy":"product_brand","embeddable":true,"href":"https:\/\/garrafeiragrandeescolha.pt\/fr\/wp-json\/wp\/v2\/product_brand?post=12522"},{"taxonomy":"product_cat","embeddable":true,"href":"https:\/\/garrafeiragrandeescolha.pt\/fr\/wp-json\/wp\/v2\/product_cat?post=12522"},{"taxonomy":"product_tag","embeddable":true,"href":"https:\/\/garrafeiragrandeescolha.pt\/fr\/wp-json\/wp\/v2\/product_tag?post=12522"}],"curies":[{"name":"wp","href":"https:\/\/api.w.org\/{rel}","templated":true}]}}