{"id":12533,"date":"2020-03-24T23:43:44","date_gmt":"2020-03-24T23:43:44","guid":{"rendered":"http:\/\/garrafeiragrandeescolha.pt\/?post_type=product&#038;p=12533"},"modified":"2025-07-18T18:13:32","modified_gmt":"2025-07-18T18:13:32","slug":"quinta-de-gomariz-espadeiro-75-cl","status":"publish","type":"product","link":"https:\/\/garrafeiragrandeescolha.pt\/fr\/produit\/quinta-de-gomariz-espadeiro-75-cl\/","title":{"rendered":"Quinta de Gomariz Espadeiro 75cl"},"content":{"rendered":"<p><img decoding=\"async\" class=\"aligncenter\" src=\"http:\/\/garrafeiragrandeescolha.pt\/wp-content\/uploads\/2020\/03\/gomariz-logo.png\" \/><\/p>\n<p>Quinta de Gomariz est situ\u00e9e dans la sous-r\u00e9gion de Vale do Ave, au c\u0153ur de la r\u00e9gion de Vinhos Verdes, entre les villes de Porto et Braga. Ayant aujourd&#039;hui une superficie d&#039;environ 17 hectares, ses vignobles pr\u00e9sentent d&#039;excellentes caract\u00e9ristiques pour la production d&#039;un Vinho Verde de la plus haute qualit\u00e9.<\/p>\n<p>La recherche et l&#039;innovation sont nos principales alli\u00e9es pour produire des vins d&#039;excellente qualit\u00e9, reconnus ann\u00e9e apr\u00e8s ann\u00e9e au niveau national et international.<\/p>\n<p>Dans un b\u00e2timent construit de toutes pi\u00e8ces, la Cave est n\u00e9e, dans le but d&#039;h\u00e9berger la \u00ab Nouvelle G\u00e9n\u00e9ration de Vinhos Verdes \u00bb. Une construction polyvalente et fonctionnelle, o\u00f9 la technologie la plus moderne est utilis\u00e9e, dans laquelle la recherche et l&#039;innovation continues sont les principaux alli\u00e9s, pour cr\u00e9er un vin au profil unique et avant-gardiste.<\/p>\n<p>Exposant l&#039;ensemble de la zone \u00e0 l&#039;influence de l&#039;oc\u00e9an Atlantique, ph\u00e9nom\u00e8ne renforc\u00e9 par l&#039;orientation des vall\u00e9es des principaux fleuves, qui s&#039;\u00e9tendant d&#039;est en ouest facilitent la p\u00e9n\u00e9tration des vents marins.<\/p>\n<p>L\u2019actuelle r\u00e9gion d\u00e9limit\u00e9e du Vinho Verde s\u2019\u00e9tend sur tout le nord-ouest du pays. Ses limites au nord sont le fleuve Minho (fronti\u00e8re avec la Galice), \u00e0 l&#039;est et au sud des zones montagneuses qui constituent la s\u00e9paration naturelle entre l&#039;Entre-Douro-e-Minho-Atl\u00e2ntico et les zones int\u00e9rieures du pays aux caract\u00e9ristiques plus m\u00e9diterran\u00e9ennes, et enfin l&#039;oc\u00e9an Atlantique, qui constitue sa limite occidentale.<\/p>","protected":false},"excerpt":{"rendered":"<p>Unicamente da casta Espadeiro, \u00e9 um vinho com tonalidades salmonadas, aroma vivo e sedutor, com presen\u00e7a de notas florais e frutas silvestres,<br \/>\nrevelando na boca todo o seu esplendor.<\/p>\n<p>A sua frescura e eleg\u00e2ncia \u00e9 ideal para acompanhar saladas, peixe, carnes brancas ou pratos de ca\u00e7a.<\/p>","protected":false},"featured_media":1219,"template":"","meta":{"_exactmetrics_skip_tracking":false,"_exactmetrics_sitenote_active":false,"_exactmetrics_sitenote_note":"","_exactmetrics_sitenote_category":0,"_uf_show_specific_survey":0,"_uf_disable_surveys":false,"iawp_total_views":18},"product_brand":[],"product_cat":[157,206,186],"product_tag":[],"class_list":{"0":"post-12533","1":"product","2":"type-product","3":"status-publish","4":"has-post-thumbnail","6":"product_cat-vinhos","7":"product_cat-vinhos-verdes","8":"product_cat-rose","10":"first","11":"instock","12":"shipping-taxable","13":"purchasable","14":"product-type-simple"},"_links":{"self":[{"href":"https:\/\/garrafeiragrandeescolha.pt\/fr\/wp-json\/wp\/v2\/product\/12533","targetHints":{"allow":["GET"]}}],"collection":[{"href":"https:\/\/garrafeiragrandeescolha.pt\/fr\/wp-json\/wp\/v2\/product"}],"about":[{"href":"https:\/\/garrafeiragrandeescolha.pt\/fr\/wp-json\/wp\/v2\/types\/product"}],"wp:featuredmedia":[{"embeddable":true,"href":"https:\/\/garrafeiragrandeescolha.pt\/fr\/wp-json\/wp\/v2\/media\/1219"}],"wp:attachment":[{"href":"https:\/\/garrafeiragrandeescolha.pt\/fr\/wp-json\/wp\/v2\/media?parent=12533"}],"wp:term":[{"taxonomy":"product_brand","embeddable":true,"href":"https:\/\/garrafeiragrandeescolha.pt\/fr\/wp-json\/wp\/v2\/product_brand?post=12533"},{"taxonomy":"product_cat","embeddable":true,"href":"https:\/\/garrafeiragrandeescolha.pt\/fr\/wp-json\/wp\/v2\/product_cat?post=12533"},{"taxonomy":"product_tag","embeddable":true,"href":"https:\/\/garrafeiragrandeescolha.pt\/fr\/wp-json\/wp\/v2\/product_tag?post=12533"}],"curies":[{"name":"wp","href":"https:\/\/api.w.org\/{rel}","templated":true}]}}