{"id":12554,"date":"2020-03-25T10:09:42","date_gmt":"2020-03-25T10:09:42","guid":{"rendered":"http:\/\/garrafeiragrandeescolha.pt\/?post_type=product&#038;p=12554"},"modified":"2024-03-23T10:56:43","modified_gmt":"2024-03-23T10:56:43","slug":"quinta-dona-doroteia-reserva-tinto-75cl","status":"publish","type":"product","link":"https:\/\/garrafeiragrandeescolha.pt\/fr\/produit\/quinta-dona-doroteia-reserva-tinto-75cl\/","title":{"rendered":"Quinta Dona Doroteia Reserva Tinto 2018 75cl"},"content":{"rendered":"<p><img fetchpriority=\"high\" decoding=\"async\" class=\"size-medium wp-image-15443 aligncenter\" src=\"http:\/\/garrafeiragrandeescolha.pt\/wp-content\/uploads\/2022\/02\/quinta-dona-doroteia-logo-300x182.png\" alt=\"\" width=\"300\" height=\"182\" srcset=\"https:\/\/garrafeiragrandeescolha.pt\/wp-content\/uploads\/2022\/02\/quinta-dona-doroteia-logo-300x182.png 300w, https:\/\/garrafeiragrandeescolha.pt\/wp-content\/uploads\/2022\/02\/quinta-dona-doroteia-logo.png 347w\" sizes=\"(max-width: 300px) 100vw, 300px\" \/><\/p>\n<p>Situ\u00e9e sur la rive droite de la rivi\u00e8re Torto, affluent du fleuve Douro, entre Pinh\u00e3o et Ervedosa do Douro, Quinta Dona Doroteia est une propri\u00e9t\u00e9 de 3 hectares, dont 25 sont occup\u00e9s par d&#039;anciennes vignes et le reste par de nouvelles vignes et oliveraies. des arbres. . Actuellement, la cave Quinta Dona Doroteia a une superficie de 1 200 m\u00e8tres carr\u00e9s de stockage et de stockage du vin, avec une capacit\u00e9 de 250 000 litres (333 000 bouteilles) de vin, distribu\u00e9s en Vins de Porto et Vins du Douro. Ces derni\u00e8res ann\u00e9es, quelques propri\u00e9t\u00e9s suppl\u00e9mentaires ont \u00e9t\u00e9 acquises dans la zone d\u00e9limit\u00e9e du Douro, ce qui a permis d&#039;augmenter la production de vins en bouteille : Quinta Vale do Malh\u00f4, Quinta das Testemunhas, Quinta da Corceira et Quinta do Reboredo, couvrant une superficie totale de production de 100 hectares.<\/p>","protected":false},"excerpt":{"rendered":"<p>Localizada na margem direita do rio Torto, um afluente do rio Douro, entre o Pinh\u00e3o e a Ervedosa do Douro, a Quinta Dona Doroteia \u00e9 uma propriedade de 3 hectares, dos quais 25 s\u00e3o ocupados por vinhas velhas e o restante por novas esposas e oliveiras. Atualmente, a vin\u00edcola Quinta Dona Doroteia possui uma \u00e1rea [&hellip;]<\/p>","protected":false},"featured_media":1301,"template":"","meta":{"_exactmetrics_skip_tracking":false,"_exactmetrics_sitenote_active":false,"_exactmetrics_sitenote_note":"","_exactmetrics_sitenote_category":0,"_uf_show_specific_survey":0,"_uf_disable_surveys":false,"iawp_total_views":156},"product_brand":[],"product_cat":[162,157,184,215],"product_tag":[],"class_list":{"0":"post-12554","1":"product","2":"type-product","3":"status-publish","4":"has-post-thumbnail","6":"product_cat-raridades","7":"product_cat-vinhos","8":"product_cat-tinto","9":"product_cat-douro","11":"first","12":"instock","13":"shipping-taxable","14":"purchasable","15":"product-type-simple"},"_links":{"self":[{"href":"https:\/\/garrafeiragrandeescolha.pt\/fr\/wp-json\/wp\/v2\/product\/12554","targetHints":{"allow":["GET"]}}],"collection":[{"href":"https:\/\/garrafeiragrandeescolha.pt\/fr\/wp-json\/wp\/v2\/product"}],"about":[{"href":"https:\/\/garrafeiragrandeescolha.pt\/fr\/wp-json\/wp\/v2\/types\/product"}],"wp:featuredmedia":[{"embeddable":true,"href":"https:\/\/garrafeiragrandeescolha.pt\/fr\/wp-json\/wp\/v2\/media\/1301"}],"wp:attachment":[{"href":"https:\/\/garrafeiragrandeescolha.pt\/fr\/wp-json\/wp\/v2\/media?parent=12554"}],"wp:term":[{"taxonomy":"product_brand","embeddable":true,"href":"https:\/\/garrafeiragrandeescolha.pt\/fr\/wp-json\/wp\/v2\/product_brand?post=12554"},{"taxonomy":"product_cat","embeddable":true,"href":"https:\/\/garrafeiragrandeescolha.pt\/fr\/wp-json\/wp\/v2\/product_cat?post=12554"},{"taxonomy":"product_tag","embeddable":true,"href":"https:\/\/garrafeiragrandeescolha.pt\/fr\/wp-json\/wp\/v2\/product_tag?post=12554"}],"curies":[{"name":"wp","href":"https:\/\/api.w.org\/{rel}","templated":true}]}}