{"id":12565,"date":"2020-03-25T10:51:47","date_gmt":"2020-03-25T10:51:47","guid":{"rendered":"http:\/\/garrafeiragrandeescolha.pt\/?post_type=product&#038;p=12565"},"modified":"2025-10-31T15:00:09","modified_gmt":"2025-10-31T15:00:09","slug":"quinta-dos-castelares-grande-reserva-tinto","status":"publish","type":"product","link":"https:\/\/garrafeiragrandeescolha.pt\/fr\/produit\/quinta-dos-castelares-grande-reserva-tinto\/","title":{"rendered":"Quinta dos Castelares Grande Reserva Tinto 2020 75cl"},"content":{"rendered":"<p><img fetchpriority=\"high\" decoding=\"async\" class=\"size-medium wp-image-15434 aligncenter\" src=\"http:\/\/garrafeiragrandeescolha.pt\/wp-content\/uploads\/2022\/02\/Qta-Castelares-Logo-01-1280x720-1-300x169.png\" alt=\"\" width=\"300\" height=\"169\" srcset=\"https:\/\/garrafeiragrandeescolha.pt\/wp-content\/uploads\/2022\/02\/Qta-Castelares-Logo-01-1280x720-1-300x169.png 300w, https:\/\/garrafeiragrandeescolha.pt\/wp-content\/uploads\/2022\/02\/Qta-Castelares-Logo-01-1280x720-1-1024x576.png 1024w, https:\/\/garrafeiragrandeescolha.pt\/wp-content\/uploads\/2022\/02\/Qta-Castelares-Logo-01-1280x720-1-768x432.png 768w, https:\/\/garrafeiragrandeescolha.pt\/wp-content\/uploads\/2022\/02\/Qta-Castelares-Logo-01-1280x720-1-600x338.png 600w, https:\/\/garrafeiragrandeescolha.pt\/wp-content\/uploads\/2022\/02\/Qta-Castelares-Logo-01-1280x720-1.png 1280w\" sizes=\"(max-width: 300px) 100vw, 300px\" \/><\/p>\n<p>\u00c0 Freixo de Espada \u00e0 Cinta, en 1953<strong><em>\u00a0<\/em><\/strong>Naissance de Manuel Joaquim Caldeira. Fils d&#039;agriculteurs, d\u00e9di\u00e9 \u00e0 la terre et \u00e0 la culture. Un fils de la terre qui a d\u00e9cid\u00e9 de ne jamais abandonner Freixo de Espada \u00e0 Cinta. D\u00e8s son plus jeune \u00e2ge, il a commenc\u00e9 son activit\u00e9 dans le secteur commercial, r\u00e9ussissant \u00e0 acheter et \u00e0 planter son premier vignoble \u00e0 seulement 25 ans. Un r\u00eave d\u2019enfant qui s\u2019est d\u00e9velopp\u00e9 jusqu\u2019\u00e0 aujourd\u2019hui. Il est actuellement l&#039;un des plus grands ambassadeurs du village le plus manu\u00e9lin du Portugal, employant plusieurs familles dans ses entreprises. Avec la d\u00e9termination et l&#039;humilit\u00e9 d&#039;un enfant, Manuel Caldeira, p\u00e8re de 2 enfants, apr\u00e8s plusieurs ann\u00e9es li\u00e9es \u00e0 la plus grande coop\u00e9rative de la r\u00e9gion, a d\u00e9cid\u00e9 en 2015 de construire sa premi\u00e8re cave. C&#039;est ainsi qu&#039;est n\u00e9 le projet Quinta dos Castelares !<\/p>\n<div class=\"wpb_text_column wpb_content_element\">\n<div class=\"wpb_wrapper\">\n<p>&nbsp;<\/p>\n<\/div>\n<\/div>","protected":false},"excerpt":{"rendered":"<div class=\"wpb_text_column wpb_content_element\">\n<div class=\"wpb_wrapper\">\n<p>Vin rouge au caract\u00e8re Freixenista du Douro Sup\u00e9rieur. Ar\u00f4me cors\u00e9, complexe, concentr\u00e9 et tr\u00e8s \u00e9l\u00e9gant.<\/p>\n<\/div>\n<\/div>\n<div class=\"vc_separator wpb_content_element vc_separator_align_center vc_sep_width_50 vc_sep_pos_align_left vc_separator_no_text vc_sep_color_grey\">\u00c9LEVAGE : 18 mois en f\u00fbts de ch\u00eane fran\u00e7ais (2\/3) et am\u00e9ricain (1\/3).<\/div>","protected":false},"featured_media":1324,"template":"","meta":{"_exactmetrics_skip_tracking":false,"_exactmetrics_sitenote_active":false,"_exactmetrics_sitenote_note":"","_exactmetrics_sitenote_category":0,"_uf_show_specific_survey":0,"_uf_disable_surveys":false,"iawp_total_views":32},"product_brand":[],"product_cat":[215,184,157],"product_tag":[],"class_list":{"0":"post-12565","1":"product","2":"type-product","3":"status-publish","4":"has-post-thumbnail","6":"product_cat-douro","7":"product_cat-tinto","8":"product_cat-vinhos","10":"first","11":"instock","12":"shipping-taxable","13":"purchasable","14":"product-type-simple"},"_links":{"self":[{"href":"https:\/\/garrafeiragrandeescolha.pt\/fr\/wp-json\/wp\/v2\/product\/12565","targetHints":{"allow":["GET"]}}],"collection":[{"href":"https:\/\/garrafeiragrandeescolha.pt\/fr\/wp-json\/wp\/v2\/product"}],"about":[{"href":"https:\/\/garrafeiragrandeescolha.pt\/fr\/wp-json\/wp\/v2\/types\/product"}],"wp:featuredmedia":[{"embeddable":true,"href":"https:\/\/garrafeiragrandeescolha.pt\/fr\/wp-json\/wp\/v2\/media\/1324"}],"wp:attachment":[{"href":"https:\/\/garrafeiragrandeescolha.pt\/fr\/wp-json\/wp\/v2\/media?parent=12565"}],"wp:term":[{"taxonomy":"product_brand","embeddable":true,"href":"https:\/\/garrafeiragrandeescolha.pt\/fr\/wp-json\/wp\/v2\/product_brand?post=12565"},{"taxonomy":"product_cat","embeddable":true,"href":"https:\/\/garrafeiragrandeescolha.pt\/fr\/wp-json\/wp\/v2\/product_cat?post=12565"},{"taxonomy":"product_tag","embeddable":true,"href":"https:\/\/garrafeiragrandeescolha.pt\/fr\/wp-json\/wp\/v2\/product_tag?post=12565"}],"curies":[{"name":"wp","href":"https:\/\/api.w.org\/{rel}","templated":true}]}}