{"id":12583,"date":"2020-03-25T12:21:26","date_gmt":"2020-03-25T12:21:26","guid":{"rendered":"http:\/\/garrafeiragrandeescolha.pt\/?post_type=product&#038;p=12583"},"modified":"2025-09-11T15:39:19","modified_gmt":"2025-09-11T15:39:19","slug":"redoma-rose-75cl","status":"publish","type":"product","link":"https:\/\/garrafeiragrandeescolha.pt\/fr\/produit\/redoma-rose-75cl\/","title":{"rendered":"Niepoort Redoma Ros\u00e9 2023 75cl"},"content":{"rendered":"<p><img fetchpriority=\"high\" decoding=\"async\" class=\"wp-image-8636 aligncenter\" src=\"https:\/\/garrafeiragrandeescolha.pt\/wp-content\/uploads\/2020\/03\/niepoort-logo.jpg\" alt=\"\" width=\"405\" height=\"228\" \/><\/p>\n<p>Entreprise familiale ind\u00e9pendante depuis plus d&#039;un si\u00e8cle et demi ; Cinq g\u00e9n\u00e9rations se sont succ\u00e9d\u00e9es \u00e0 la t\u00eate de Niepoort depuis que Franciscus Marius Niepoort a fond\u00e9 l&#039;entreprise en 1842. Presque toujours, deux g\u00e9n\u00e9rations ont travaill\u00e9 c\u00f4te \u00e0 c\u00f4te pendant de nombreuses ann\u00e9es, contribuant ainsi \u00e0 une transition r\u00e9ussie. En ce moment, nous regardons avec enthousiasme la future sixi\u00e8me g\u00e9n\u00e9ration, en attendant une \u00e9troite collaboration.<\/p>\n<div class=\"post grid-9\">\n<div class=\"post-text\">\n<p>La cinqui\u00e8me g\u00e9n\u00e9ration : Eduard Dirk Niepoort et Verena Niepoort. Dirk est \u00e0 la t\u00eate de l&#039;entreprise depuis le d\u00e9part \u00e0 la retraite d&#039;Eduard Rudolph Niepoort en 2005. Dirk, n\u00e9 en 1964, a d\u00e9couvert le monde du vin lors de ses \u00e9tudes en Suisse. En 1987, Dirk rejoint son p\u00e8re, Rolf Niepoort, dans l&#039;entreprise familiale et se voit relever le d\u00e9fi d&#039;innover tout en pr\u00e9servant les bonnes traditions. La premi\u00e8re \u00e9tape importante a \u00e9t\u00e9 l&#039;acquisition de nos propres vignobles : Quinta de N\u00e1poles et Quinta do Carril \u00e0 Cima Corgo, une r\u00e9gion qui produit traditionnellement les meilleurs vins de Porto. 15 hectares de vignes ont \u00e9t\u00e9 replant\u00e9s et 10 hectares de vignes de 60 ans ont \u00e9t\u00e9 soigneusement entretenus. Poss\u00e9der des Quintas et des vignobles dans le Douro a \u00e9t\u00e9 une \u00e9tape importante vers la production de vin de Porto et la cr\u00e9ation des premiers vins Niepoort non fortifi\u00e9s. La passion de Dirk pour les vins, son humble respect et sa curiosit\u00e9 pour le terroir du Douro ont d\u00e9fini l&#039;esprit de Niepoort au cours des deux derni\u00e8res d\u00e9cennies et sont une inspiration constante pour l&#039;\u00e9quipe. Verena, la s\u0153ur de Dirk, a rejoint l&#039;entreprise en tant que directrice ex\u00e9cutive en 2005.<\/p>\n<p>La quatri\u00e8me g\u00e9n\u00e9ration : Eduard Rudolf van der Niepoort. Rolf est n\u00e9 en mars 1927. Il s&#039;int\u00e9resse depuis son plus jeune \u00e2ge \u00e0 la m\u00e9canique, mais il poss\u00e8de \u00e9galement un bon sens des affaires. En 1950, il rejoint son p\u00e8re, Eduard, dans l&#039;entreprise familiale. Son exp\u00e9rience a \u00e9t\u00e9 un compl\u00e9ment pr\u00e9cieux et il a su surmonter une p\u00e9riode difficile d&#039;un point de vue financier. Rolf s&#039;int\u00e9ressait aux relations commerciales et humaines \u00e0 l&#039;int\u00e9rieur et \u00e0 l&#039;ext\u00e9rieur de l&#039;entreprise et se montrait conservateur en mati\u00e8re de production de vin. Rolf se souvient avec nostalgie de la production d&#039;un Porto Vintage, celui des ann\u00e9es 1970, comme s&#039;il s&#039;agissait de sa propre cr\u00e9ation, du d\u00e9but \u00e0 la fin. Actuellement, il est consid\u00e9r\u00e9 comme l&#039;un des plus grands ports de Niepoort. Comme tous les membres de la famille Niepoort, c&#039;est un grand collectionneur : de voitures anciennes, d&#039;antiquit\u00e9s et surtout d&#039;armes portugaises.<\/p>\n<p>La troisi\u00e8me g\u00e9n\u00e9ration : Eduard Marius Niepoort. Eduard est n\u00e9 le 14 septembre 1890 \u00e0 Porto. Il \u00e9tait extr\u00eamement comp\u00e9tent et un scientifique n\u00e9. En 1912, \u00e0 la suite du d\u00e9c\u00e8s de son p\u00e8re, Eduard Marius Niepoort est contraint de rejoindre l&#039;entreprise familiale. Rolf Niepoort, son fils, se souvient de son p\u00e8re comme d&#039;une personne \u00ab\u00a0int\u00e9ress\u00e9e par plusieurs domaines, comme la chimie, la physique et la m\u00e9canique, et un homme dot\u00e9 d&#039;un bon sens de l&#039;humour\u00a0\u00bb. Selon les mots d&#039;Elisabete, qui travaillait avec lui, d\u00e9j\u00e0 li\u00e9e \u00e0 l&#039;\u00e9poque au domaine administratif, il \u00e9tait une v\u00e9ritable \u00ab ic\u00f4ne de l&#039;intelligence \u00bb, une personne int\u00e8gre et tr\u00e8s r\u00e9fl\u00e9chie dans les d\u00e9cisions qu&#039;il prenait. Eduard Marius a quitt\u00e9 l&#039;entreprise en tant qu&#039;associ\u00e9 actif en 1980 et s&#039;est consacr\u00e9 \u00e0 ses nombreux passe-temps et collections. Eduard Marius Niepoort est d\u00e9c\u00e9d\u00e9 \u00e0 l&#039;\u00e2ge de 91 ans (le 3 juin 1982). Ses petits-enfants, Dirk et Verena, se souviennent de sa s\u00e9v\u00e9rit\u00e9 \u00e0 l&#039;\u00e9gard de ses \u00e9tudes et gardent le souvenir d&#039;un grand-p\u00e8re aux collections infinies de livres, de timbres, de pi\u00e8ces de monnaie et de billets de train !<\/p>\n<p>La deuxi\u00e8me g\u00e9n\u00e9ration : Eduard Karel Jackob. Eduard Jackob est n\u00e9 en 1848, \u00e0 Porto. Niepoort \u00e9tait d\u00e9j\u00e0 une entreprise prosp\u00e8re lorsqu&#039;Eduard Karel reprit l&#039;entreprise familiale et poursuivit l&#039;\u0153uvre de son pr\u00e9d\u00e9cesseur.<\/p>\n<p>La premi\u00e8re g\u00e9n\u00e9ration : Franciscus Marius van der Niepoort. Le fondateur, Franciscus, est n\u00e9 en 1813, \u00e0 Hilversum, aux Pays-Bas. Il \u00e9pousa Francisca Louisa Elisabeth Ehlers. Franciscus Marius est venu au Portugal pour cr\u00e9er la soci\u00e9t\u00e9 Niepoort, producteur de Porto. Il a fond\u00e9 l&#039;entreprise en tant que vendeur \u00e0 Porto, sans poss\u00e9der de terres ni de vignobles. Il \u00e9tait avant tout un n\u00e9gociant en vin de Porto. Il mourut \u00e0 Porto le 7 mars 1887.<\/p>\n<p>L\u2019art du Master Blender s\u2019est \u00e9galement transmis de g\u00e9n\u00e9ration en g\u00e9n\u00e9ration. Jos\u00e9 Nogueira \u00e9tait le quatri\u00e8me de sa famille \u00e0 exercer son art \u00e0 Niepoort, apr\u00e8s avoir travaill\u00e9 dans l&#039;entreprise pendant plus de 50 ans. Son fils Jos\u00e9 Rodrigo a rejoint l&#039;\u00e9quipe en septembre 2006 et a travaill\u00e9 ensemble jusqu&#039;en 2011 et constitue actuellement la cinqui\u00e8me g\u00e9n\u00e9ration de la famille Nogueira.<\/p>\n<\/div>\n<\/div>\n<div class=\"post grid-9\">\n<div class=\"post-text\">\n<p>En 2010, Niepoort a c\u00e9l\u00e9br\u00e9 avec sa famille les \u00ab 50 ans \u00e0 la maison \u00bb du Ma\u00eetre Assembleur Jos\u00e9 Nogueira.<\/p>\n<\/div>\n<\/div>","protected":false},"excerpt":{"rendered":"<p>CASTAS: Tinta Amarela, Touriga Franca e outras<\/p>\n<p>A Niepoort lan\u00e7ou o seu primeiro ros\u00e9 em 1999 e cada vez mais os vinhos ros\u00e9s suscitam grandes paix\u00f5es, sendo esta uma das raz\u00f5es por que Dirk Niepoort persiste em fazer o seu Redoma: um ros\u00e9 do Douro com um car\u00e1cter muito pr\u00f3prio. Contrariamente ao t\u00edpico processo de vinifica\u00e7\u00e3o do ros\u00e9, o Redoma Ros\u00e9 \u00e9 fermentado em barricas novas de carvalho franc\u00eas depois de ser obtido o mosto de gota. Muito vivo e elegante no nariz, com fruta vermelha e especiarias, com tosta de madeira muito bem integrada. Grande frescura e comprimento, com volume e boa estrutura, mostrando bem a complexidade de vinhedos mais velhos. Sem d\u00favida, um ros\u00e9 com muitos atributos para a boa mesa.<\/p>","protected":false},"featured_media":20162,"template":"","meta":{"_exactmetrics_skip_tracking":false,"_exactmetrics_sitenote_active":false,"_exactmetrics_sitenote_note":"","_exactmetrics_sitenote_category":0,"_uf_show_specific_survey":0,"_uf_disable_surveys":false,"iawp_total_views":1},"product_brand":[],"product_cat":[157,186],"product_tag":[],"class_list":{"0":"post-12583","1":"product","2":"type-product","3":"status-publish","4":"has-post-thumbnail","6":"product_cat-vinhos","7":"product_cat-rose","9":"first","10":"instock","11":"shipping-taxable","12":"purchasable","13":"product-type-simple"},"_links":{"self":[{"href":"https:\/\/garrafeiragrandeescolha.pt\/fr\/wp-json\/wp\/v2\/product\/12583","targetHints":{"allow":["GET"]}}],"collection":[{"href":"https:\/\/garrafeiragrandeescolha.pt\/fr\/wp-json\/wp\/v2\/product"}],"about":[{"href":"https:\/\/garrafeiragrandeescolha.pt\/fr\/wp-json\/wp\/v2\/types\/product"}],"wp:featuredmedia":[{"embeddable":true,"href":"https:\/\/garrafeiragrandeescolha.pt\/fr\/wp-json\/wp\/v2\/media\/20162"}],"wp:attachment":[{"href":"https:\/\/garrafeiragrandeescolha.pt\/fr\/wp-json\/wp\/v2\/media?parent=12583"}],"wp:term":[{"taxonomy":"product_brand","embeddable":true,"href":"https:\/\/garrafeiragrandeescolha.pt\/fr\/wp-json\/wp\/v2\/product_brand?post=12583"},{"taxonomy":"product_cat","embeddable":true,"href":"https:\/\/garrafeiragrandeescolha.pt\/fr\/wp-json\/wp\/v2\/product_cat?post=12583"},{"taxonomy":"product_tag","embeddable":true,"href":"https:\/\/garrafeiragrandeescolha.pt\/fr\/wp-json\/wp\/v2\/product_tag?post=12583"}],"curies":[{"name":"wp","href":"https:\/\/api.w.org\/{rel}","templated":true}]}}