{"id":12598,"date":"2020-03-25T19:04:40","date_gmt":"2020-03-25T19:04:40","guid":{"rendered":"http:\/\/garrafeiragrandeescolha.pt\/?post_type=product&#038;p=12598"},"modified":"2022-01-22T16:24:37","modified_gmt":"2022-01-22T16:24:37","slug":"terra-a-terra-reserva-tinto-75cl","status":"publish","type":"product","link":"https:\/\/garrafeiragrandeescolha.pt\/fr\/produit\/terra-a-terra-reserva-tinto-75cl\/","title":{"rendered":"Terra a Terra Reserva Tinto 75cl"},"content":{"rendered":"<p><strong>Colheita 2011<\/strong><br \/>\n2015 \u2013 Wine Spectator (90\/100)<br \/>\n2015 \u2013 International Wine Challenge (medalha de ouro)<br \/>\n2016 \u2013 Wine &amp; Spirits (91\/100)<\/p>\n<p><strong>Colheita 2014<\/strong><br \/>\n2016 \u2013 International Wine Challenge (medalha de bronze)<br \/>\n2018 \u2013 Revista Grandes Escolhas (17\/20)<br \/>\n2018 \u2013 Wine Advocat Robert Parker (90\/100)<\/p>","protected":false},"excerpt":{"rendered":"<p>F\u00e3 de pratos de ca\u00e7a? Ent\u00e3o encontrou o seu par ideal. No Terra a Terra Reserva encontrar\u00e1 o necess\u00e1rio para uma harmoniza\u00e7\u00e3o perfeita com pratos como perdiz assada ou um belo prato de javali.<\/p>","protected":false},"featured_media":1413,"template":"","meta":{"_exactmetrics_skip_tracking":false,"_exactmetrics_sitenote_active":false,"_exactmetrics_sitenote_note":"","_exactmetrics_sitenote_category":0,"_uf_show_specific_survey":0,"_uf_disable_surveys":false,"iawp_total_views":14},"product_brand":[],"product_cat":[157,184,215],"product_tag":[],"class_list":{"0":"post-12598","1":"product","2":"type-product","3":"status-publish","4":"has-post-thumbnail","6":"product_cat-vinhos","7":"product_cat-tinto","8":"product_cat-douro","10":"first","11":"instock","12":"shipping-taxable","13":"purchasable","14":"product-type-simple"},"_links":{"self":[{"href":"https:\/\/garrafeiragrandeescolha.pt\/fr\/wp-json\/wp\/v2\/product\/12598","targetHints":{"allow":["GET"]}}],"collection":[{"href":"https:\/\/garrafeiragrandeescolha.pt\/fr\/wp-json\/wp\/v2\/product"}],"about":[{"href":"https:\/\/garrafeiragrandeescolha.pt\/fr\/wp-json\/wp\/v2\/types\/product"}],"wp:featuredmedia":[{"embeddable":true,"href":"https:\/\/garrafeiragrandeescolha.pt\/fr\/wp-json\/wp\/v2\/media\/1413"}],"wp:attachment":[{"href":"https:\/\/garrafeiragrandeescolha.pt\/fr\/wp-json\/wp\/v2\/media?parent=12598"}],"wp:term":[{"taxonomy":"product_brand","embeddable":true,"href":"https:\/\/garrafeiragrandeescolha.pt\/fr\/wp-json\/wp\/v2\/product_brand?post=12598"},{"taxonomy":"product_cat","embeddable":true,"href":"https:\/\/garrafeiragrandeescolha.pt\/fr\/wp-json\/wp\/v2\/product_cat?post=12598"},{"taxonomy":"product_tag","embeddable":true,"href":"https:\/\/garrafeiragrandeescolha.pt\/fr\/wp-json\/wp\/v2\/product_tag?post=12598"}],"curies":[{"name":"wp","href":"https:\/\/api.w.org\/{rel}","templated":true}]}}