{"id":12611,"date":"2020-03-25T21:36:23","date_gmt":"2020-03-25T21:36:23","guid":{"rendered":"http:\/\/garrafeiragrandeescolha.pt\/?post_type=product&#038;p=12611"},"modified":"2025-11-22T16:10:14","modified_gmt":"2025-11-22T16:10:14","slug":"valle-pradinhos-branco","status":"publish","type":"product","link":"https:\/\/garrafeiragrandeescolha.pt\/fr\/produit\/valle-pradinhos-branco\/","title":{"rendered":"Valle Pradinhos Branco 2024 75cl"},"content":{"rendered":"<p><img decoding=\"async\" class=\"size-medium wp-image-16521 aligncenter\" src=\"http:\/\/garrafeiragrandeescolha.pt\/wp-content\/uploads\/2020\/03\/valle-pradinhos-logo-300x120.jpg\" alt=\"\" width=\"300\" height=\"120\" srcset=\"https:\/\/garrafeiragrandeescolha.pt\/wp-content\/uploads\/2020\/03\/valle-pradinhos-logo-300x120.jpg 300w, https:\/\/garrafeiragrandeescolha.pt\/wp-content\/uploads\/2020\/03\/valle-pradinhos-logo-18x7.jpg 18w, https:\/\/garrafeiragrandeescolha.pt\/wp-content\/uploads\/2020\/03\/valle-pradinhos-logo.jpg 354w\" sizes=\"(max-width: 300px) 100vw, 300px\" \/><\/p>\n<p>O Casal de Vale Pradinhos \u00e9 uma explora\u00e7\u00e3o agr\u00edcola com 450 ha., estabelecida em 1913 e propriedade da fam\u00edlia Pinto de Azevedo desde ent\u00e3o. Os vinhos aqui produzidos s\u00e3o uma combina\u00e7\u00e3o de castas ind\u00edgenas como a Touriga Nacional, Tinta Roriz, Tinta Amarela e Malvasia Fina, e reputadas castas internacionais, nomeadamente Cabernet Sauvignon, Gew\u00fcrztraminer e Riesling.<br \/>\nMaria Ant\u00f3nia Pinto de Azevedo Mascarenhas, bisneta do fundador Manoel Pinto de Azevedo, \u00e9 a actual propriet\u00e1ria do Casal de Vale Pradinhos. Tem vindo a implementar a sua vis\u00e3o nos vinhos que aqui se vinificam desde que assumiu o controlo da propriedade em 1994. A sua filha, Maria, ser\u00e1 a 4\u00aa gera\u00e7\u00e3o de mulheres directamente envolvidas na gest\u00e3o da propriedade.<br \/>\nUm terroir do Velho Mundo e uma equipa enol\u00f3gica entusiasta s\u00e3o a combina\u00e7\u00e3o perfeita para a produ\u00e7\u00e3o de vinhos portugueses de classe mundial.<\/p>","protected":false},"excerpt":{"rendered":"<p>Combina\u00e7\u00e3o invulgar entre as castas alsacianas Riesling e Gew\u00fcrztraminer com a transmontana Malvasia Fina.<\/p>\n<p>Muito elegante, conjugando intensidade e complexidade. Sobressaem os aromas florais (p\u00e9talas de rosa, flores amarelas) e tropicais (abacaxi, manga) seguidos dos aromas a frutos citrinos (lima e toranja). Ligeiras notas minerais conferem delicadeza ao conjunto.<\/p>","protected":false},"featured_media":1446,"template":"","meta":{"_exactmetrics_skip_tracking":false,"_exactmetrics_sitenote_active":false,"_exactmetrics_sitenote_note":"","_exactmetrics_sitenote_category":0,"_uf_show_specific_survey":0,"_uf_disable_surveys":false,"iawp_total_views":17},"product_brand":[],"product_cat":[185,201,194,157],"product_tag":[],"class_list":{"0":"post-12611","1":"product","2":"type-product","3":"status-publish","4":"has-post-thumbnail","6":"product_cat-branco","7":"product_cat-grandes-vinhos","8":"product_cat-tras-os-montes-branco","9":"product_cat-vinhos","11":"first","12":"instock","13":"shipping-taxable","14":"purchasable","15":"product-type-simple"},"_links":{"self":[{"href":"https:\/\/garrafeiragrandeescolha.pt\/fr\/wp-json\/wp\/v2\/product\/12611","targetHints":{"allow":["GET"]}}],"collection":[{"href":"https:\/\/garrafeiragrandeescolha.pt\/fr\/wp-json\/wp\/v2\/product"}],"about":[{"href":"https:\/\/garrafeiragrandeescolha.pt\/fr\/wp-json\/wp\/v2\/types\/product"}],"wp:featuredmedia":[{"embeddable":true,"href":"https:\/\/garrafeiragrandeescolha.pt\/fr\/wp-json\/wp\/v2\/media\/1446"}],"wp:attachment":[{"href":"https:\/\/garrafeiragrandeescolha.pt\/fr\/wp-json\/wp\/v2\/media?parent=12611"}],"wp:term":[{"taxonomy":"product_brand","embeddable":true,"href":"https:\/\/garrafeiragrandeescolha.pt\/fr\/wp-json\/wp\/v2\/product_brand?post=12611"},{"taxonomy":"product_cat","embeddable":true,"href":"https:\/\/garrafeiragrandeescolha.pt\/fr\/wp-json\/wp\/v2\/product_cat?post=12611"},{"taxonomy":"product_tag","embeddable":true,"href":"https:\/\/garrafeiragrandeescolha.pt\/fr\/wp-json\/wp\/v2\/product_tag?post=12611"}],"curies":[{"name":"wp","href":"https:\/\/api.w.org\/{rel}","templated":true}]}}