{"id":12693,"date":"2020-03-28T10:41:46","date_gmt":"2020-03-28T10:41:46","guid":{"rendered":"http:\/\/garrafeiragrandeescolha.pt\/?post_type=product&#038;p=12693"},"modified":"2024-03-25T12:56:21","modified_gmt":"2024-03-25T12:56:21","slug":"porto-barros-1974-75cl","status":"publish","type":"product","link":"https:\/\/garrafeiragrandeescolha.pt\/fr\/produit\/porto-barros-1974-75cl\/","title":{"rendered":"Porto Barros 1974 75cl"},"content":{"rendered":"<p><img decoding=\"async\" class=\"size-full wp-image-15174 aligncenter\" src=\"http:\/\/garrafeiragrandeescolha.pt\/wp-content\/uploads\/2022\/02\/barros-logo-2.png\" alt=\"\" width=\"212\" height=\"150\" \/><\/p>\n<p>Les vins Barros c\u00e9l\u00e8brent le talent portugais. Ils sont l&#039;expression d&#039;un talent qui est le n\u00f4tre, affin\u00e9 par l&#039;exp\u00e9rience et le savoir-faire. Ils sont n\u00e9s dans le d\u00e9but troubl\u00e9 du XX\u00e8me si\u00e8cle, en 1913, et ont su s&#039;affirmer jusqu&#039;\u00e0 \u00eatre reconnus comme une r\u00e9f\u00e9rence par les consommateurs. Dans un profond respect pour la portugaisit\u00e9, les vins Barros embrassent les familles de vins de Porto Tawny et Ruby.<\/p>\n<p>&quot;Barros traduit le caract\u00e8re portugais dans le vin, alliant tradition, authenticit\u00e9 et valeurs modernes.&quot;<\/p>","protected":false},"excerpt":{"rendered":"<p>Brilhante cor \u00e2mbar clara. Nariz rico e envolvente, dominado por opulentos aromas de ameixas secas e am\u00eandoas. Textura sedosa e delicada. Na boca, destacam-se os frutos secos e o requinte das especiarias muito bem integradas com as sugest\u00f5es de madeira. Um vinho bem estruturado, elegante, com final delicioso e persistente.<\/p>\n<p>Pairing: Doces de Ovos, Sobremesas com Frutos Secos<\/p>\n<p>&nbsp;<\/p>\n<p>Gold Medal, International Wine Challenge. 2017;<\/p>\n<p>18 pts, Revista de Vinhos. 2017.<\/p>","protected":false},"featured_media":1657,"template":"","meta":{"_exactmetrics_skip_tracking":false,"_exactmetrics_sitenote_active":false,"_exactmetrics_sitenote_note":"","_exactmetrics_sitenote_category":0,"_uf_show_specific_survey":0,"_uf_disable_surveys":false,"iawp_total_views":124},"product_brand":[],"product_cat":[201,159,167],"product_tag":[],"class_list":{"0":"post-12693","1":"product","2":"type-product","3":"status-publish","4":"has-post-thumbnail","6":"product_cat-grandes-vinhos","7":"product_cat-portos","8":"product_cat-colheita","10":"first","11":"instock","12":"shipping-taxable","13":"purchasable","14":"product-type-simple"},"_links":{"self":[{"href":"https:\/\/garrafeiragrandeescolha.pt\/fr\/wp-json\/wp\/v2\/product\/12693","targetHints":{"allow":["GET"]}}],"collection":[{"href":"https:\/\/garrafeiragrandeescolha.pt\/fr\/wp-json\/wp\/v2\/product"}],"about":[{"href":"https:\/\/garrafeiragrandeescolha.pt\/fr\/wp-json\/wp\/v2\/types\/product"}],"wp:featuredmedia":[{"embeddable":true,"href":"https:\/\/garrafeiragrandeescolha.pt\/fr\/wp-json\/wp\/v2\/media\/1657"}],"wp:attachment":[{"href":"https:\/\/garrafeiragrandeescolha.pt\/fr\/wp-json\/wp\/v2\/media?parent=12693"}],"wp:term":[{"taxonomy":"product_brand","embeddable":true,"href":"https:\/\/garrafeiragrandeescolha.pt\/fr\/wp-json\/wp\/v2\/product_brand?post=12693"},{"taxonomy":"product_cat","embeddable":true,"href":"https:\/\/garrafeiragrandeescolha.pt\/fr\/wp-json\/wp\/v2\/product_cat?post=12693"},{"taxonomy":"product_tag","embeddable":true,"href":"https:\/\/garrafeiragrandeescolha.pt\/fr\/wp-json\/wp\/v2\/product_tag?post=12693"}],"curies":[{"name":"wp","href":"https:\/\/api.w.org\/{rel}","templated":true}]}}