{"id":12708,"date":"2020-03-28T11:16:05","date_gmt":"2020-03-28T11:16:05","guid":{"rendered":"http:\/\/garrafeiragrandeescolha.pt\/?post_type=product&#038;p=12708"},"modified":"2024-12-07T18:06:42","modified_gmt":"2024-12-07T18:06:42","slug":"porto-dalva-blanc-dore-1971-50cl","status":"publish","type":"product","link":"https:\/\/garrafeiragrandeescolha.pt\/fr\/produit\/porto-dalva-blanc-dore-1971-50cl\/","title":{"rendered":"Porto Dalva Blanc Dor\u00e9 1971 50cl"},"content":{"rendered":"<p><img fetchpriority=\"high\" decoding=\"async\" class=\"size-medium wp-image-15215 aligncenter\" src=\"http:\/\/garrafeiragrandeescolha.pt\/wp-content\/uploads\/2022\/02\/dalva-logo-300x200.jpg\" alt=\"\" width=\"300\" height=\"200\" srcset=\"https:\/\/garrafeiragrandeescolha.pt\/wp-content\/uploads\/2022\/02\/dalva-logo-300x200.jpg 300w, https:\/\/garrafeiragrandeescolha.pt\/wp-content\/uploads\/2022\/02\/dalva-logo.jpg 375w\" sizes=\"(max-width: 300px) 100vw, 300px\" \/><\/p>\n<p>A Porto Dalva \u00e9 uma marca contempor\u00e2nea, voltada para a mudan\u00e7a e o futurismo. As origens da designa\u00e7\u00e3o\u00a0Dalva, incidem no nome do seu fundador. \u00c9 uma marca considerada de elei\u00e7\u00e3o com vis\u00e3o internacional e nacional, na qual at\u00e9 a escolha do nome assenta no cuidado de ser reconhecida e pronunciada em todos os idiomas sem dificuldade.<br \/>\nApresenta grande heterogeneidade de \u201cColheitas\u201d e os vinhos do\u00a0Porto Brancos\u00a0ganham grande destaque nesta marca, como o vinho do Porto Ros\u00e9, o Moscatel, os Douro Reserva DOP e a refer\u00eancia vision\u00e1ria do Vinho do Porto Golden White, um vinho de uma \u201cColheita\u201d rara de vinhos do Porto Brancos por d\u00e9cada.<br \/>\nPorto Dalva fait la diff\u00e9rence depuis la r\u00e9colte jusqu&#039;\u00e0 l&#039;offre de vins innovants et l&#039;abondance d&#039;id\u00e9es, mettant au d\u00e9fi des chefs portugais de renom de cr\u00e9er des vins de Porto exclusifs et en \u00e9dition limit\u00e9e !<br \/>\nA par de uma imensa revolu\u00e7\u00e3o na inova\u00e7\u00e3o de Vinhos do Porto, a Dalva n\u00e3o descura do processo de envelhecimento dos seus\u00a0Vinhos do Porto, mantendo uma preven\u00e7\u00e3o cuidadosa em todo o processo e um grande controlo de qualidade, envolvendo en\u00f3logos de prest\u00edgio em laborat\u00f3rios tecnologicamente avan\u00e7ados.<\/p>","protected":false},"excerpt":{"rendered":"<p>Ar\u00f4me et saveur intenses : gel\u00e9e de fruits, gel\u00e9e de coings, \u00e9pices, dans les vins plus jeunes. Avec l&#039;\u00e2ge, le vin d\u00e9veloppe d&#039;autres ar\u00f4mes : noix, cannelle, caf\u00e9, mais toujours frais et \u00e9l\u00e9gants.<\/p>\n<p>. 18 points Vinho Grandes Escolhas;<br \/>\n. M\u00e9daille d&#039;or du Concours Mondial de Bruxelles 2015\u00a0;<br \/>\n. M\u00e9daille d&#039;or de l&#039;International Wine Challenge 2015\u00a0;<br \/>\n. Troph\u00e9e r\u00e9gional Decanter World Wine Awards 2015\u00a0;<br \/>\n. M\u00e9daille d&#039;Argent Concours International de Vins et Spiritueux 2015\u00a0;<br \/>\n. M\u00e9daille de bronze aux Decanter World Wine Awards 2013\u00a0;<br \/>\n. M\u00e9daille d&#039;Or du International Wine Challenge 2013.<\/p>","protected":false},"featured_media":1689,"template":"","meta":{"_exactmetrics_skip_tracking":false,"_exactmetrics_sitenote_active":false,"_exactmetrics_sitenote_note":"","_exactmetrics_sitenote_category":0,"_uf_show_specific_survey":0,"_uf_disable_surveys":false,"iawp_total_views":20},"product_brand":[],"product_cat":[167,201,159,166],"product_tag":[],"class_list":{"0":"post-12708","1":"product","2":"type-product","3":"status-publish","4":"has-post-thumbnail","6":"product_cat-colheita","7":"product_cat-grandes-vinhos","8":"product_cat-portos","9":"product_cat-white-portos","11":"first","12":"instock","13":"shipping-taxable","14":"purchasable","15":"product-type-simple"},"_links":{"self":[{"href":"https:\/\/garrafeiragrandeescolha.pt\/fr\/wp-json\/wp\/v2\/product\/12708","targetHints":{"allow":["GET"]}}],"collection":[{"href":"https:\/\/garrafeiragrandeescolha.pt\/fr\/wp-json\/wp\/v2\/product"}],"about":[{"href":"https:\/\/garrafeiragrandeescolha.pt\/fr\/wp-json\/wp\/v2\/types\/product"}],"wp:featuredmedia":[{"embeddable":true,"href":"https:\/\/garrafeiragrandeescolha.pt\/fr\/wp-json\/wp\/v2\/media\/1689"}],"wp:attachment":[{"href":"https:\/\/garrafeiragrandeescolha.pt\/fr\/wp-json\/wp\/v2\/media?parent=12708"}],"wp:term":[{"taxonomy":"product_brand","embeddable":true,"href":"https:\/\/garrafeiragrandeescolha.pt\/fr\/wp-json\/wp\/v2\/product_brand?post=12708"},{"taxonomy":"product_cat","embeddable":true,"href":"https:\/\/garrafeiragrandeescolha.pt\/fr\/wp-json\/wp\/v2\/product_cat?post=12708"},{"taxonomy":"product_tag","embeddable":true,"href":"https:\/\/garrafeiragrandeescolha.pt\/fr\/wp-json\/wp\/v2\/product_tag?post=12708"}],"curies":[{"name":"wp","href":"https:\/\/api.w.org\/{rel}","templated":true}]}}