{"id":12722,"date":"2020-03-28T11:47:28","date_gmt":"2020-03-28T11:47:28","guid":{"rendered":"http:\/\/garrafeiragrandeescolha.pt\/?post_type=product&#038;p=12722"},"modified":"2022-09-30T14:56:49","modified_gmt":"2022-09-30T14:56:49","slug":"porto-fonseca-vintage-2016-75cl","status":"publish","type":"product","link":"https:\/\/garrafeiragrandeescolha.pt\/fr\/produit\/porto-fonseca-vintage-2016-75cl\/","title":{"rendered":"Porto Fonseca Vintage 2016 75cl"},"content":{"rendered":"<p><img decoding=\"async\" class=\"size-medium wp-image-16440 aligncenter\" src=\"http:\/\/garrafeiragrandeescolha.pt\/wp-content\/uploads\/2022\/09\/fonseca-logo-300x107.jpg\" alt=\"\" width=\"300\" height=\"107\" srcset=\"https:\/\/garrafeiragrandeescolha.pt\/wp-content\/uploads\/2022\/09\/fonseca-logo-300x107.jpg 300w, https:\/\/garrafeiragrandeescolha.pt\/wp-content\/uploads\/2022\/09\/fonseca-logo-1024x364.jpg 1024w, https:\/\/garrafeiragrandeescolha.pt\/wp-content\/uploads\/2022\/09\/fonseca-logo-768x273.jpg 768w, https:\/\/garrafeiragrandeescolha.pt\/wp-content\/uploads\/2022\/09\/fonseca-logo-1536x545.jpg 1536w, https:\/\/garrafeiragrandeescolha.pt\/wp-content\/uploads\/2022\/09\/fonseca-logo-18x6.jpg 18w, https:\/\/garrafeiragrandeescolha.pt\/wp-content\/uploads\/2022\/09\/fonseca-logo-600x213.jpg 600w, https:\/\/garrafeiragrandeescolha.pt\/wp-content\/uploads\/2022\/09\/fonseca-logo.jpg 1600w\" sizes=\"(max-width: 300px) 100vw, 300px\" \/><\/p>\n<p>Depuis le l\u00e9gendaire 1840, le premier vin de Porto Vintage lanc\u00e9 sur le march\u00e9, jusqu&#039;aux fantastiques mill\u00e9simes d\u00e9clar\u00e9s au cours de la derni\u00e8re d\u00e9cennie, l&#039;entreprise a produit une s\u00e9rie de vins acclam\u00e9s, m\u00eame dans les moments les plus d\u00e9favorables de l&#039;histoire.<\/p>\n<p>James Suckling, dans son ouvrage de r\u00e9f\u00e9rence sur les vins de Porto Vintage, d\u00e9crit ce qui suit : \u00ab Les Portos Fonseca Vintage sont peut-\u00eatre toujours les meilleurs de tous. Non seulement ils ont une corpulence remarquable et une richesse puissante lorsqu\u2019ils sont jeunes, mais ils conservent \u00e9galement cette jeunesse pendant des d\u00e9cennies.<\/p>\n<p>Cette coh\u00e9rence est le r\u00e9sultat non seulement de la continuit\u00e9 de l&#039;implication familiale et de tous les savoirs et savoir-faire transmis de g\u00e9n\u00e9ration en g\u00e9n\u00e9ration, mais aussi d&#039;un lien tr\u00e8s \u00e9troit avec le vignoble. Les trois propri\u00e9t\u00e9s de l&#039;entreprise \u2013 Cruzeiro, Panascal et Santo Ant\u00f3nio \u2013 sont au c\u0153ur du caract\u00e8re qui distingue ses vins de Porto Vintage.<\/p>\n<p>Le respect de Fonseca pour le vignoble et son environnement unique dans la r\u00e9gion du Douro s&#039;exprime dans le leadership de l&#039;entreprise dans le domaine de la viticulture durable et biologique. Ce fut le premier producteur de vin \u00e0 produire du vin de Porto enti\u00e8rement issu de raisins issus de l&#039;agriculture biologique.<\/p>\n<p>Cependant, pour les amateurs de vin du monde entier, Fonseca est surtout connu comme le producteur du Bin No.27. Ce vin de Porto R\u00e9serve, lanc\u00e9 il y a quatre d\u00e9cennies, est l&#039;un des lots de vin de Porto les plus populaires et les plus r\u00e9ussis. Partageant l&#039;h\u00e9ritage des grands vins de Porto Fonseca Vintage, le Bin No. 27 affiche le caract\u00e8re fruit\u00e9 opulent qui d\u00e9finit le style de la maison Fonseca.<\/p>\n<p>Peut-\u00eatre plus que toute autre maison productrice de Porto, Fonseca a b\u00e2ti une communaut\u00e9 fid\u00e8le de passionn\u00e9s de Porto qui appr\u00e9cient son individualit\u00e9 et le caract\u00e8re inimitable de ses vins. Cette communaut\u00e9 comprend des connaisseurs, des collectionneurs, des sommeliers et des entrepreneurs en restauration, ainsi que ceux qui aiment simplement boire leurs vins de Porto merveilleusement riches et complexes.<\/p>","protected":false},"excerpt":{"rendered":"<p>Livraison gratuite au Portugal<\/p>","protected":false},"featured_media":10185,"template":"","meta":{"_exactmetrics_skip_tracking":false,"_exactmetrics_sitenote_active":false,"_exactmetrics_sitenote_note":"","_exactmetrics_sitenote_category":0,"_uf_show_specific_survey":0,"_uf_disable_surveys":false,"iawp_total_views":3},"product_brand":[],"product_cat":[159,168],"product_tag":[],"class_list":{"0":"post-12722","1":"product","2":"type-product","3":"status-publish","4":"has-post-thumbnail","6":"product_cat-portos","7":"product_cat-vintage","9":"first","10":"instock","11":"shipping-taxable","12":"purchasable","13":"product-type-simple"},"_links":{"self":[{"href":"https:\/\/garrafeiragrandeescolha.pt\/fr\/wp-json\/wp\/v2\/product\/12722","targetHints":{"allow":["GET"]}}],"collection":[{"href":"https:\/\/garrafeiragrandeescolha.pt\/fr\/wp-json\/wp\/v2\/product"}],"about":[{"href":"https:\/\/garrafeiragrandeescolha.pt\/fr\/wp-json\/wp\/v2\/types\/product"}],"wp:featuredmedia":[{"embeddable":true,"href":"https:\/\/garrafeiragrandeescolha.pt\/fr\/wp-json\/wp\/v2\/media\/10185"}],"wp:attachment":[{"href":"https:\/\/garrafeiragrandeescolha.pt\/fr\/wp-json\/wp\/v2\/media?parent=12722"}],"wp:term":[{"taxonomy":"product_brand","embeddable":true,"href":"https:\/\/garrafeiragrandeescolha.pt\/fr\/wp-json\/wp\/v2\/product_brand?post=12722"},{"taxonomy":"product_cat","embeddable":true,"href":"https:\/\/garrafeiragrandeescolha.pt\/fr\/wp-json\/wp\/v2\/product_cat?post=12722"},{"taxonomy":"product_tag","embeddable":true,"href":"https:\/\/garrafeiragrandeescolha.pt\/fr\/wp-json\/wp\/v2\/product_tag?post=12722"}],"curies":[{"name":"wp","href":"https:\/\/api.w.org\/{rel}","templated":true}]}}