{"id":12759,"date":"2020-03-28T15:34:16","date_gmt":"2020-03-28T15:34:16","guid":{"rendered":"http:\/\/garrafeiragrandeescolha.pt\/?post_type=product&#038;p=12759"},"modified":"2024-11-02T12:41:54","modified_gmt":"2024-11-02T12:41:54","slug":"porto-kopke-colheita-2010-75cl","status":"publish","type":"product","link":"https:\/\/garrafeiragrandeescolha.pt\/fr\/produit\/porto-kopke-colheita-2010-75cl\/","title":{"rendered":"Porto Kopke Colheita 2010 75cl"},"content":{"rendered":"<p><img decoding=\"async\" class=\"size-medium wp-image-15298 aligncenter\" src=\"http:\/\/garrafeiragrandeescolha.pt\/wp-content\/uploads\/2022\/02\/kopke_logo-300x113.jpg\" alt=\"\" width=\"300\" height=\"113\" srcset=\"https:\/\/garrafeiragrandeescolha.pt\/wp-content\/uploads\/2022\/02\/kopke_logo-300x113.jpg 300w, https:\/\/garrafeiragrandeescolha.pt\/wp-content\/uploads\/2022\/02\/kopke_logo-768x289.jpg 768w, https:\/\/garrafeiragrandeescolha.pt\/wp-content\/uploads\/2022\/02\/kopke_logo-600x226.jpg 600w, https:\/\/garrafeiragrandeescolha.pt\/wp-content\/uploads\/2022\/02\/kopke_logo.jpg 780w\" sizes=\"(max-width: 300px) 100vw, 300px\" \/><\/p>\n<div>Le voyage de Kopke est \u00e9troitement li\u00e9 \u00e0 l&#039;histoire de son lieu. Le Douro \u00e9tait destin\u00e9 \u00e0 \u00eatre l&#039;amphith\u00e9\u00e2tre choisi pour cette union entre la volont\u00e9 de l&#039;homme et la nature.<\/div>\n<div>En 1636, un voyage a lieu entre Hambourg et le Portugal qui sera \u00e0 l&#039;origine d&#039;une longue histoire : Nicolau K\u00f6pke arrive dans son nouveau pays en tant que consul g\u00e9n\u00e9ral des villes hans\u00e9atiques.<br \/>\nDeux ans plus tard, en 1638, il signe les premi\u00e8res bouteilles de vin envoy\u00e9es en Europe du Nord.<\/div>\n<div>L&#039;achat d&#039;une ferme dans le Douro, en 1781, marque le passage d&#039;une soci\u00e9t\u00e9 d&#039;achat \u00e0 un grand producteur de vin.<br \/>\nLes vins de Porto gagnent en importance dans l&#039;entreprise, devenant rapidement l&#039;activit\u00e9 principale. Nicolau Kopke &amp; Co. devient un exemple d&#039;innovation, int\u00e9grant la production et le commerce du vin dans la m\u00eame entreprise.<\/div>\n<div>En 1828, Cristiano Nicolau Kopk\u00eb, arri\u00e8re-arri\u00e8re-petit-fils du fondateur de l&#039;entreprise, Nicolau Kopk\u00eb, et petit-fils de Cristiano Kopke, se rangea du c\u00f4t\u00e9 du Parti lib\u00e9ral pendant la guerre civile, liant ainsi l&#039;entreprise et la famille \u00e0 cette cause.<br \/>\nCet attachement au concept de progr\u00e8s social sera partag\u00e9 par toutes les g\u00e9n\u00e9rations successives de la famille.<br \/>\nEn 1836, Cristiano Nicolau Kopke re\u00e7ut le titre de baron de Vilar. 10 ans plus tard, son neveu Joaquim Augusto Kopke re\u00e7oit le titre de baron de Massarelos.<br \/>\nDeux si\u00e8cles apr\u00e8s l&#039;arriv\u00e9e de la famille au Portugal, leur engagement en faveur du d\u00e9veloppement du pays est r\u00e9compens\u00e9.<\/div>\n<div>L&#039;entreprise prend le nom de CN Kopke.<br \/>\nLe Kopke de 1841 reste tel aujourd&#039;hui.<\/div>\n<div>L&#039;achat de la Quinta de S. Luiz en 1922, pr\u00e8s de trois si\u00e8cles apr\u00e8s sa cr\u00e9ation, est comme le retour de Kopke chez lui.<br \/>\nCette propri\u00e9t\u00e9, qui a toujours \u00e9t\u00e9 le choix des grands connaisseurs du Douro et du Porto, est d\u00e9sir\u00e9e depuis longtemps. Il devient le point central, le mod\u00e8le et le joyau de toute la production vitivinicole de Kopke.<\/div>\n<div>En 1940, le certificat de l&#039;Association commerciale et industrielle du Portugal a \u00e9t\u00e9 sign\u00e9, reconnaissant l&#039;anciennet\u00e9 de CN Kopke jusqu&#039;\u00e0 1638.<\/div>","protected":false},"excerpt":{"rendered":"<p>Tonalidade cor de tijolo com aureola \u00e2mbar. Nariz elegante e intenso com aromas a frutos secos como a noz e a am\u00eandoa, ligeiros apontamentos de especiarias, baunilha, erva pr\u00edncipe e algumas sensa\u00e7\u00f5es de notas mentoladas. Na boca possui um excelente equil\u00edbrio entre a do\u00e7ura e a acidez onde sobressaem sensa\u00e7\u00f5es de fruta madura, notas meladas, ligeiro fumo e notas picantes. Um colheita equilibrado, longo e intenso.<\/p>","protected":false},"featured_media":10213,"template":"","meta":{"_exactmetrics_skip_tracking":false,"_exactmetrics_sitenote_active":false,"_exactmetrics_sitenote_note":"","_exactmetrics_sitenote_category":0,"_uf_show_specific_survey":0,"_uf_disable_surveys":false,"iawp_total_views":7},"product_brand":[],"product_cat":[167,159],"product_tag":[],"class_list":{"0":"post-12759","1":"product","2":"type-product","3":"status-publish","4":"has-post-thumbnail","6":"product_cat-colheita","7":"product_cat-portos","9":"first","10":"instock","11":"shipping-taxable","12":"purchasable","13":"product-type-simple"},"_links":{"self":[{"href":"https:\/\/garrafeiragrandeescolha.pt\/fr\/wp-json\/wp\/v2\/product\/12759","targetHints":{"allow":["GET"]}}],"collection":[{"href":"https:\/\/garrafeiragrandeescolha.pt\/fr\/wp-json\/wp\/v2\/product"}],"about":[{"href":"https:\/\/garrafeiragrandeescolha.pt\/fr\/wp-json\/wp\/v2\/types\/product"}],"wp:featuredmedia":[{"embeddable":true,"href":"https:\/\/garrafeiragrandeescolha.pt\/fr\/wp-json\/wp\/v2\/media\/10213"}],"wp:attachment":[{"href":"https:\/\/garrafeiragrandeescolha.pt\/fr\/wp-json\/wp\/v2\/media?parent=12759"}],"wp:term":[{"taxonomy":"product_brand","embeddable":true,"href":"https:\/\/garrafeiragrandeescolha.pt\/fr\/wp-json\/wp\/v2\/product_brand?post=12759"},{"taxonomy":"product_cat","embeddable":true,"href":"https:\/\/garrafeiragrandeescolha.pt\/fr\/wp-json\/wp\/v2\/product_cat?post=12759"},{"taxonomy":"product_tag","embeddable":true,"href":"https:\/\/garrafeiragrandeescolha.pt\/fr\/wp-json\/wp\/v2\/product_tag?post=12759"}],"curies":[{"name":"wp","href":"https:\/\/api.w.org\/{rel}","templated":true}]}}