{"id":12795,"date":"2020-03-28T17:08:34","date_gmt":"2020-03-28T17:08:34","guid":{"rendered":"http:\/\/garrafeiragrandeescolha.pt\/?post_type=product&#038;p=12795"},"modified":"2026-04-04T11:05:52","modified_gmt":"2026-04-04T11:05:52","slug":"porto-noval-tawny-40-anos-75cl","status":"publish","type":"product","link":"https:\/\/garrafeiragrandeescolha.pt\/fr\/produit\/porto-noval-tawny-40-anos-75cl\/","title":{"rendered":"Porto Noval Tawny 40 anos 75cl"},"content":{"rendered":"<p><img decoding=\"async\" class=\"size-medium wp-image-15374 aligncenter\" src=\"http:\/\/garrafeiragrandeescolha.pt\/wp-content\/uploads\/2022\/02\/noval-logo-300x105.jpg\" alt=\"\" width=\"300\" height=\"105\" srcset=\"https:\/\/garrafeiragrandeescolha.pt\/wp-content\/uploads\/2022\/02\/noval-logo-300x105.jpg 300w, https:\/\/garrafeiragrandeescolha.pt\/wp-content\/uploads\/2022\/02\/noval-logo-768x268.jpg 768w, https:\/\/garrafeiragrandeescolha.pt\/wp-content\/uploads\/2022\/02\/noval-logo-600x209.jpg 600w, https:\/\/garrafeiragrandeescolha.pt\/wp-content\/uploads\/2022\/02\/noval-logo.jpg 800w\" sizes=\"(max-width: 300px) 100vw, 300px\" \/><\/p>\n<p class=\"wysiwyg-text-align-justify\">Quinta do Noval b\u00e9n\u00e9ficie d&#039;un emplacement privil\u00e9gi\u00e9, au c\u0153ur du Douro.<br \/>\nLe vignoble de 145 hectares, enti\u00e8rement class\u00e9 lettre A, est plant\u00e9 des c\u00e9pages les plus nobles du Douro : Touriga Nacional, Touriga Franca, Tinta Roriz, Tinto C\u00e3o et Sous\u00e3o.<br \/>\nLes parcelles viticoles pr\u00e9sentent une riche diversit\u00e9 g\u00e9ographique.<br \/>\n. altitude : de 100m \u00e0 500m<br \/>\n. Exposition : \u00e0 tous les points cardinaux<br \/>\n. sol : schiste avec fragments d&#039;argile, m\u00e9lange variable<br \/>\nCes caract\u00e9ristiques conf\u00e8rent aux vins des nuances diff\u00e9rentes selon leur parcelle d&#039;origine. La magie des vins Quinta do Noval na\u00eet de la fusion de ces nuances.<\/p>\n<p class=\"wysiwyg-text-align-justify\">Actuellement, les vignobles sont replant\u00e9s avec un c\u00e9page unique adapt\u00e9 \u00e0 chaque parcelle en fonction de trois facteurs principaux : l&#039;altitude, l&#039;exposition et le type de plantation du vignoble.<br \/>\nLes magnifiques vieilles terrasses en pierre de schiste continuent d&#039;\u00eatre l&#039;image de Quinta do Noval.<br \/>\nQuinta do Noval est le seul exportateur historique de vin de Porto nomm\u00e9 d&#039;apr\u00e8s sa Quinta, et qui produit du Porto Vintage \u00e0 partir d&#039;une seule parcelle, lorsqu&#039;elle est d\u00e9clar\u00e9e.<\/p>","protected":false},"excerpt":{"rendered":"<p>\u00c9 a not\u00e1vel quinta-ess\u00eancia do estilo Tawny Noval, um vinho velho profundamente concentrado e complexo, a mem\u00f3ria da Casa.<\/p>\n<p>O Noval Tawny 40 anos \u00e9 uma mistura de Vinhos do Porto Velhos de diferentes colheitas que envelheceram em casco de carvalho, com idade m\u00e9dia de 40 anos.<\/p>\n<p>Castas: Touriga Nacional, Touriga Franca, Tinto C\u00e3o, Sous\u00e3o, Tinta Roriz<\/p>","protected":false},"featured_media":1876,"template":"","meta":{"_exactmetrics_skip_tracking":false,"_exactmetrics_sitenote_active":false,"_exactmetrics_sitenote_note":"","_exactmetrics_sitenote_category":0,"_uf_show_specific_survey":0,"_uf_disable_surveys":false,"iawp_total_views":12},"product_brand":[],"product_cat":[159,175],"product_tag":[],"class_list":{"0":"post-12795","1":"product","2":"type-product","3":"status-publish","4":"has-post-thumbnail","6":"product_cat-portos","7":"product_cat-porto-10-20-30-40-50-80","9":"first","10":"instock","11":"shipping-taxable","12":"purchasable","13":"product-type-simple"},"_links":{"self":[{"href":"https:\/\/garrafeiragrandeescolha.pt\/fr\/wp-json\/wp\/v2\/product\/12795","targetHints":{"allow":["GET"]}}],"collection":[{"href":"https:\/\/garrafeiragrandeescolha.pt\/fr\/wp-json\/wp\/v2\/product"}],"about":[{"href":"https:\/\/garrafeiragrandeescolha.pt\/fr\/wp-json\/wp\/v2\/types\/product"}],"wp:featuredmedia":[{"embeddable":true,"href":"https:\/\/garrafeiragrandeescolha.pt\/fr\/wp-json\/wp\/v2\/media\/1876"}],"wp:attachment":[{"href":"https:\/\/garrafeiragrandeescolha.pt\/fr\/wp-json\/wp\/v2\/media?parent=12795"}],"wp:term":[{"taxonomy":"product_brand","embeddable":true,"href":"https:\/\/garrafeiragrandeescolha.pt\/fr\/wp-json\/wp\/v2\/product_brand?post=12795"},{"taxonomy":"product_cat","embeddable":true,"href":"https:\/\/garrafeiragrandeescolha.pt\/fr\/wp-json\/wp\/v2\/product_cat?post=12795"},{"taxonomy":"product_tag","embeddable":true,"href":"https:\/\/garrafeiragrandeescolha.pt\/fr\/wp-json\/wp\/v2\/product_tag?post=12795"}],"curies":[{"name":"wp","href":"https:\/\/api.w.org\/{rel}","templated":true}]}}