{"id":12836,"date":"2020-03-28T22:14:37","date_gmt":"2020-03-28T22:14:37","guid":{"rendered":"http:\/\/garrafeiragrandeescolha.pt\/?post_type=product&#038;p=12836"},"modified":"2024-11-05T17:34:05","modified_gmt":"2024-11-05T17:34:05","slug":"porto-quinta-do-vale-meao-vintage-2017-75cl","status":"publish","type":"product","link":"https:\/\/garrafeiragrandeescolha.pt\/fr\/produit\/porto-quinta-do-vale-meao-vintage-2017-75cl\/","title":{"rendered":"Porto Quinta do Vale Me\u00e3o Vintage 2017 75cl"},"content":{"rendered":"<p><img decoding=\"async\" class=\"size-full wp-image-15433 aligncenter\" src=\"http:\/\/garrafeiragrandeescolha.pt\/wp-content\/uploads\/2022\/02\/qta-vale-meao-logo.jpg\" alt=\"\" width=\"200\" height=\"167\" \/><\/p>\n<p>En 1877, D. Ant\u00f3nia Adelaide Ferreira, d\u00e9j\u00e0 propri\u00e9taire du plus grand patrimoine agricole du Douro, acheta aux ench\u00e8res publiques 300 hectares de terres vierges \u00e0 la commune de VN de Foz C\u00f4a. Son r\u00eave \u00e9tait de construire une ferme mod\u00e8le \u00e0 partir de z\u00e9ro, en mettant en \u0153uvre toute la vaste exp\u00e9rience accumul\u00e9e tout au long de sa vie d&#039;entrepreneure du Douro.<\/p>\n<p>Ce projet ambitieux fut pleinement r\u00e9alis\u00e9 entre 1887 et 1895. Ce fut la derni\u00e8re et la plus significative r\u00e9alisation de cette Dame, qui en jouit cependant peu puisqu&#039;elle mourut en 1896.<\/p>\n<p>Depuis, la ferme est toujours rest\u00e9e la possession de ses descendants. \u00c0 partir des ann\u00e9es 1970, son arri\u00e8re-arri\u00e8re-petit-fils Francisco Javier de Olazabal a repris la direction et a entam\u00e9 un long processus d&#039;acquisition des parts indivises de sa famille et des copropri\u00e9taires, et en 1994 il est devenu, avec ses enfants, l&#039;unique propri\u00e9taire. de la Quinta.<br \/>\nJusqu&#039;alors, les raisins de la Quinta \u00e9taient vendus \u00e0 la soci\u00e9t\u00e9 AA Ferreira SA, fond\u00e9e par les descendants de D. Ant\u00f3nia, et constituaient la base de certains de ses meilleurs vins.<br \/>\nCette relation s&#039;est poursuivie jusqu&#039;en 1998, ann\u00e9e o\u00f9 Francisco Javier de Olazabal a d\u00e9cid\u00e9 de d\u00e9missionner de son poste de pr\u00e9sident de AA, Ferreira SA pour se consacrer, avec son fils vigneron Francisco de Olazabal et Nicolau de Almeida, \u00e0 la production, au vieillissement et \u00e0 la commercialisation du vins de la ferme, \u00e0 travers la cr\u00e9ation de la soci\u00e9t\u00e9 F. Olazabal &amp; Filhos, Lda.<\/p>\n<p>Aujourd&#039;hui, Francisco, Lu\u00edsa et Jaime sont li\u00e9s \u00e0 la direction de l&#039;entreprise, chacun dans son propre r\u00f4le, et partagent la m\u00eame passion pour le vin. D&#039;une r\u00e9colte \u00e0 l&#039;autre, ils respectent la tradition et gardent l&#039;esprit ouvert \u00e0 l&#039;innovation. Toute la famille Olazabal exprime son enthousiasme et contribue \u00e0 perp\u00e9tuer le projet de D. Ant\u00f3nia de faire de Quinta do Vale Me\u00e3o une Quinta mod\u00e8le en son temps.<\/p>","protected":false},"excerpt":{"rendered":"<p>A tradicional pisa a p\u00e9 em lagares de granito permitiu a express\u00e3o de todas as fant\u00e1sticas caracter\u00edsticas deste Vintage: aromas opulentos, magn\u00edfica intensidade e uma concentra\u00e7\u00e3o extraordin\u00e1ria, tudo isto equilibrado por uma fresca persist\u00eancia. A excepcional complexidade deste vinho \u00e9 o garante de um potencial de envelhecimento bastante longo.<\/p>\n<p>Touriga Franca, Touriga Nacional, Tinta Barroca, Tinta Roriz e Sous\u00e3o<\/p>","protected":false},"featured_media":1969,"template":"","meta":{"_exactmetrics_skip_tracking":false,"_exactmetrics_sitenote_active":false,"_exactmetrics_sitenote_note":"","_exactmetrics_sitenote_category":0,"_uf_show_specific_survey":0,"_uf_disable_surveys":false,"iawp_total_views":44},"product_brand":[],"product_cat":[162,159,168],"product_tag":[],"class_list":{"0":"post-12836","1":"product","2":"type-product","3":"status-publish","4":"has-post-thumbnail","6":"product_cat-raridades","7":"product_cat-portos","8":"product_cat-vintage","10":"first","11":"instock","12":"shipping-taxable","13":"purchasable","14":"product-type-simple"},"_links":{"self":[{"href":"https:\/\/garrafeiragrandeescolha.pt\/fr\/wp-json\/wp\/v2\/product\/12836","targetHints":{"allow":["GET"]}}],"collection":[{"href":"https:\/\/garrafeiragrandeescolha.pt\/fr\/wp-json\/wp\/v2\/product"}],"about":[{"href":"https:\/\/garrafeiragrandeescolha.pt\/fr\/wp-json\/wp\/v2\/types\/product"}],"wp:featuredmedia":[{"embeddable":true,"href":"https:\/\/garrafeiragrandeescolha.pt\/fr\/wp-json\/wp\/v2\/media\/1969"}],"wp:attachment":[{"href":"https:\/\/garrafeiragrandeescolha.pt\/fr\/wp-json\/wp\/v2\/media?parent=12836"}],"wp:term":[{"taxonomy":"product_brand","embeddable":true,"href":"https:\/\/garrafeiragrandeescolha.pt\/fr\/wp-json\/wp\/v2\/product_brand?post=12836"},{"taxonomy":"product_cat","embeddable":true,"href":"https:\/\/garrafeiragrandeescolha.pt\/fr\/wp-json\/wp\/v2\/product_cat?post=12836"},{"taxonomy":"product_tag","embeddable":true,"href":"https:\/\/garrafeiragrandeescolha.pt\/fr\/wp-json\/wp\/v2\/product_tag?post=12836"}],"curies":[{"name":"wp","href":"https:\/\/api.w.org\/{rel}","templated":true}]}}