{"id":12896,"date":"2020-03-30T21:53:14","date_gmt":"2020-03-30T21:53:14","guid":{"rendered":"http:\/\/garrafeiragrandeescolha.pt\/?post_type=product&#038;p=12896"},"modified":"2023-11-22T23:03:57","modified_gmt":"2023-11-22T23:03:57","slug":"ladano-tinto-75cl","status":"publish","type":"product","link":"https:\/\/garrafeiragrandeescolha.pt\/fr\/produit\/ladano-tinto-75cl\/","title":{"rendered":"L\u00e1dano Reserva Tinto 75cl"},"content":{"rendered":"<p style=\"text-align: center\"><img fetchpriority=\"high\" decoding=\"async\" class=\"alignnone size-full wp-image-15286\" src=\"http:\/\/garrafeiragrandeescolha.pt\/wp-content\/uploads\/2022\/02\/ladano-logo.png\" alt=\"\" width=\"262\" height=\"201\" \/><\/p>\n<p>Sentada nos ombros do Douro fica a vila de Freixo de Espada-\u00e0-Cinta, dona orgulhosa de uma hist\u00f3ria \u00edmpar e das mais apaixonantes paisagens que o norte de Portugal pode oferecer. A vila mais manuelina de Portugal junta tradi\u00e7\u00f5es centen\u00e1rias a um legado invej\u00e1vel de produ\u00e7\u00e3o de vinhos.<\/p>\n<p>\u00c9 nestas encostas \u00edngremes de solo xistoso da regi\u00e3o demarcada mais antiga do mundo que repousam tranquilas as vinhas septuagen\u00e1rias que d\u00e3o vida ao L\u00e1dano, um vinho com origem num processo de pouca interven\u00e7\u00e3o e de fermenta\u00e7\u00e3o espont\u00e2nea que permite exprimir da melhor forma o seu terroir e oferecer uma experi\u00eancia harmoniosa e envolvente.<\/p>\n<h3 class=\"sc_section_title sc_item_title\">DANIEL CARVALHO COSTA<\/h3>\n<div class=\"sc_section_descr sc_item_descr\">Daniel Carvalho Costa \u00e9 um jovem en\u00f3logo e produtor pertencente \u00e0 quarta gera\u00e7\u00e3o de uma fam\u00edlia produtora de vinhos na Regi\u00e3o do Douro.<br \/>\nCom uma vasta experi\u00eancia na cria\u00e7\u00e3o de vinhos de qualidade para diferentes produtores nesta regi\u00e3o, o Daniel tem no L\u00e1dano um projecto pessoal ao qual dedica toda a sua paix\u00e3o e conhecimento.<\/div>","protected":false},"excerpt":{"rendered":"<p>Com um est\u00e1gio de 12 meses em barricas velhas de carvalho franc\u00eas, o L\u00e1dano Tinto \u00e9 um vinho complexo, equilibrado e de aromas vivos, onde sobressaem as notas de framboesa, de cereja preta e ameixas.<\/p>\n<p>Oferece um final prolongado, com taninos aveludados e elegantemente associados a frescura e fruta madura.<\/p>","protected":false},"featured_media":2155,"template":"","meta":{"_exactmetrics_skip_tracking":false,"_exactmetrics_sitenote_active":false,"_exactmetrics_sitenote_note":"","_exactmetrics_sitenote_category":0,"_uf_show_specific_survey":0,"_uf_disable_surveys":false,"iawp_total_views":17},"product_brand":[],"product_cat":[215,184,157],"product_tag":[],"class_list":{"0":"post-12896","1":"product","2":"type-product","3":"status-publish","4":"has-post-thumbnail","6":"product_cat-douro","7":"product_cat-tinto","8":"product_cat-vinhos","10":"first","11":"instock","12":"shipping-taxable","13":"purchasable","14":"product-type-simple"},"_links":{"self":[{"href":"https:\/\/garrafeiragrandeescolha.pt\/fr\/wp-json\/wp\/v2\/product\/12896","targetHints":{"allow":["GET"]}}],"collection":[{"href":"https:\/\/garrafeiragrandeescolha.pt\/fr\/wp-json\/wp\/v2\/product"}],"about":[{"href":"https:\/\/garrafeiragrandeescolha.pt\/fr\/wp-json\/wp\/v2\/types\/product"}],"wp:featuredmedia":[{"embeddable":true,"href":"https:\/\/garrafeiragrandeescolha.pt\/fr\/wp-json\/wp\/v2\/media\/2155"}],"wp:attachment":[{"href":"https:\/\/garrafeiragrandeescolha.pt\/fr\/wp-json\/wp\/v2\/media?parent=12896"}],"wp:term":[{"taxonomy":"product_brand","embeddable":true,"href":"https:\/\/garrafeiragrandeescolha.pt\/fr\/wp-json\/wp\/v2\/product_brand?post=12896"},{"taxonomy":"product_cat","embeddable":true,"href":"https:\/\/garrafeiragrandeescolha.pt\/fr\/wp-json\/wp\/v2\/product_cat?post=12896"},{"taxonomy":"product_tag","embeddable":true,"href":"https:\/\/garrafeiragrandeescolha.pt\/fr\/wp-json\/wp\/v2\/product_tag?post=12896"}],"curies":[{"name":"wp","href":"https:\/\/api.w.org\/{rel}","templated":true}]}}