{"id":12903,"date":"2020-03-30T22:14:51","date_gmt":"2020-03-30T22:14:51","guid":{"rendered":"http:\/\/garrafeiragrandeescolha.pt\/?post_type=product&#038;p=12903"},"modified":"2025-11-03T17:29:39","modified_gmt":"2025-11-03T17:29:39","slug":"zom-reserva-branco-75cl","status":"publish","type":"product","link":"https:\/\/garrafeiragrandeescolha.pt\/fr\/produit\/zom-reserva-branco-75cl\/","title":{"rendered":"Zom Reserva Branco 2019 75cl"},"content":{"rendered":"","protected":false},"excerpt":{"rendered":"<p>O vinho, elaborado a partir das mais nobres castas do Douro, apresenta uma cor vermelho escuro e revela o seu aroma a frutos vermelhos maduros com uma complexidade \u00fanica e aromas a madeira. Este vinho termina com uma grande eleg\u00e2ncia e um sabor memor\u00e1vel a frutas.<\/p>\n<p>Ap\u00f3s uma vinifica\u00e7\u00e3o cuidada com temperatura e macera\u00e7\u00e3o controladas, 40% do vinho estagiou em barricas novas de carvalho franc\u00eas durante um per\u00edodo de 18 meses e uma pequena parcela estagiou em cubas de inox.<\/p>","protected":false},"featured_media":2163,"template":"","meta":{"_exactmetrics_skip_tracking":false,"_exactmetrics_sitenote_active":false,"_exactmetrics_sitenote_note":"","_exactmetrics_sitenote_category":0,"_uf_show_specific_survey":0,"_uf_disable_surveys":false,"iawp_total_views":11},"product_brand":[],"product_cat":[157,185,188],"product_tag":[],"class_list":{"0":"post-12903","1":"product","2":"type-product","3":"status-publish","4":"has-post-thumbnail","6":"product_cat-vinhos","7":"product_cat-branco","8":"product_cat-douro-branco","10":"first","11":"instock","12":"shipping-taxable","13":"purchasable","14":"product-type-simple"},"_links":{"self":[{"href":"https:\/\/garrafeiragrandeescolha.pt\/fr\/wp-json\/wp\/v2\/product\/12903","targetHints":{"allow":["GET"]}}],"collection":[{"href":"https:\/\/garrafeiragrandeescolha.pt\/fr\/wp-json\/wp\/v2\/product"}],"about":[{"href":"https:\/\/garrafeiragrandeescolha.pt\/fr\/wp-json\/wp\/v2\/types\/product"}],"wp:featuredmedia":[{"embeddable":true,"href":"https:\/\/garrafeiragrandeescolha.pt\/fr\/wp-json\/wp\/v2\/media\/2163"}],"wp:attachment":[{"href":"https:\/\/garrafeiragrandeescolha.pt\/fr\/wp-json\/wp\/v2\/media?parent=12903"}],"wp:term":[{"taxonomy":"product_brand","embeddable":true,"href":"https:\/\/garrafeiragrandeescolha.pt\/fr\/wp-json\/wp\/v2\/product_brand?post=12903"},{"taxonomy":"product_cat","embeddable":true,"href":"https:\/\/garrafeiragrandeescolha.pt\/fr\/wp-json\/wp\/v2\/product_cat?post=12903"},{"taxonomy":"product_tag","embeddable":true,"href":"https:\/\/garrafeiragrandeescolha.pt\/fr\/wp-json\/wp\/v2\/product_tag?post=12903"}],"curies":[{"name":"wp","href":"https:\/\/api.w.org\/{rel}","templated":true}]}}