{"id":12908,"date":"2020-03-31T11:19:14","date_gmt":"2020-03-31T11:19:14","guid":{"rendered":"http:\/\/garrafeiragrandeescolha.pt\/?post_type=product&#038;p=12908"},"modified":"2026-01-24T10:53:33","modified_gmt":"2026-01-24T10:53:33","slug":"quinta-da-ponte-pedrinha-reserva-tinto-2014-75cl","status":"publish","type":"product","link":"https:\/\/garrafeiragrandeescolha.pt\/fr\/produit\/quinta-da-ponte-pedrinha-reserva-tinto-2014-75cl\/","title":{"rendered":"Quinta da Ponte Pedrinha Reserva Tinto 2014 75cl"},"content":{"rendered":"<p><img decoding=\"async\" class=\"size-full wp-image-15439 aligncenter\" src=\"http:\/\/garrafeiragrandeescolha.pt\/wp-content\/uploads\/2022\/02\/quinta-da-ponte-pedrinha-logo.jpg\" alt=\"\" width=\"200\" height=\"200\" srcset=\"https:\/\/garrafeiragrandeescolha.pt\/wp-content\/uploads\/2022\/02\/quinta-da-ponte-pedrinha-logo.jpg 200w, https:\/\/garrafeiragrandeescolha.pt\/wp-content\/uploads\/2022\/02\/quinta-da-ponte-pedrinha-logo-150x150.jpg 150w, https:\/\/garrafeiragrandeescolha.pt\/wp-content\/uploads\/2022\/02\/quinta-da-ponte-pedrinha-logo-100x100.jpg 100w\" sizes=\"(max-width: 200px) 100vw, 200px\" \/><\/p>\n<p>A Quinta da Ponte Pedrinha situa-se na Regi\u00e3o do D\u00e3o, entre Seia e Gouveia, e est\u00e1 na posse da fam\u00edlia Os\u00f3rio desde o s\u00e9culo XVIII.<\/p>\n<p>A sua vinha, implantada em solos gran\u00edticos desde h\u00e1 mais de 30 anos, tem ra\u00edzes profundas nesta Quinta, ra\u00edzes que se agarram \u00e0 terra e \u00e0 vida das pessoas que nela habitaram, gerando tradi\u00e7\u00e3o.<\/p>\n<p>Os hectares de vinha que oferecem vida aos seus vinhos d\u00e3o contornos de rara beleza \u00e0 paisagem circundante. A tecnologia associada \u00e0 vinifica\u00e7\u00e3o levou \u00e0 constru\u00e7\u00e3o de uma adega \u00e0 altura dos pergaminhos dos vinhos que sempre a\u00ed se produziram.<\/p>","protected":false},"excerpt":{"rendered":"<p>A Quinta da Ponte Pedrinha situa-se na Regi\u00e3o do D\u00e3o, entre Seia e Gouveia, e est\u00e1 na posse da fam\u00edlia Os\u00f3rio desde o s\u00e9culo XVIII. A sua vinha, implantada em solos gran\u00edticos desde h\u00e1 mais de 30 anos, tem ra\u00edzes profundas nesta Quinta, ra\u00edzes que se agarram \u00e0 terra e \u00e0 vida das pessoas que [&hellip;]<\/p>","protected":false},"featured_media":2175,"template":"","meta":{"_exactmetrics_skip_tracking":false,"_exactmetrics_sitenote_active":false,"_exactmetrics_sitenote_note":"","_exactmetrics_sitenote_category":0,"_uf_show_specific_survey":0,"_uf_disable_surveys":false,"iawp_total_views":8},"product_brand":[],"product_cat":[187,184,157],"product_tag":[],"class_list":{"0":"post-12908","1":"product","2":"type-product","3":"status-publish","4":"has-post-thumbnail","6":"product_cat-dao-tinto","7":"product_cat-tinto","8":"product_cat-vinhos","10":"first","11":"instock","12":"shipping-taxable","13":"purchasable","14":"product-type-simple"},"_links":{"self":[{"href":"https:\/\/garrafeiragrandeescolha.pt\/fr\/wp-json\/wp\/v2\/product\/12908","targetHints":{"allow":["GET"]}}],"collection":[{"href":"https:\/\/garrafeiragrandeescolha.pt\/fr\/wp-json\/wp\/v2\/product"}],"about":[{"href":"https:\/\/garrafeiragrandeescolha.pt\/fr\/wp-json\/wp\/v2\/types\/product"}],"wp:featuredmedia":[{"embeddable":true,"href":"https:\/\/garrafeiragrandeescolha.pt\/fr\/wp-json\/wp\/v2\/media\/2175"}],"wp:attachment":[{"href":"https:\/\/garrafeiragrandeescolha.pt\/fr\/wp-json\/wp\/v2\/media?parent=12908"}],"wp:term":[{"taxonomy":"product_brand","embeddable":true,"href":"https:\/\/garrafeiragrandeescolha.pt\/fr\/wp-json\/wp\/v2\/product_brand?post=12908"},{"taxonomy":"product_cat","embeddable":true,"href":"https:\/\/garrafeiragrandeescolha.pt\/fr\/wp-json\/wp\/v2\/product_cat?post=12908"},{"taxonomy":"product_tag","embeddable":true,"href":"https:\/\/garrafeiragrandeescolha.pt\/fr\/wp-json\/wp\/v2\/product_tag?post=12908"}],"curies":[{"name":"wp","href":"https:\/\/api.w.org\/{rel}","templated":true}]}}