{"id":13004,"date":"2020-03-31T20:02:20","date_gmt":"2020-03-31T20:02:20","guid":{"rendered":"http:\/\/garrafeiragrandeescolha.pt\/?post_type=product&#038;p=13004"},"modified":"2023-02-16T16:50:45","modified_gmt":"2023-02-16T16:50:45","slug":"vieira-de-sousa-reserva-tinto-75cl","status":"publish","type":"product","link":"https:\/\/garrafeiragrandeescolha.pt\/fr\/produit\/vieira-de-sousa-reserva-tinto-75cl\/","title":{"rendered":"Vieira de Sousa Reserva Tinto 75cl"},"content":{"rendered":"<p style=\"text-align: center\"><img decoding=\"async\" class=\"alignnone size-medium wp-image-15426\" src=\"http:\/\/garrafeiragrandeescolha.pt\/wp-content\/uploads\/2022\/02\/vieira-de-sousa-logo-300x121.jpg\" alt=\"\" width=\"300\" height=\"121\" srcset=\"https:\/\/garrafeiragrandeescolha.pt\/wp-content\/uploads\/2022\/02\/vieira-de-sousa-logo-300x121.jpg 300w, https:\/\/garrafeiragrandeescolha.pt\/wp-content\/uploads\/2022\/02\/vieira-de-sousa-logo.jpg 360w\" sizes=\"(max-width: 300px) 100vw, 300px\" \/><\/p>\n<p>Somos uma empresa familiar produtora de Vinho do Porto h\u00e1 j\u00e1 cinco gera\u00e7\u00f5es. No s\u00e9culo XIX a marca foi criada pelo nosso tetrav\u00f4 Jos\u00e9 Silv\u00e9rio Vieira De Sousa.<\/p>\n<p>Anos mais tarde da cria\u00e7\u00e3o da marca, devido \u00e0 devasta\u00e7\u00e3o das vinhas pela filoxera, a empresa passou por um per\u00edodo de instabilidade financeira resultante dos anos sem produ\u00e7\u00e3o. Foi neste momento que Jos\u00e9 Ermelindo, nosso bisav\u00f4 se viu a bra\u00e7os com a dif\u00edcil decis\u00e3o de vender a marca, por forma a replantar todas as vinhas da fam\u00edlia focando-se novamente na produ\u00e7\u00e3o, envelhecimento e venda de Vinho do Porto \u00e0 pipa.<\/p>\n<p>Em 2008, com uma nova gera\u00e7\u00e3o a liderar a empresa, Lu\u00edsa, com a ajuda do seu pai Ant\u00f3nio, decidiu investir, novamente, na vertente de engarrafamento de Vinho do Porto. A \u201cVieira de Sousa\u201d adquiriu novos armaz\u00e9ns e equipamentos lan\u00e7ando a fam\u00edlia de volta ao neg\u00f3cio de engarrafamento de Vinho do Porto e, mais tarde, nos Vinhos do Douro.<\/p>\n<p>Todos os nossos vinhos s\u00e3o produzidos com uvas das quatro quintas da fam\u00edlia que ocupam quase 60 hectares no Vale do Douro: Quinta da \u00c0gua Alta, Quinta do Fojo Velho, Quinta da Fonte e Quinta do Ronc\u00e3o Pequeno. As quintas localizam-se ao longo do rio Douro o que permite que a empresa produza diferentes vinhos de ano para ano, mantendo a qualidade.<\/p>","protected":false},"excerpt":{"rendered":"<p>Cor vermelha me\u0301dia, muito expressivo no aroma, com frutos vermelhos muito vivos, dominados por um perfil balsa\u0302mico fresco. Uma boca ainda muito viva, mais concentrada que o ano anterior.<\/p>","protected":false},"featured_media":9613,"template":"","meta":{"_exactmetrics_skip_tracking":false,"_exactmetrics_sitenote_active":false,"_exactmetrics_sitenote_note":"","_exactmetrics_sitenote_category":0,"_uf_show_specific_survey":0,"_uf_disable_surveys":false,"iawp_total_views":30},"product_brand":[],"product_cat":[157,184,215],"product_tag":[],"class_list":{"0":"post-13004","1":"product","2":"type-product","3":"status-publish","4":"has-post-thumbnail","6":"product_cat-vinhos","7":"product_cat-tinto","8":"product_cat-douro","10":"first","11":"instock","12":"shipping-taxable","13":"purchasable","14":"product-type-simple"},"_links":{"self":[{"href":"https:\/\/garrafeiragrandeescolha.pt\/fr\/wp-json\/wp\/v2\/product\/13004","targetHints":{"allow":["GET"]}}],"collection":[{"href":"https:\/\/garrafeiragrandeescolha.pt\/fr\/wp-json\/wp\/v2\/product"}],"about":[{"href":"https:\/\/garrafeiragrandeescolha.pt\/fr\/wp-json\/wp\/v2\/types\/product"}],"wp:featuredmedia":[{"embeddable":true,"href":"https:\/\/garrafeiragrandeescolha.pt\/fr\/wp-json\/wp\/v2\/media\/9613"}],"wp:attachment":[{"href":"https:\/\/garrafeiragrandeescolha.pt\/fr\/wp-json\/wp\/v2\/media?parent=13004"}],"wp:term":[{"taxonomy":"product_brand","embeddable":true,"href":"https:\/\/garrafeiragrandeescolha.pt\/fr\/wp-json\/wp\/v2\/product_brand?post=13004"},{"taxonomy":"product_cat","embeddable":true,"href":"https:\/\/garrafeiragrandeescolha.pt\/fr\/wp-json\/wp\/v2\/product_cat?post=13004"},{"taxonomy":"product_tag","embeddable":true,"href":"https:\/\/garrafeiragrandeescolha.pt\/fr\/wp-json\/wp\/v2\/product_tag?post=13004"}],"curies":[{"name":"wp","href":"https:\/\/api.w.org\/{rel}","templated":true}]}}