{"id":13266,"date":"2020-04-09T21:50:02","date_gmt":"2020-04-09T21:50:02","guid":{"rendered":"http:\/\/garrafeiragrandeescolha.pt\/?post_type=product&#038;p=13266"},"modified":"2026-02-07T12:39:27","modified_gmt":"2026-02-07T12:39:27","slug":"serras-de-grandola-edicao-especial-tinto-2016-75cl","status":"publish","type":"product","link":"https:\/\/garrafeiragrandeescolha.pt\/fr\/produit\/serras-de-grandola-edicao-especial-tinto-2016-75cl\/","title":{"rendered":"Serras de Gr\u00e2ndola Edi\u00e7\u00e3o Especial Tinto 2016 75cl"},"content":{"rendered":"<p><img decoding=\"async\" class=\"size-medium wp-image-21127 aligncenter\" src=\"https:\/\/garrafeiragrandeescolha.pt\/wp-content\/uploads\/2020\/04\/logo_new-300x84.png\" alt=\"\" width=\"300\" height=\"84\" srcset=\"https:\/\/garrafeiragrandeescolha.pt\/wp-content\/uploads\/2020\/04\/logo_new-300x84.png 300w, https:\/\/garrafeiragrandeescolha.pt\/wp-content\/uploads\/2020\/04\/logo_new-18x5.png 18w, https:\/\/garrafeiragrandeescolha.pt\/wp-content\/uploads\/2020\/04\/logo_new.png 551w\" sizes=\"(max-width: 300px) 100vw, 300px\" \/><\/p>\n<p>A propriedade, onde se produzem os vinhos Serras de Gr\u00e2ndola, disp\u00f5e de uma vinha cinquenten\u00e1ria, plantada em 1961, e de uma vinha nova, de 2008.<\/p>\n<p>As vinhas situam-se a cerca de 10 km da orla mar\u00edtima, entre a praia da Aberta Nova e a praia da Gal\u00e9, sofrendo a influ\u00eancia das brisas atl\u00e2nticas. Para al\u00e9m disso, encontram-se a 150 m de altitude, na encosta oeste da Serra de Gr\u00e2ndola, o que proporciona a frescura noturna necess\u00e1ria a uma adequada matura\u00e7\u00e3o. A grande mineralidade dos solos, com predomin\u00e2ncia de ferro e xisto complementam a particularidade da localiza\u00e7\u00e3o.<\/p>\n<p>Os vinhos s\u00e3o produzidos na adega da casa com a colabora\u00e7\u00e3o de toda a fam\u00edlia.<\/p>\n<p>Os Solos s\u00e3o pobres em mat\u00e9ria org\u00e2nica com grande predomin\u00e2ncia de Ferro.<\/p>\n<p>Berlin Wine Trophy 2018 \u2013 Medalha de Ouro Serras de Gr\u00e2ndola tinto<\/p>\n<p>Edi\u00e7\u00e3o Especial 2015 &#8211; Serras de Gr\u00e2ndola tinto Edi\u00e7\u00e3o Especial 2015<br \/>\nMundus Vini Spring Tasting 2018 \u2013 Medalha de Prata Serras de Gr\u00e2ndola tinto Edi\u00e7\u00e3o Especial 2015.<\/p>","protected":false},"excerpt":{"rendered":"<p>Castas: Baga, Camarate, Castel\u00e3o, Bastardo (Vinha Cinquenten\u00e1ria)<\/p>\n<p>De cor rubi carregada e viva, apresenta-se elegante, distinto, com notas de frutos silvestres maduros, especiarias, bel\u00edssima tosta em equil\u00edbrio com o bouquet arom\u00e1tico que destaca os aromas de tabaco e couro. Nobre e bem estruturado, tudo muito bem interligado, a fruta, a madeira, os taninos sedosos e a frescura cativante, deixa um final persistente e sedutor.<\/p>","protected":false},"featured_media":9731,"template":"","meta":{"_exactmetrics_skip_tracking":false,"_exactmetrics_sitenote_active":false,"_exactmetrics_sitenote_note":"","_exactmetrics_sitenote_category":0,"_uf_show_specific_survey":0,"_uf_disable_surveys":false,"iawp_total_views":36},"product_brand":[],"product_cat":[214,184,157],"product_tag":[],"class_list":{"0":"post-13266","1":"product","2":"type-product","3":"status-publish","4":"has-post-thumbnail","6":"product_cat-setubal","7":"product_cat-tinto","8":"product_cat-vinhos","10":"first","11":"instock","12":"shipping-taxable","13":"purchasable","14":"product-type-simple"},"_links":{"self":[{"href":"https:\/\/garrafeiragrandeescolha.pt\/fr\/wp-json\/wp\/v2\/product\/13266","targetHints":{"allow":["GET"]}}],"collection":[{"href":"https:\/\/garrafeiragrandeescolha.pt\/fr\/wp-json\/wp\/v2\/product"}],"about":[{"href":"https:\/\/garrafeiragrandeescolha.pt\/fr\/wp-json\/wp\/v2\/types\/product"}],"wp:featuredmedia":[{"embeddable":true,"href":"https:\/\/garrafeiragrandeescolha.pt\/fr\/wp-json\/wp\/v2\/media\/9731"}],"wp:attachment":[{"href":"https:\/\/garrafeiragrandeescolha.pt\/fr\/wp-json\/wp\/v2\/media?parent=13266"}],"wp:term":[{"taxonomy":"product_brand","embeddable":true,"href":"https:\/\/garrafeiragrandeescolha.pt\/fr\/wp-json\/wp\/v2\/product_brand?post=13266"},{"taxonomy":"product_cat","embeddable":true,"href":"https:\/\/garrafeiragrandeescolha.pt\/fr\/wp-json\/wp\/v2\/product_cat?post=13266"},{"taxonomy":"product_tag","embeddable":true,"href":"https:\/\/garrafeiragrandeescolha.pt\/fr\/wp-json\/wp\/v2\/product_tag?post=13266"}],"curies":[{"name":"wp","href":"https:\/\/api.w.org\/{rel}","templated":true}]}}