{"id":13358,"date":"2020-04-13T18:26:11","date_gmt":"2020-04-13T18:26:11","guid":{"rendered":"http:\/\/garrafeiragrandeescolha.pt\/?post_type=product&#038;p=13358"},"modified":"2024-08-09T14:13:36","modified_gmt":"2024-08-09T14:13:36","slug":"quinta-de-camarate-branco-seco-2019-75cl","status":"publish","type":"product","link":"https:\/\/garrafeiragrandeescolha.pt\/fr\/produit\/quinta-de-camarate-branco-seco-2019-75cl\/","title":{"rendered":"Quinta de Camarate Blanc Sec 75cl"},"content":{"rendered":"<p><img fetchpriority=\"high\" decoding=\"async\" class=\"size-medium wp-image-15293 aligncenter\" src=\"http:\/\/garrafeiragrandeescolha.pt\/wp-content\/uploads\/2022\/02\/JMF-180-anos-LOGO-300x184.jpg\" alt=\"\" width=\"300\" height=\"184\" srcset=\"https:\/\/garrafeiragrandeescolha.pt\/wp-content\/uploads\/2022\/02\/JMF-180-anos-LOGO-300x184.jpg 300w, https:\/\/garrafeiragrandeescolha.pt\/wp-content\/uploads\/2022\/02\/JMF-180-anos-LOGO.jpg 364w\" sizes=\"(max-width: 300px) 100vw, 300px\" \/><\/p>\n<p>A casa Jos\u00e9 Maria da Fonseca tem o nome do seu fundador, nascido em 1804 na aldeia de Vilar Seco, concelho de Nelas, em plena regi\u00e3o do D\u00e3o. Fundada em 1834 em Vila Nogueira de Azeit\u00e3o, \u00e9 a mais antiga produtora de Vinhos de Mesa e\u00a0Moscatel de Set\u00fabal, mantendo-se at\u00e9 hoje na posse dos seus descendentes.<\/p>\n<p>Homem de grande vis\u00e3o, Jos\u00e9 Maria da Fonseca foi um pioneiro na vitivinicultura portuguesa. A substitui\u00e7\u00e3o do trabalho bra\u00e7al pelo arado e o alargamento do compasso entre as cepas para melhor exposi\u00e7\u00e3o solar foram duas inova\u00e7\u00f5es amplamente elogiadas na sua \u00e9poca. A ele se deve tamb\u00e9m a introdu\u00e7\u00e3o de novas castas na regi\u00e3o, como o Castel\u00e3o Franc\u00eas, que trouxe da Estremadura, bem como a substanciais melhorias no\u00a0Moscatel de Set\u00fabal.<\/p>\n<p>Em 1857, D. Pedro V confere a Jos\u00e9 Maria da Fonseca a Ordem da Torre e Espada de Valor, Lealdade e M\u00e9rito. \u00c0 data de sua morte, em 1887, a empresa possui marcas de prest\u00edgio reconhecidas nacional e internacionalmente, sendo os seus produtos exportados para todos os continentes.<\/p>\n<p>A Ant\u00f3nio Porto Soares Franco, representante da quinta gera\u00e7\u00e3o da fam\u00edlia e en\u00f3logo diplomado em Montpellier, se deve o surgimento de dois vinhos ros\u00e9s que representam duas grandes marcas produzidas pela Jos\u00e9 Maria da Fonseca: Fa\u00edsca e\u00a0Lancers. Este \u00faltimo, lan\u00e7ado nos Estados Unidos em 1944, mant\u00e9m-se ainda hoje l\u00edder destacado dos vinhos portugueses importados e consumidos naquele pa\u00eds.<\/p>\n<p>A introdu\u00e7\u00e3o do primeiro vinho branco de grande sucesso no mercado nacional surge em 1945 com o\u00a0Branco Seco Especial (BSE)\u00a0e, uma d\u00e9cada mais tarde, em 1959, \u00e9 lan\u00e7ada a marca Terras Altas com vinhos do D\u00e3o. Os vinhos Pasmados, inicialmente conhecidos como Branco Velho e Tinto Velho, adquirem a sua identidade pr\u00f3pria em 1959.<\/p>\n<p>A marca Palmela Superior d\u00e1 origem, a partir de 1969, aos vinhos Camarate Clarete, Camarate e, a partir de 1985, Quinta de Camarate. Finalmente, em 1945 come\u00e7a a produ\u00e7\u00e3o dos vinhos de garrafeira identificados por secretivas siglas que os tornam aut\u00eanticos objectos de colec\u00e7\u00e3o: P, DA, AE, CB, EV, s\u00e3o os primeiros de uma longa s\u00e9rie de mais de vinte garrafeiras de diferentes origens que conferem \u00e0 Jos\u00e9 Maria da Fonseca uma reputa\u00e7\u00e3o assinal\u00e1vel na produ\u00e7\u00e3o deste tipo de vinhos.<\/p>\n<p>A compra em 1986 da Casa Agr\u00edcola Jos\u00e9 de Sousa Rosado Fernandes, em Reguengos, alarga a oferta de Vinhos de Quinta da Jos\u00e9 Maria da Fonseca, sendo actualmente o Jos\u00e9 de Sousa o \u00fanico vinho portugu\u00eas produzido em talhas de barro.<\/p>\n<p>O crescimento das vendas de\u00a0Periquita, com uma fort\u00edssima presen\u00e7a nos mercados externos, do\u00a0BSE\u00a0e do\u00a0Moscatel de Set\u00fabal\u00a0e, a n\u00edvel de pequenas produ\u00e7\u00f5es, o sucesso do\u00a0Jos\u00e9 de Sousa, do D&#8217;Avillez, e dos tr\u00eas vinhos de garrafeira\u00a0CO,\u00a0TE\u00a0e\u00a0RA, confirmam a aposta da Jos\u00e9 Maria da Fonseca no desenvolvimento de um portfolio de produtos de qualidade.<\/p>\n<p>A partir de 1995, novos vinhos como o\u00a0Periquita Cl\u00e1ssico, os Primum e a Colec\u00e7\u00e3o Privada, conferem \u00e0 Jos\u00e9 Maria da Fonseca uma certa harmonia entre a for\u00e7a da tradi\u00e7\u00e3o e a criatividade \u00e0 volta de novos vinhos apetec\u00edveis \u00e0s novas tend\u00eancias de consumo.<\/p>\n<p>A Jos\u00e9 Maria da Fonseca encontra-se actualmente na posse da sexta gera\u00e7\u00e3o dos seus descendentes directos, desde que Ant\u00f3nio Soares Franco assumiu a presid\u00eancia em 1986 e o seu irm\u00e3o Domingos, diplomado em Enologia pela Universidade de Davis, na California, assegura a vitivinicultura e cria um estilo muito pr\u00f3prio e personalizado dos vinhos que caracterizam a casa.<\/p>\n<p>Em Abril de 1996 a J.M. da Fonseca Internacional Vinhos e a marca Lancers s\u00e3o adquiridas ao grupo brit\u00e2nico IDV, tornando a Jos\u00e9 Maria da Fonseca a maior empresa do sector detida por capitais exclusivamente portugueses.<\/p>\n<p>Neste mesmo ano, a empresa obt\u00e9m o reconhecimento, pelo IPQ, da qualidade do seu processo de produ\u00e7\u00e3o e engarrafamento segundo a norma ISO 9002, sendo o primeiro produtor de vinhos de mesa a receber tal distin\u00e7\u00e3o.<\/p>\n<p>A estrat\u00e9gia de crescimento passa tamb\u00e9m pelo aumento significativo da \u00e1rea de vinha, e consequentemente pelo aumento da produ\u00e7\u00e3o pr\u00f3pria no conjunto total das vendas. A Jos\u00e9 Maria da Fonseca det\u00e9m, neste final de s\u00e9culo, 600 hectares de vinha, 500 dos quais na Pen\u00ednsula de Set\u00fabal e os restantes no Alentejo. A estes devem juntar-se 150 hectares de gest\u00e3o por conta de terceiros.<\/p>","protected":false},"excerpt":{"rendered":"<p>Quinta de Camarate, uma marca refer\u00eancia da Jos\u00e9 Maria da Fonseca, \u00e9 tamb\u00e9m o nome de uma das quintas da Fam\u00edlia Soares Franco, localizada na Pen\u00ednsula de Set\u00fabal.<\/p>\n<p>Situada em Azeit\u00e3o, perto de Set\u00fabal, a Quinta de Camarate foi adquirida por Ant\u00f3nio Soares Franco Jr em 1914 e \u00e9 hoje propriedade de Domingos Soares Franco, um dos propriet\u00e1rios da Jos\u00e9 Maria da Fonseca Esta quinta tem uma \u00e1rea de 120 ha, 39 dos quais est\u00e3o plantados com vinhas A restante parte \u00e9 utilizada para pasto das ovelhas que d\u00e3o origem ao famoso queijo de Azeit\u00e3o As vinhas s\u00e3o plantadas em solos argilo calc\u00e1rios a arenosos junto \u00e0 Serra da Arr\u00e1bida.<\/p>","protected":false},"featured_media":3284,"template":"","meta":{"_exactmetrics_skip_tracking":false,"_exactmetrics_sitenote_active":false,"_exactmetrics_sitenote_note":"","_exactmetrics_sitenote_category":0,"_uf_show_specific_survey":0,"_uf_disable_surveys":false,"iawp_total_views":6},"product_brand":[],"product_cat":[157,185,193],"product_tag":[],"class_list":{"0":"post-13358","1":"product","2":"type-product","3":"status-publish","4":"has-post-thumbnail","6":"product_cat-vinhos","7":"product_cat-branco","8":"product_cat-setubal-branco","10":"first","11":"instock","12":"shipping-taxable","13":"purchasable","14":"product-type-simple"},"_links":{"self":[{"href":"https:\/\/garrafeiragrandeescolha.pt\/fr\/wp-json\/wp\/v2\/product\/13358","targetHints":{"allow":["GET"]}}],"collection":[{"href":"https:\/\/garrafeiragrandeescolha.pt\/fr\/wp-json\/wp\/v2\/product"}],"about":[{"href":"https:\/\/garrafeiragrandeescolha.pt\/fr\/wp-json\/wp\/v2\/types\/product"}],"wp:featuredmedia":[{"embeddable":true,"href":"https:\/\/garrafeiragrandeescolha.pt\/fr\/wp-json\/wp\/v2\/media\/3284"}],"wp:attachment":[{"href":"https:\/\/garrafeiragrandeescolha.pt\/fr\/wp-json\/wp\/v2\/media?parent=13358"}],"wp:term":[{"taxonomy":"product_brand","embeddable":true,"href":"https:\/\/garrafeiragrandeescolha.pt\/fr\/wp-json\/wp\/v2\/product_brand?post=13358"},{"taxonomy":"product_cat","embeddable":true,"href":"https:\/\/garrafeiragrandeescolha.pt\/fr\/wp-json\/wp\/v2\/product_cat?post=13358"},{"taxonomy":"product_tag","embeddable":true,"href":"https:\/\/garrafeiragrandeescolha.pt\/fr\/wp-json\/wp\/v2\/product_tag?post=13358"}],"curies":[{"name":"wp","href":"https:\/\/api.w.org\/{rel}","templated":true}]}}