{"id":13401,"date":"2020-04-14T14:16:18","date_gmt":"2020-04-14T14:16:18","guid":{"rendered":"http:\/\/garrafeiragrandeescolha.pt\/?post_type=product&#038;p=13401"},"modified":"2025-04-16T09:29:26","modified_gmt":"2025-04-16T09:29:26","slug":"soalheiro-granit-branco-75cl","status":"publish","type":"product","link":"https:\/\/garrafeiragrandeescolha.pt\/fr\/produit\/soalheiro-granit-branco-75cl\/","title":{"rendered":"Soalheiro Granit Alvarinho Branco 2022 75cl"},"content":{"rendered":"<p style=\"text-align: center;\"><img decoding=\"async\" class=\"alignnone size-medium wp-image-19848\" src=\"http:\/\/garrafeiragrandeescolha.pt\/wp-content\/uploads\/2020\/04\/soalheiro-300x101.webp\" alt=\"\" width=\"300\" height=\"101\" srcset=\"https:\/\/garrafeiragrandeescolha.pt\/wp-content\/uploads\/2020\/04\/soalheiro-300x101.webp 300w, https:\/\/garrafeiragrandeescolha.pt\/wp-content\/uploads\/2020\/04\/soalheiro-18x6.webp 18w, https:\/\/garrafeiragrandeescolha.pt\/wp-content\/uploads\/2020\/04\/soalheiro.webp 512w\" sizes=\"(max-width: 300px) 100vw, 300px\" \/><\/p>\n<section class=\"static\">\n<article class=\"hero\">\n<div class=\"article-content\">\n<p>Pionnier dans la cr\u00e9ation du vin Alvarinho \u00e0 Melga\u00e7o, et r\u00e9f\u00e9rence internationale pour les vins issus de ce c\u00e9page, Soalheiro s&#039;int\u00e8gre parfaitement dans le paysage typiquement Minho qui l&#039;entoure. Dans les ann\u00e9es 70 (1974), la passion pour la viticulture a conduit Jo\u00e3o Ant\u00f3nio Cerdeira, avec le soutien de son p\u00e8re, Ant\u00f3nio Esteves Ferreira, \u00e0 planter le premier vignoble d&#039;Alvarinho et \u00e0 cr\u00e9er en 1982 la premi\u00e8re marque d&#039;Alvarinho \u00e0 Melga\u00e7o et l&#039;une des premi\u00e8res marques d&#039;Alvarinho. dans la sous-r\u00e9gion de Mon\u00e7\u00e3o et Melga\u00e7o.<\/p>\n<\/div>\n<\/article>\n<\/section>\n<section class=\"static\">\n<article>\n<div class=\"article-content\">\n<p>Situ\u00e9 \u00e0 Melga\u00e7o (le point le plus septentrional du Portugal), il est prot\u00e9g\u00e9 par un ensemble de montagnes qui cr\u00e9ent les conditions n\u00e9cessaires \u00e0 la meilleure maturation des raisins d&#039;Alvarinho. Ici, l&#039;Alvarinho est sp\u00e9cial, la terre est prot\u00e9g\u00e9e par un groupe de montagnes qui cr\u00e9ent la pluie, la temp\u00e9rature et les heures d&#039;ensoleillement n\u00e9cessaires \u00e0 la meilleure maturation des raisins. Nous esp\u00e9rons que vous appr\u00e9cierez \u00e9galement son expression vibrante et \u00e9l\u00e9gante, ce qui nous passionne\u2026<\/p>\n<\/div>\n<\/article>\n<\/section>","protected":false},"excerpt":{"rendered":"<p>O Soalheiro Granit revela o lado mais mineral da casta Alvarinho.\u00a0E\u0301 um Alvarinho que sai de uma selec\u0327a\u0303o especi\u0301fica de vinhas plantadas acima dos 300 metros de altitude, revelando a mineralidade que relaciona o solo de origem grani\u0301tica do terroir de Monc\u0327a\u0303o e Melgac\u0327o e a casta Alvarinho, aprimorado com a batonage e o esta\u0301gio nas borras finas. A fermentac\u0327a\u0303o ocorre em cubas de inox a temperatura mais elevada que a usual em vinhos brancos, mostrando aroma elegante e mais mineral com um final seco e persistente.<\/p>\n<p>As uvas de Alvarinho utilizadas no Soalheiro Granit sa\u0303o provenientes de vinhas de pequena dimensa\u0303o implantadas em solo de origem grani\u0301tica acima dos 300 metros de altitude e localizadas no microclima particular da sub-regia\u0303o de Monc\u0327a\u0303o e Melgac\u0327o, a regia\u0303o mais norte de Portugal.<\/p>\n<p>Cor amarela citrina, aroma com o perfil contido e elegante com notas minerais e final seco.\u00a0O Soalheiro Granit revela o lado mais mineral da casta Alvarinho terminando com um final seco e persistente.<\/p>\n<p>Ideal para a refeic\u0327a\u0303o sendo um perfil de Soalheiro muito gastrono\u0301mico acompanhando todo o tipo de pratos de marisco ou peixe.<\/p>","protected":false},"featured_media":3411,"template":"","meta":{"_exactmetrics_skip_tracking":false,"_exactmetrics_sitenote_active":false,"_exactmetrics_sitenote_note":"","_exactmetrics_sitenote_category":0,"_uf_show_specific_survey":0,"_uf_disable_surveys":false,"iawp_total_views":9},"product_brand":[],"product_cat":[185,157,206],"product_tag":[],"class_list":{"0":"post-13401","1":"product","2":"type-product","3":"status-publish","4":"has-post-thumbnail","6":"product_cat-branco","7":"product_cat-vinhos","8":"product_cat-vinhos-verdes","10":"first","11":"instock","12":"shipping-taxable","13":"purchasable","14":"product-type-simple"},"_links":{"self":[{"href":"https:\/\/garrafeiragrandeescolha.pt\/fr\/wp-json\/wp\/v2\/product\/13401","targetHints":{"allow":["GET"]}}],"collection":[{"href":"https:\/\/garrafeiragrandeescolha.pt\/fr\/wp-json\/wp\/v2\/product"}],"about":[{"href":"https:\/\/garrafeiragrandeescolha.pt\/fr\/wp-json\/wp\/v2\/types\/product"}],"wp:featuredmedia":[{"embeddable":true,"href":"https:\/\/garrafeiragrandeescolha.pt\/fr\/wp-json\/wp\/v2\/media\/3411"}],"wp:attachment":[{"href":"https:\/\/garrafeiragrandeescolha.pt\/fr\/wp-json\/wp\/v2\/media?parent=13401"}],"wp:term":[{"taxonomy":"product_brand","embeddable":true,"href":"https:\/\/garrafeiragrandeescolha.pt\/fr\/wp-json\/wp\/v2\/product_brand?post=13401"},{"taxonomy":"product_cat","embeddable":true,"href":"https:\/\/garrafeiragrandeescolha.pt\/fr\/wp-json\/wp\/v2\/product_cat?post=13401"},{"taxonomy":"product_tag","embeddable":true,"href":"https:\/\/garrafeiragrandeescolha.pt\/fr\/wp-json\/wp\/v2\/product_tag?post=13401"}],"curies":[{"name":"wp","href":"https:\/\/api.w.org\/{rel}","templated":true}]}}