{"id":13484,"date":"2020-04-17T11:20:03","date_gmt":"2020-04-17T11:20:03","guid":{"rendered":"http:\/\/garrafeiragrandeescolha.pt\/?post_type=product&#038;p=13484"},"modified":"2025-12-01T12:33:49","modified_gmt":"2025-12-01T12:33:49","slug":"deux-fermes-rouge-75cl","status":"publish","type":"product","link":"https:\/\/garrafeiragrandeescolha.pt\/fr\/produit\/deux-fermes-rouge-75cl\/","title":{"rendered":"Duas Quintas Tinto 2021 75cl"},"content":{"rendered":"<p>Duas Quintas Red est un vin du Douro Sup\u00e9rieur, issu de la Quinta de Ervamoira et de la Quinta dos Bons Ares, \u00e9labor\u00e9 avec des c\u00e9pages traditionnels qui expriment le potentiel de cette r\u00e9gion extr\u00eame.<\/p>","protected":false},"excerpt":{"rendered":"<p>45% Touriga-Nacional, 30% Touriga-Franca et 25% issus des vari\u00e9t\u00e9s traditionnelles du Douro : Tinta-Roriz, Tinta da Barca, Tinta-Barroca, Sous\u00e3o, Tinto-C\u00e3o et Tinta-Amarela.<\/p>\n<p>Aspect visuel -Couleur intense, cerise noire aux reflets rubis.<\/p>\n<p>Aspect Olfactif \u2013 Nez vineux m\u00fbr et intense, o\u00f9 ressort le parfum de prunes et de fruits sauvages ; apr\u00e8s agitation, ils se transforment en notes balsamiques complexes.<\/p>\n<p>Go\u00fbt Aspect -En bouche, il est concentr\u00e9, avec une structure compacte, des tanins soyeux et bien accord\u00e9s. Dans sa complexit\u00e9, se d\u00e9tachent des notes de m\u00fbres et de r\u00e9glisse.<\/p>","protected":false},"featured_media":3734,"template":"","meta":{"_exactmetrics_skip_tracking":false,"_exactmetrics_sitenote_active":false,"_exactmetrics_sitenote_note":"","_exactmetrics_sitenote_category":0,"_uf_show_specific_survey":0,"_uf_disable_surveys":false,"iawp_total_views":26},"product_brand":[],"product_cat":[157,185,188],"product_tag":[],"class_list":{"0":"post-13484","1":"product","2":"type-product","3":"status-publish","4":"has-post-thumbnail","6":"product_cat-vinhos","7":"product_cat-branco","8":"product_cat-douro-branco","10":"first","11":"instock","12":"shipping-taxable","13":"purchasable","14":"product-type-simple"},"_links":{"self":[{"href":"https:\/\/garrafeiragrandeescolha.pt\/fr\/wp-json\/wp\/v2\/product\/13484","targetHints":{"allow":["GET"]}}],"collection":[{"href":"https:\/\/garrafeiragrandeescolha.pt\/fr\/wp-json\/wp\/v2\/product"}],"about":[{"href":"https:\/\/garrafeiragrandeescolha.pt\/fr\/wp-json\/wp\/v2\/types\/product"}],"wp:featuredmedia":[{"embeddable":true,"href":"https:\/\/garrafeiragrandeescolha.pt\/fr\/wp-json\/wp\/v2\/media\/3734"}],"wp:attachment":[{"href":"https:\/\/garrafeiragrandeescolha.pt\/fr\/wp-json\/wp\/v2\/media?parent=13484"}],"wp:term":[{"taxonomy":"product_brand","embeddable":true,"href":"https:\/\/garrafeiragrandeescolha.pt\/fr\/wp-json\/wp\/v2\/product_brand?post=13484"},{"taxonomy":"product_cat","embeddable":true,"href":"https:\/\/garrafeiragrandeescolha.pt\/fr\/wp-json\/wp\/v2\/product_cat?post=13484"},{"taxonomy":"product_tag","embeddable":true,"href":"https:\/\/garrafeiragrandeescolha.pt\/fr\/wp-json\/wp\/v2\/product_tag?post=13484"}],"curies":[{"name":"wp","href":"https:\/\/api.w.org\/{rel}","templated":true}]}}