{"id":13502,"date":"2020-04-18T16:47:58","date_gmt":"2020-04-18T16:47:58","guid":{"rendered":"http:\/\/garrafeiragrandeescolha.pt\/?post_type=product&#038;p=13502"},"modified":"2024-11-27T12:14:19","modified_gmt":"2024-11-27T12:14:19","slug":"she-poeira-tinto-2016-75cl","status":"publish","type":"product","link":"https:\/\/garrafeiragrandeescolha.pt\/fr\/produit\/she-poeira-tinto-2016-75cl\/","title":{"rendered":"She Poeira Tinto 2019 75cl"},"content":{"rendered":"<p style=\"text-align: center\"><img fetchpriority=\"high\" decoding=\"async\" class=\"alignnone size-medium wp-image-15070\" src=\"http:\/\/garrafeiragrandeescolha.pt\/wp-content\/uploads\/2022\/02\/poeira-logo-300x300.jpg\" alt=\"\" width=\"300\" height=\"300\" srcset=\"https:\/\/garrafeiragrandeescolha.pt\/wp-content\/uploads\/2022\/02\/poeira-logo-300x300.jpg 300w, https:\/\/garrafeiragrandeescolha.pt\/wp-content\/uploads\/2022\/02\/poeira-logo-150x150.jpg 150w, https:\/\/garrafeiragrandeescolha.pt\/wp-content\/uploads\/2022\/02\/poeira-logo-768x768.jpg 768w, https:\/\/garrafeiragrandeescolha.pt\/wp-content\/uploads\/2022\/02\/poeira-logo-600x600.jpg 600w, https:\/\/garrafeiragrandeescolha.pt\/wp-content\/uploads\/2022\/02\/poeira-logo-100x100.jpg 100w, https:\/\/garrafeiragrandeescolha.pt\/wp-content\/uploads\/2022\/02\/poeira-logo.jpg 900w\" sizes=\"(max-width: 300px) 100vw, 300px\" \/><\/p>\n<p>La ferme est situ\u00e9e \u00e0 Provesende, s&#039;\u00e9tendant le long d&#039;un versant de la vall\u00e9e de Pinh\u00e3o, sur la rive droite de la rivi\u00e8re du m\u00eame nom. Il se compose de neuf hectares de vignes, deux hectares d&#039;oliviers et trois hectares de for\u00eat. Le vignoble b\u00e9n\u00e9ficie d&#039;une exposition nord, ce qui constitue un \u00e9l\u00e9ment fondamental dans la d\u00e9termination du style de vins de table du domaine. Les temp\u00e9ratures dans la r\u00e9gion sont toujours extr\u00eamement \u00e9lev\u00e9es en \u00e9t\u00e9 et, sur le versant nord, les raisins peuvent m\u00fbrir plus progressivement, ce qui pr\u00e9serve mieux les ar\u00f4mes, les saveurs et l&#039;acidit\u00e9. Le b\u00e2timent en ruine \u00e0 c\u00f4t\u00e9 du vieil oranger a \u00e9t\u00e9 restaur\u00e9 et sert d\u00e9sormais de maison et de cave, dans un paysage intense et \u00e0 couper le souffle au milieu des vignes. La cave est minimaliste, avec quatre pressoirs traditionnels en pierre (\u00e0 temp\u00e9rature contr\u00f4l\u00e9e) et un vieux pressoir vertical. Il dispose \u00e9galement d&#039;un chai d&#039;\u00e9levage en barriques climatis\u00e9 et dot\u00e9 d&#039;\u00e9pais murs en ardoise. C&#039;est une cave con\u00e7ue pour \u00e9laborer des vins tr\u00e8s lentement et avec beaucoup de soin, \u00e9quip\u00e9e de tout le n\u00e9cessaire pour atteindre la pleine expression de son terroir.<\/p>","protected":false},"excerpt":{"rendered":"<p>Tudo muito afinado e elegante, 100% touriga franca e um grau alco\u00f3lico moderado, estamos perante um vinho de perfil feminino, apesar de viril e estruturado. Grande estreia de Olga Martins na assinatura de um vinho, criando expectativa em rela\u00e7\u00e3o a t\u00edtulos futuros.<\/p>","protected":false},"featured_media":3792,"template":"","meta":{"_exactmetrics_skip_tracking":false,"_exactmetrics_sitenote_active":false,"_exactmetrics_sitenote_note":"","_exactmetrics_sitenote_category":0,"_uf_show_specific_survey":0,"_uf_disable_surveys":false,"iawp_total_views":10},"product_brand":[],"product_cat":[215,184,157],"product_tag":[],"class_list":{"0":"post-13502","1":"product","2":"type-product","3":"status-publish","4":"has-post-thumbnail","6":"product_cat-douro","7":"product_cat-tinto","8":"product_cat-vinhos","10":"first","11":"instock","12":"shipping-taxable","13":"purchasable","14":"product-type-simple"},"_links":{"self":[{"href":"https:\/\/garrafeiragrandeescolha.pt\/fr\/wp-json\/wp\/v2\/product\/13502","targetHints":{"allow":["GET"]}}],"collection":[{"href":"https:\/\/garrafeiragrandeescolha.pt\/fr\/wp-json\/wp\/v2\/product"}],"about":[{"href":"https:\/\/garrafeiragrandeescolha.pt\/fr\/wp-json\/wp\/v2\/types\/product"}],"wp:featuredmedia":[{"embeddable":true,"href":"https:\/\/garrafeiragrandeescolha.pt\/fr\/wp-json\/wp\/v2\/media\/3792"}],"wp:attachment":[{"href":"https:\/\/garrafeiragrandeescolha.pt\/fr\/wp-json\/wp\/v2\/media?parent=13502"}],"wp:term":[{"taxonomy":"product_brand","embeddable":true,"href":"https:\/\/garrafeiragrandeescolha.pt\/fr\/wp-json\/wp\/v2\/product_brand?post=13502"},{"taxonomy":"product_cat","embeddable":true,"href":"https:\/\/garrafeiragrandeescolha.pt\/fr\/wp-json\/wp\/v2\/product_cat?post=13502"},{"taxonomy":"product_tag","embeddable":true,"href":"https:\/\/garrafeiragrandeescolha.pt\/fr\/wp-json\/wp\/v2\/product_tag?post=13502"}],"curies":[{"name":"wp","href":"https:\/\/api.w.org\/{rel}","templated":true}]}}