{"id":13531,"date":"2020-04-21T11:48:09","date_gmt":"2020-04-21T11:48:09","guid":{"rendered":"http:\/\/garrafeiragrandeescolha.pt\/?post_type=product&#038;p=13531"},"modified":"2024-11-16T17:24:19","modified_gmt":"2024-11-16T17:24:19","slug":"champagne-moet-chandon-ice-imperial-75cl","status":"publish","type":"product","link":"https:\/\/garrafeiragrandeescolha.pt\/fr\/produit\/champagne-moet-chandon-ice-imperial-75cl\/","title":{"rendered":"Champagne Mo\u00ebt &amp; Chandon Ice Imperial 75cl"},"content":{"rendered":"<p><img decoding=\"async\" class=\"size-medium wp-image-15341 aligncenter\" src=\"http:\/\/garrafeiragrandeescolha.pt\/wp-content\/uploads\/2022\/02\/Moet-Chandon-logo-300x150.jpg\" alt=\"\" width=\"300\" height=\"150\" srcset=\"https:\/\/garrafeiragrandeescolha.pt\/wp-content\/uploads\/2022\/02\/Moet-Chandon-logo-300x150.jpg 300w, https:\/\/garrafeiragrandeescolha.pt\/wp-content\/uploads\/2022\/02\/Moet-Chandon-logo-1024x512.jpg 1024w, https:\/\/garrafeiragrandeescolha.pt\/wp-content\/uploads\/2022\/02\/Moet-Chandon-logo-768x384.jpg 768w, https:\/\/garrafeiragrandeescolha.pt\/wp-content\/uploads\/2022\/02\/Moet-Chandon-logo-1536x768.jpg 1536w, https:\/\/garrafeiragrandeescolha.pt\/wp-content\/uploads\/2022\/02\/Moet-Chandon-logo-600x300.jpg 600w, https:\/\/garrafeiragrandeescolha.pt\/wp-content\/uploads\/2022\/02\/Moet-Chandon-logo.jpg 2048w\" sizes=\"(max-width: 300px) 100vw, 300px\" \/><\/p>\n<p>Le l\u00e9gendaire Mo\u00ebt &amp; Chandon f\u00eate ses 270 ans en tant que champagne le plus appr\u00e9ci\u00e9 au monde. Depuis plus d&#039;un quart de mill\u00e9naire, le c\u00e9l\u00e8bre vigneron fran\u00e7ais partage la magie du Champagne \u00e0 travers le monde. Chaque tasse regorge des valeurs d\u00e9terminantes de l&#039;histoire : g\u00e9n\u00e9rosit\u00e9, g\u00e9n\u00e9rosit\u00e9, sagesse, r\u00e9ussite, audace et \u00e9l\u00e9gance \u2013 des valeurs toujours au c\u0153ur de son attrait mondial. \u00c0 la fin du XVIIIe si\u00e8cle, Jean-R\u00e9my Mo\u00ebt, petit-fils du fondateur Claude Mo\u00ebt, devient c\u00e9l\u00e8bre comme l&#039;homme qui a fait conna\u00eetre le champagne au monde. Les grandes personnalit\u00e9s de l&#039;\u00e9poque, de la Marquise de Pompadour \u00e0 Talleyrand en passant par Napol\u00e9on, tombent rapidement sous le charme du vin effervescent de la Maison. Mo\u00ebt &amp; Chandon fut bient\u00f4t l&#039;ic\u00f4ne du succ\u00e8s et de l&#039;\u00e9l\u00e9gance qui perdure aujourd&#039;hui.<\/p>","protected":false},"excerpt":{"rendered":"<p>Ice Imp\u00e9rial, o primeiro e \u00fanico champanhe especialmente criado para ser degustado com gelo.\u00a0Uma nova experi\u00eancia de champanhe que combina sensa\u00e7\u00f5es divertidas, frescas e livres, mantendo-se fiel ao estilo Mo\u00ebt &amp; Chandon, um estilo que se distingue por seu frutado brilhante, seu paladar sedutor e sua maturidade elegante.<\/p>\n<p>O poderoso aroma de frutas tropicais (manga, goiaba)<\/p>\n<p>A suntuosidade das frutas-pedra (nectarina)<\/p>\n<p>Uma nota original de framboesa<\/p>","protected":false},"featured_media":3888,"template":"","meta":{"_exactmetrics_skip_tracking":false,"_exactmetrics_sitenote_active":false,"_exactmetrics_sitenote_note":"","_exactmetrics_sitenote_category":0,"_uf_show_specific_survey":0,"_uf_disable_surveys":false,"iawp_total_views":24},"product_brand":[],"product_cat":[160,178],"product_tag":[],"class_list":{"0":"post-13531","1":"product","2":"type-product","3":"status-publish","4":"has-post-thumbnail","6":"product_cat-espumantes","7":"product_cat-champagne","9":"first","10":"instock","11":"shipping-taxable","12":"purchasable","13":"product-type-simple"},"_links":{"self":[{"href":"https:\/\/garrafeiragrandeescolha.pt\/fr\/wp-json\/wp\/v2\/product\/13531","targetHints":{"allow":["GET"]}}],"collection":[{"href":"https:\/\/garrafeiragrandeescolha.pt\/fr\/wp-json\/wp\/v2\/product"}],"about":[{"href":"https:\/\/garrafeiragrandeescolha.pt\/fr\/wp-json\/wp\/v2\/types\/product"}],"wp:featuredmedia":[{"embeddable":true,"href":"https:\/\/garrafeiragrandeescolha.pt\/fr\/wp-json\/wp\/v2\/media\/3888"}],"wp:attachment":[{"href":"https:\/\/garrafeiragrandeescolha.pt\/fr\/wp-json\/wp\/v2\/media?parent=13531"}],"wp:term":[{"taxonomy":"product_brand","embeddable":true,"href":"https:\/\/garrafeiragrandeescolha.pt\/fr\/wp-json\/wp\/v2\/product_brand?post=13531"},{"taxonomy":"product_cat","embeddable":true,"href":"https:\/\/garrafeiragrandeescolha.pt\/fr\/wp-json\/wp\/v2\/product_cat?post=13531"},{"taxonomy":"product_tag","embeddable":true,"href":"https:\/\/garrafeiragrandeescolha.pt\/fr\/wp-json\/wp\/v2\/product_tag?post=13531"}],"curies":[{"name":"wp","href":"https:\/\/api.w.org\/{rel}","templated":true}]}}