{"id":13601,"date":"2020-04-22T21:48:41","date_gmt":"2020-04-22T21:48:41","guid":{"rendered":"http:\/\/garrafeiragrandeescolha.pt\/?post_type=product&#038;p=13601"},"modified":"2023-11-07T18:04:10","modified_gmt":"2023-11-07T18:04:10","slug":"gin-azor-london-dry-70cl","status":"publish","type":"product","link":"https:\/\/garrafeiragrandeescolha.pt\/fr\/produit\/gin-azor-london-dry-70cl\/","title":{"rendered":"Gin Azor Londres Sec 70cl"},"content":{"rendered":"","protected":false},"excerpt":{"rendered":"<p><img decoding=\"async\" class=\"alignnone size-full wp-image-3689\" src=\"https:\/\/garrafeiragrandeescolha.pt\/wp-content\/uploads\/2020\/04\/portugal.png\" alt=\"\" width=\"70\" height=\"40\" \/> Origine Portugal<\/p>\n<p>O\u00a0AZOR London Dry Gin \u00e9 sujeito a 1 destila\u00e7\u00e3o coletiva dos seus 9 bot\u00e2nicos da sua constitui\u00e7\u00e3o dos quais zimbro, raiz de ang\u00e9lica, cardamomo, lim\u00e3o, coentros e gengibre, destilado em Portugal continental.<\/p>\n<p>O desenvolvimento deste produto demorou cerca de um ano devido ao especial cuidado e rigor na selec\u00e7\u00e3o das diferentes especiarias usadas na sua destila\u00e7\u00e3o. Tal cuidado deve-se \u00e1 escolha do seu processo de destila\u00e7\u00e3o &#8211;\u00a0LONDON DRY GIN<\/p>\n<p>Este gin \u00e9 caracterizado pelo seu processo de destila\u00e7\u00e3o onde todos os seus bot\u00e2nicos s\u00e3o destilados em conjunto e em contato direto com o \u00e1lcool. Ap\u00f3s este processo o destilado n\u00e3o \u00e9 alterado.<\/p>\n<p>No\u00a0AZOR London Dry Gin\u00a0o sabor predominante \u00e9 o zimbro devido \u00e1 quantidade utilizada (80%).<\/p>","protected":false},"featured_media":4114,"template":"","meta":{"_exactmetrics_skip_tracking":false,"_exactmetrics_sitenote_active":false,"_exactmetrics_sitenote_note":"","_exactmetrics_sitenote_category":0,"_uf_show_specific_survey":0,"_uf_disable_surveys":false,"iawp_total_views":1},"product_brand":[],"product_cat":[158,183],"product_tag":[],"class_list":{"0":"post-13601","1":"product","2":"type-product","3":"status-publish","4":"has-post-thumbnail","6":"product_cat-espirituosos","7":"product_cat-gin","9":"first","10":"outofstock","11":"shipping-taxable","12":"purchasable","13":"product-type-simple"},"_links":{"self":[{"href":"https:\/\/garrafeiragrandeescolha.pt\/fr\/wp-json\/wp\/v2\/product\/13601","targetHints":{"allow":["GET"]}}],"collection":[{"href":"https:\/\/garrafeiragrandeescolha.pt\/fr\/wp-json\/wp\/v2\/product"}],"about":[{"href":"https:\/\/garrafeiragrandeescolha.pt\/fr\/wp-json\/wp\/v2\/types\/product"}],"wp:featuredmedia":[{"embeddable":true,"href":"https:\/\/garrafeiragrandeescolha.pt\/fr\/wp-json\/wp\/v2\/media\/4114"}],"wp:attachment":[{"href":"https:\/\/garrafeiragrandeescolha.pt\/fr\/wp-json\/wp\/v2\/media?parent=13601"}],"wp:term":[{"taxonomy":"product_brand","embeddable":true,"href":"https:\/\/garrafeiragrandeescolha.pt\/fr\/wp-json\/wp\/v2\/product_brand?post=13601"},{"taxonomy":"product_cat","embeddable":true,"href":"https:\/\/garrafeiragrandeescolha.pt\/fr\/wp-json\/wp\/v2\/product_cat?post=13601"},{"taxonomy":"product_tag","embeddable":true,"href":"https:\/\/garrafeiragrandeescolha.pt\/fr\/wp-json\/wp\/v2\/product_tag?post=13601"}],"curies":[{"name":"wp","href":"https:\/\/api.w.org\/{rel}","templated":true}]}}