{"id":13635,"date":"2020-04-24T17:50:50","date_gmt":"2020-04-24T17:50:50","guid":{"rendered":"http:\/\/garrafeiragrandeescolha.pt\/?post_type=product&#038;p=13635"},"modified":"2023-10-25T15:43:31","modified_gmt":"2023-10-25T15:43:31","slug":"ramilo-touriga-nacional-rouge-75cl","status":"publish","type":"product","link":"https:\/\/garrafeiragrandeescolha.pt\/fr\/produit\/ramilo-touriga-nacional-rouge-75cl\/","title":{"rendered":"Ramilo Vinhas Velhas Rouge 2017 75cl"},"content":{"rendered":"<p><img fetchpriority=\"high\" decoding=\"async\" class=\"size-full wp-image-15064 aligncenter\" src=\"http:\/\/garrafeiragrandeescolha.pt\/wp-content\/uploads\/2022\/02\/ramilo-logo.png\" alt=\"\" width=\"225\" height=\"225\" srcset=\"https:\/\/garrafeiragrandeescolha.pt\/wp-content\/uploads\/2022\/02\/ramilo-logo.png 225w, https:\/\/garrafeiragrandeescolha.pt\/wp-content\/uploads\/2022\/02\/ramilo-logo-150x150.png 150w, https:\/\/garrafeiragrandeescolha.pt\/wp-content\/uploads\/2022\/02\/ramilo-logo-100x100.png 100w\" sizes=\"(max-width: 225px) 100vw, 225px\" \/><\/p>\n<p>2013. C&#039;est l&#039;ann\u00e9e o\u00f9 les fr\u00e8res Pedro et Nuno Ramilo, d\u00e9fi\u00e9s par leur p\u00e8re, d\u00e9cident d&#039;embrasser une tradition familiale de 4 g\u00e9n\u00e9rations. Ils l\u2019ont fait, mais \u00e0 une condition : que ce soit leur propre voie. A partir de ce moment, ils ne seront plus seulement un producteur comme les autres, avec de bons vins \u00e9gaux aux autres.<\/p>\n<p>Surtout connue pour ses palais et sa nature verdoyante, la r\u00e9gion \u00e9tait autrefois une station estivale pour les rois et les riches membres de la famille royale europ\u00e9enne. Elle est encore connue aujourd&#039;hui pour ses plages au climat sauvage et \u00e0 la nature sauvage, ainsi que pour les c\u00e9l\u00e8bres vins de Ramisco et Malvasia de Colares, n\u00e9s sur le versant nord de la Serra de Sintra.<br \/>\nC&#039;est dans ce sc\u00e9nario que poussent nos raisins, r\u00e9partis depuis la r\u00e9gion typique de Colares jusqu&#039;aux pentes de la vall\u00e9e de la rivi\u00e8re Lizandro, pr\u00e8s de Mafra, toujours avec l&#039;Atlantique en vue et la Serra de Sintra en toile de fond.<\/p>","protected":false},"excerpt":{"rendered":"<p>Raisins : vignobles Castel\u00e3o de plus de 40 ans<\/p>\n<p>\u00ab Couleur moyenne, ar\u00f4me de fruit tr\u00e8s \u00e9l\u00e9gant et frais. En bouche, l&#039;\u00e9l\u00e9gance, la fra\u00eecheur et la salinit\u00e9 surprennent.<br \/>\nAccompagne : Plats intenses de viande et de poisson cuits au four.<\/p>","protected":false},"featured_media":4219,"template":"","meta":{"_exactmetrics_skip_tracking":false,"_exactmetrics_sitenote_active":false,"_exactmetrics_sitenote_note":"","_exactmetrics_sitenote_category":0,"_uf_show_specific_survey":0,"_uf_disable_surveys":false,"iawp_total_views":20},"product_brand":[],"product_cat":[157,184,210],"product_tag":[],"class_list":{"0":"post-13635","1":"product","2":"type-product","3":"status-publish","4":"has-post-thumbnail","6":"product_cat-vinhos","7":"product_cat-tinto","8":"product_cat-lisboa","10":"first","11":"instock","12":"shipping-taxable","13":"purchasable","14":"product-type-simple"},"_links":{"self":[{"href":"https:\/\/garrafeiragrandeescolha.pt\/fr\/wp-json\/wp\/v2\/product\/13635","targetHints":{"allow":["GET"]}}],"collection":[{"href":"https:\/\/garrafeiragrandeescolha.pt\/fr\/wp-json\/wp\/v2\/product"}],"about":[{"href":"https:\/\/garrafeiragrandeescolha.pt\/fr\/wp-json\/wp\/v2\/types\/product"}],"wp:featuredmedia":[{"embeddable":true,"href":"https:\/\/garrafeiragrandeescolha.pt\/fr\/wp-json\/wp\/v2\/media\/4219"}],"wp:attachment":[{"href":"https:\/\/garrafeiragrandeescolha.pt\/fr\/wp-json\/wp\/v2\/media?parent=13635"}],"wp:term":[{"taxonomy":"product_brand","embeddable":true,"href":"https:\/\/garrafeiragrandeescolha.pt\/fr\/wp-json\/wp\/v2\/product_brand?post=13635"},{"taxonomy":"product_cat","embeddable":true,"href":"https:\/\/garrafeiragrandeescolha.pt\/fr\/wp-json\/wp\/v2\/product_cat?post=13635"},{"taxonomy":"product_tag","embeddable":true,"href":"https:\/\/garrafeiragrandeescolha.pt\/fr\/wp-json\/wp\/v2\/product_tag?post=13635"}],"curies":[{"name":"wp","href":"https:\/\/api.w.org\/{rel}","templated":true}]}}