{"id":13640,"date":"2020-04-24T18:39:14","date_gmt":"2020-04-24T18:39:14","guid":{"rendered":"http:\/\/garrafeiragrandeescolha.pt\/?post_type=product&#038;p=13640"},"modified":"2023-01-23T15:58:42","modified_gmt":"2023-01-23T15:58:42","slug":"quinta-do-quetzal-reserva-tinto-75cl","status":"publish","type":"product","link":"https:\/\/garrafeiragrandeescolha.pt\/fr\/produit\/quinta-do-quetzal-reserva-tinto-75cl\/","title":{"rendered":"Quinta do Quetzal Reserva Tinto 75cl"},"content":{"rendered":"<p><img decoding=\"async\" class=\"size-medium wp-image-15931 aligncenter\" src=\"http:\/\/garrafeiragrandeescolha.pt\/wp-content\/uploads\/2020\/03\/quetzal-logo-300x73.png\" alt=\"\" width=\"300\" height=\"73\" srcset=\"https:\/\/garrafeiragrandeescolha.pt\/wp-content\/uploads\/2020\/03\/quetzal-logo-300x73.png 300w, https:\/\/garrafeiragrandeescolha.pt\/wp-content\/uploads\/2020\/03\/quetzal-logo-18x4.png 18w, https:\/\/garrafeiragrandeescolha.pt\/wp-content\/uploads\/2020\/03\/quetzal-logo.png 454w\" sizes=\"(max-width: 300px) 100vw, 300px\" \/><\/p>\n<p>A Quinta do Quetzal situa-se no cora\u00e7\u00e3o da regi\u00e3o do Alentejo nas encostas da Vidigueira. Fica nas imedia\u00e7\u00f5es da mais antiga adega romana do sudoeste da Pen\u00ednsula Ib\u00e9rica. O microclima e as nossas colinas criam as condi\u00e7\u00f5es ideais para um terroir \u00fanico contrariando a t\u00edpica propriedade do Alentejo. Os solos xistosos, as diferentes exposi\u00e7\u00f5es solares e altitudes permitidas pela topografia em colina e \u00e1reas plantadas com vinhas velhas, formam uma combina\u00e7\u00e3o \u00fanica num cen\u00e1rio de plan\u00edcie alentejana. A regi\u00e3o da Vidigueira \u00e9 solarenga e quente, mas, por estar no sop\u00e9 sul da Serra do Mendro, beneficia de ventos frescos veiculados pela serra desde o oceano Atl\u00e2ntico. Estas condi\u00e7\u00f5es, que se traduzem em elevadas amplitudes t\u00e9rmicas di\u00e1rias, d\u00e3o \u00e0s plantas o calor que precisam para amadurecer as uvas e o fresco para recuperarem. A sua excecional qualidade permite produzir vinhos em quantidades limitadas, que expressam o car\u00e1ter da regi\u00e3o envolvente.<br \/>\nPara completar a experi\u00eancia Quetzal, foi criado um novo edif\u00edcio que aloja um restaurante, uma loja e um centro de arte. O xisto, que reveste as suas paredes, destaca-se e integra-se simultaneamente com fluidez na envolvente. O espa\u00e7o circundante foi concebido para incorporar plantas nativas naturais de modo a maximizar a experi\u00eancia do habitat natural do Alentejo.<\/p>","protected":false},"excerpt":{"rendered":"<p>Castas: Syrah, Alicante Bouchet e Trincadeira<\/p>\n<p>Excelente tinto Reserva \u00e9 produzido com as melhores uvas das castas Syrah, Alicante Bouschet e Trincadeira. As uvas s\u00e3o cultivadas no microclima perfeito, apanhadas \u00e0 m\u00e3o nos melhores talh\u00f5es e esmagadas por processos puramente naturais. S\u00e3o processadas por gravidade na nossa adega moderna. Fermentam em tanques de madeira e estagiam durante pelo menos 20 meses em barricas de carvalho franc\u00eas, dando origem a taninos sedosos marcados por frutos negros.<\/p>","protected":false},"featured_media":4235,"template":"","meta":{"_exactmetrics_skip_tracking":false,"_exactmetrics_sitenote_active":false,"_exactmetrics_sitenote_note":"","_exactmetrics_sitenote_category":0,"_uf_show_specific_survey":0,"_uf_disable_surveys":false,"iawp_total_views":42},"product_brand":[],"product_cat":[157,184,207],"product_tag":[],"class_list":{"0":"post-13640","1":"product","2":"type-product","3":"status-publish","4":"has-post-thumbnail","6":"product_cat-vinhos","7":"product_cat-tinto","8":"product_cat-alentejo","10":"first","11":"instock","12":"shipping-taxable","13":"purchasable","14":"product-type-simple"},"_links":{"self":[{"href":"https:\/\/garrafeiragrandeescolha.pt\/fr\/wp-json\/wp\/v2\/product\/13640","targetHints":{"allow":["GET"]}}],"collection":[{"href":"https:\/\/garrafeiragrandeescolha.pt\/fr\/wp-json\/wp\/v2\/product"}],"about":[{"href":"https:\/\/garrafeiragrandeescolha.pt\/fr\/wp-json\/wp\/v2\/types\/product"}],"wp:featuredmedia":[{"embeddable":true,"href":"https:\/\/garrafeiragrandeescolha.pt\/fr\/wp-json\/wp\/v2\/media\/4235"}],"wp:attachment":[{"href":"https:\/\/garrafeiragrandeescolha.pt\/fr\/wp-json\/wp\/v2\/media?parent=13640"}],"wp:term":[{"taxonomy":"product_brand","embeddable":true,"href":"https:\/\/garrafeiragrandeescolha.pt\/fr\/wp-json\/wp\/v2\/product_brand?post=13640"},{"taxonomy":"product_cat","embeddable":true,"href":"https:\/\/garrafeiragrandeescolha.pt\/fr\/wp-json\/wp\/v2\/product_cat?post=13640"},{"taxonomy":"product_tag","embeddable":true,"href":"https:\/\/garrafeiragrandeescolha.pt\/fr\/wp-json\/wp\/v2\/product_tag?post=13640"}],"curies":[{"name":"wp","href":"https:\/\/api.w.org\/{rel}","templated":true}]}}