{"id":13667,"date":"2020-04-25T12:08:43","date_gmt":"2020-04-25T12:08:43","guid":{"rendered":"http:\/\/garrafeiragrandeescolha.pt\/?post_type=product&#038;p=13667"},"modified":"2024-05-07T00:02:09","modified_gmt":"2024-05-07T00:02:09","slug":"cachaca-germana-caetanos-1l","status":"publish","type":"product","link":"https:\/\/garrafeiragrandeescolha.pt\/fr\/produit\/cachaca-germana-caetanos-1l\/","title":{"rendered":"Cacha\u00e7a Germana Caetanos 1L"},"content":{"rendered":"<div dir=\"auto\">CACHA\u00c7A GERMANA CAETANO&#8217;S<\/div>\n<div dir=\"auto\">A hist\u00f3ria dessa cacha\u00e7a tem in\u00edcio no ano de 1912, em Jos\u00e9 de Melo, hoje Nova Uni\u00e3o, Minas Gerais, quando seu fundador, Sergio Caetano, come\u00e7ou a produzi-la no pequeno alambique da fazenda para consumo pr\u00f3prio, como faziam seus pais.<\/div>\n<div dir=\"auto\">A marca GERMANA foi inspirada em uma freira de mesmo nome, que atra\u00eda numerosos romeiros ao Santu\u00e1rio da Serra da Piedade, na cidade de Caet\u00e9, no come\u00e7o do s\u00e9culo XIX, que iam em busca de suas curas com rem\u00e9dios \u00e0 base e cacha\u00e7a e ervas.<\/div>\n<div dir=\"auto\">Produzida artesanalmente em alambiques de cobre, a GERMANA pode ser encontrada em cinco vers\u00f5es de acordo com seu local de armazenamento, tempo de envelhecimento e das madeiras utilizadas.<\/div>\n<div dir=\"auto\">A GERMANA CAETANO\u2019S passa um ano em ton\u00e9is de umburana, processo que confere aroma e sabor suaves, por\u00e9m bem adocicados, exclusivos dessa madeira e muito diferentes das cacha\u00e7as envelhecidas em carvalho.<\/div>","protected":false},"excerpt":{"rendered":"<p>A grande diferen\u00e7a desta cacha\u00e7a \u00e9 a seu sabor frutado, ligeiramente doce, o que \u00e9 conseguido pelo envelhecimento por dois anos em barris de Umburana. Madeira tamb\u00e9m conhecida por Cerejeira que \u00e9 um tipo \u00e1rvore brasileira.<br \/>\nDurante o envelhecimento neste tipo de madeira, a Cacha\u00e7a recebe uma bela cor amarelada claro e um sabor suavemente doce e arredondado. Ideal para os amantes de uma cacha\u00e7a envelhecida na madeira mais tradicional brasileira.<\/p>","protected":false},"featured_media":4310,"template":"","meta":{"_exactmetrics_skip_tracking":false,"_exactmetrics_sitenote_active":false,"_exactmetrics_sitenote_note":"","_exactmetrics_sitenote_category":0,"_uf_show_specific_survey":0,"_uf_disable_surveys":false,"iawp_total_views":108},"product_brand":[],"product_cat":[162,158],"product_tag":[],"class_list":{"0":"post-13667","1":"product","2":"type-product","3":"status-publish","4":"has-post-thumbnail","6":"product_cat-raridades","7":"product_cat-espirituosos","9":"first","10":"instock","11":"featured","12":"shipping-taxable","13":"purchasable","14":"product-type-simple"},"_links":{"self":[{"href":"https:\/\/garrafeiragrandeescolha.pt\/fr\/wp-json\/wp\/v2\/product\/13667","targetHints":{"allow":["GET"]}}],"collection":[{"href":"https:\/\/garrafeiragrandeescolha.pt\/fr\/wp-json\/wp\/v2\/product"}],"about":[{"href":"https:\/\/garrafeiragrandeescolha.pt\/fr\/wp-json\/wp\/v2\/types\/product"}],"wp:featuredmedia":[{"embeddable":true,"href":"https:\/\/garrafeiragrandeescolha.pt\/fr\/wp-json\/wp\/v2\/media\/4310"}],"wp:attachment":[{"href":"https:\/\/garrafeiragrandeescolha.pt\/fr\/wp-json\/wp\/v2\/media?parent=13667"}],"wp:term":[{"taxonomy":"product_brand","embeddable":true,"href":"https:\/\/garrafeiragrandeescolha.pt\/fr\/wp-json\/wp\/v2\/product_brand?post=13667"},{"taxonomy":"product_cat","embeddable":true,"href":"https:\/\/garrafeiragrandeescolha.pt\/fr\/wp-json\/wp\/v2\/product_cat?post=13667"},{"taxonomy":"product_tag","embeddable":true,"href":"https:\/\/garrafeiragrandeescolha.pt\/fr\/wp-json\/wp\/v2\/product_tag?post=13667"}],"curies":[{"name":"wp","href":"https:\/\/api.w.org\/{rel}","templated":true}]}}