{"id":13882,"date":"2020-05-15T10:27:28","date_gmt":"2020-05-15T10:27:28","guid":{"rendered":"http:\/\/garrafeiragrandeescolha.pt\/?post_type=product&#038;p=13882"},"modified":"2024-12-17T19:25:29","modified_gmt":"2024-12-17T19:25:29","slug":"calheiros-cruz-tinto-75cl","status":"publish","type":"product","link":"https:\/\/garrafeiragrandeescolha.pt\/fr\/produit\/calheiros-cruz-tinto-75cl\/","title":{"rendered":"Calheiros Cruz Tinto 75cl"},"content":{"rendered":"<p>En 1982, Jos\u00e9 Carlos Calheiros Cruz, issu d&#039;une famille de vignerons du Douro, a repris la tradition familiale et a construit un centre viticole moderne \u00e0 R\u00e9gua, r\u00e9gion d\u00e9limit\u00e9e du Douro. En 1985, il se lance dans la production de vin en bouteille avec l&#039;ambition de laisser sa marque sur le march\u00e9 du vin et de faire conna\u00eetre le Douro au monde.<\/p>\n<p>En 2001, avec le soutien du c\u00e9l\u00e8bre vigneron Anselmo Mendes, son travail a commenc\u00e9 \u00e0 \u00eatre reconnu au niveau international, Adega Calheiros Cruz a \u00e9t\u00e9 consid\u00e9r\u00e9e comme \u00ab Cave de l&#039;ann\u00e9e \u00bb par le magazine Am\u00e9rica \u00ab Wine &amp; Spirits \u00bb.<\/p>\n<p>Avec le d\u00e9c\u00e8s de son mari Jos\u00e9 Carlos, en 2002 Madalena Calheiros Cruz prend la direction de l&#039;entreprise, poursuivant la passion de son mari et continuant \u00e0 travailler avec les m\u00eames valeurs et objectifs.<\/p>","protected":false},"excerpt":{"rendered":"<p>Castas: Touriga Nacional, Touriga Franca, Tinta Roriz e Tinta Barroca.<\/p>\n<p>Muito boa fruta surge no aroma, franco, directo e sem segredos mas bem composto.<br \/>\nA sensa\u00e7\u00e3o de leveza e propor\u00e7\u00e3o surge na boca onde se nota que o vinho tem todas as condi\u00e7\u00f5es para ser um bom parceiro em novo.<\/p>","protected":false},"featured_media":4948,"template":"","meta":{"_exactmetrics_skip_tracking":false,"_exactmetrics_sitenote_active":false,"_exactmetrics_sitenote_note":"","_exactmetrics_sitenote_category":0,"_uf_show_specific_survey":0,"_uf_disable_surveys":false,"iawp_total_views":145},"product_brand":[],"product_cat":[157,184,215],"product_tag":[],"class_list":{"0":"post-13882","1":"product","2":"type-product","3":"status-publish","4":"has-post-thumbnail","6":"product_cat-vinhos","7":"product_cat-tinto","8":"product_cat-douro","10":"first","11":"outofstock","12":"shipping-taxable","13":"purchasable","14":"product-type-simple"},"_links":{"self":[{"href":"https:\/\/garrafeiragrandeescolha.pt\/fr\/wp-json\/wp\/v2\/product\/13882","targetHints":{"allow":["GET"]}}],"collection":[{"href":"https:\/\/garrafeiragrandeescolha.pt\/fr\/wp-json\/wp\/v2\/product"}],"about":[{"href":"https:\/\/garrafeiragrandeescolha.pt\/fr\/wp-json\/wp\/v2\/types\/product"}],"wp:featuredmedia":[{"embeddable":true,"href":"https:\/\/garrafeiragrandeescolha.pt\/fr\/wp-json\/wp\/v2\/media\/4948"}],"wp:attachment":[{"href":"https:\/\/garrafeiragrandeescolha.pt\/fr\/wp-json\/wp\/v2\/media?parent=13882"}],"wp:term":[{"taxonomy":"product_brand","embeddable":true,"href":"https:\/\/garrafeiragrandeescolha.pt\/fr\/wp-json\/wp\/v2\/product_brand?post=13882"},{"taxonomy":"product_cat","embeddable":true,"href":"https:\/\/garrafeiragrandeescolha.pt\/fr\/wp-json\/wp\/v2\/product_cat?post=13882"},{"taxonomy":"product_tag","embeddable":true,"href":"https:\/\/garrafeiragrandeescolha.pt\/fr\/wp-json\/wp\/v2\/product_tag?post=13882"}],"curies":[{"name":"wp","href":"https:\/\/api.w.org\/{rel}","templated":true}]}}