{"id":13952,"date":"2020-05-25T17:46:04","date_gmt":"2020-05-25T17:46:04","guid":{"rendered":"http:\/\/garrafeiragrandeescolha.pt\/?post_type=product&#038;p=13952"},"modified":"2024-11-23T11:29:16","modified_gmt":"2024-11-23T11:29:16","slug":"quinta-do-piloto-reserva-tinto-2015-75cl","status":"publish","type":"product","link":"https:\/\/garrafeiragrandeescolha.pt\/fr\/produit\/quinta-do-piloto-reserva-tinto-2015-75cl\/","title":{"rendered":"Quinta do Piloto Reserva Tinto 2016 75cl"},"content":{"rendered":"<p><img fetchpriority=\"high\" decoding=\"async\" class=\"size-medium wp-image-15719 aligncenter\" src=\"http:\/\/garrafeiragrandeescolha.pt\/wp-content\/uploads\/2020\/05\/logoQuintadoPiloto-300x171.png\" alt=\"\" width=\"300\" height=\"171\" srcset=\"https:\/\/garrafeiragrandeescolha.pt\/wp-content\/uploads\/2020\/05\/logoQuintadoPiloto-300x171.png 300w, https:\/\/garrafeiragrandeescolha.pt\/wp-content\/uploads\/2020\/05\/logoQuintadoPiloto-18x10.png 18w, https:\/\/garrafeiragrandeescolha.pt\/wp-content\/uploads\/2020\/05\/logoQuintadoPiloto.png 360w\" sizes=\"(max-width: 300px) 100vw, 300px\" \/><\/p>\n<p class=\"font_8\">Quinta do Piloto est l&#039;h\u00e9riti\u00e8re de la tradition viticole de quatre g\u00e9n\u00e9rations de la famille Cardoso \u00e0 Palmela. Ses vins sont issus de lots choisis parmi 200 hectares de vignes situ\u00e9s sur les meilleurs terroirs de la r\u00e9gion.<\/p>\n<p>Vous permettre de go\u00fbter au mieux l\u2019essence des vins de Palmela, telle est la promesse de Quinta do Piloto. Une promesse bas\u00e9e sur l&#039;excellence des terroirs o\u00f9 brillent les vieilles vignes de c\u00e9pages traditionnels, comme Castel\u00e3o et Moscatel. Vinifi\u00e9s selon les m\u00e9thodes ancestrales de la r\u00e9gion, gr\u00e2ce au savoir-faire de quatre g\u00e9n\u00e9rations de la famille Cardoso, les vins de Quinta do Piloto sont \u00e9l\u00e9gants, repr\u00e9sentants de c\u00e9pages autochtones et de petites quantit\u00e9s de c\u00e9pages choisis pour l&#039;excellence.<\/p>","protected":false},"excerpt":{"rendered":"<p>Castas: Castel\u00e3o Vinhas Velhas<\/p>\n<p>Elaborado a partir de uvas produzidas numa pequena vinha velha situada no Monte da nossa Herdade de Agualva. A casta predominante desta vinha \u00e9 a Castel\u00e3o, no entanto, os antigos misturavam sempre pequenas percentagens de outras castas para dar maior complexidade e intensidade aos seus vinhos. Esta vinha imprime aos vinhos eleg\u00e2ncia, delicadeza e complexidade; plantada em solos arenosos, o vinho resultante \u00e9 intenso, complexo e elegante.<\/p>","protected":false},"featured_media":9918,"template":"","meta":{"_exactmetrics_skip_tracking":false,"_exactmetrics_sitenote_active":false,"_exactmetrics_sitenote_note":"","_exactmetrics_sitenote_category":0,"_uf_show_specific_survey":0,"_uf_disable_surveys":false,"iawp_total_views":10},"product_brand":[],"product_cat":[157,184,214],"product_tag":[],"class_list":{"0":"post-13952","1":"product","2":"type-product","3":"status-publish","4":"has-post-thumbnail","6":"product_cat-vinhos","7":"product_cat-tinto","8":"product_cat-setubal","10":"first","11":"instock","12":"shipping-taxable","13":"purchasable","14":"product-type-simple"},"_links":{"self":[{"href":"https:\/\/garrafeiragrandeescolha.pt\/fr\/wp-json\/wp\/v2\/product\/13952","targetHints":{"allow":["GET"]}}],"collection":[{"href":"https:\/\/garrafeiragrandeescolha.pt\/fr\/wp-json\/wp\/v2\/product"}],"about":[{"href":"https:\/\/garrafeiragrandeescolha.pt\/fr\/wp-json\/wp\/v2\/types\/product"}],"wp:featuredmedia":[{"embeddable":true,"href":"https:\/\/garrafeiragrandeescolha.pt\/fr\/wp-json\/wp\/v2\/media\/9918"}],"wp:attachment":[{"href":"https:\/\/garrafeiragrandeescolha.pt\/fr\/wp-json\/wp\/v2\/media?parent=13952"}],"wp:term":[{"taxonomy":"product_brand","embeddable":true,"href":"https:\/\/garrafeiragrandeescolha.pt\/fr\/wp-json\/wp\/v2\/product_brand?post=13952"},{"taxonomy":"product_cat","embeddable":true,"href":"https:\/\/garrafeiragrandeescolha.pt\/fr\/wp-json\/wp\/v2\/product_cat?post=13952"},{"taxonomy":"product_tag","embeddable":true,"href":"https:\/\/garrafeiragrandeescolha.pt\/fr\/wp-json\/wp\/v2\/product_tag?post=13952"}],"curies":[{"name":"wp","href":"https:\/\/api.w.org\/{rel}","templated":true}]}}