{"id":14125,"date":"2020-07-03T10:18:00","date_gmt":"2020-07-03T10:18:00","guid":{"rendered":"http:\/\/garrafeiragrandeescolha.pt\/?post_type=product&#038;p=14125"},"modified":"2023-02-17T09:58:43","modified_gmt":"2023-02-17T09:58:43","slug":"espumante-viuva-le-cocq-reserva-75cl","status":"publish","type":"product","link":"https:\/\/garrafeiragrandeescolha.pt\/fr\/produit\/espumante-viuva-le-cocq-reserva-75cl\/","title":{"rendered":"Viuva Le Cocq R\u00e9serve Rouge 2017 75cl"},"content":{"rendered":"<p><img fetchpriority=\"high\" decoding=\"async\" class=\"size-medium wp-image-15431 aligncenter\" src=\"http:\/\/garrafeiragrandeescolha.pt\/wp-content\/uploads\/2022\/02\/viuva-le-cocq-logo-300x300.png\" alt=\"\" width=\"300\" height=\"300\" srcset=\"https:\/\/garrafeiragrandeescolha.pt\/wp-content\/uploads\/2022\/02\/viuva-le-cocq-logo-300x300.png 300w, https:\/\/garrafeiragrandeescolha.pt\/wp-content\/uploads\/2022\/02\/viuva-le-cocq-logo-150x150.png 150w, https:\/\/garrafeiragrandeescolha.pt\/wp-content\/uploads\/2022\/02\/viuva-le-cocq-logo-768x768.png 768w, https:\/\/garrafeiragrandeescolha.pt\/wp-content\/uploads\/2022\/02\/viuva-le-cocq-logo-600x600.png 600w, https:\/\/garrafeiragrandeescolha.pt\/wp-content\/uploads\/2022\/02\/viuva-le-cocq-logo-100x100.png 100w, https:\/\/garrafeiragrandeescolha.pt\/wp-content\/uploads\/2022\/02\/viuva-le-cocq-logo.png 864w\" sizes=\"(max-width: 300px) 100vw, 300px\" \/><\/p>\n<p>Jo\u00e3o Jos\u00e9 le Cocq a acquis la Quinta do Prado (Castelo de Vide, Serra de S\u00e3o Mamede) en 1837 et il existe des registres de production de vin et de vins mousseux \u00e0 cet endroit au moins depuis 1851. \u00ab \u2026 et le premier vin portugais de ce type a \u00e9t\u00e9 d\u00e9gust\u00e9 avec d\u00e9lices. de Champagne (\u2026) appr\u00e9ci\u00e9 par D. Fernando qui, en 1852, envoya pour remercier le fermier du Prado (\u2026) quelques bouteilles que l&#039;illustre vigneron lui avait envoy\u00e9es en cadeau. (Jo\u00e3o Ant\u00f3nio Gordo, Os Le Cocq au Portugal, 1942). Et selon une autre source, &quot;le propri\u00e9taire a bien approvisionn\u00e9 sa cave avec un vin mousseux tr\u00e8s proche du Champagne, accr\u00e9dit\u00e9 \u00e0 Lisbonne sous le nom sp\u00e9cial de Vinho do Prado&quot;. (d&#039;apr\u00e8s une note, 1851, www.castelodevide.pt\/turismo)<br \/>\nLa marque Vi\u00fava Le Cocq appartient d\u00e9sormais au producteur Altas Quintas, et ce vin mousseux a \u00e9t\u00e9 lanc\u00e9 avec le cachet historique de celui pr\u00e9c\u00e9demment produit par la famille Le Cocq. Les raisins utilis\u00e9s pour ce vin se trouvent dans des vignobles d&#039;un terroir tr\u00e8s particulier : ils sont situ\u00e9s \u00e0 500 m\u00e8tres d&#039;altitude, sur un plateau qui se d\u00e9veloppe de mani\u00e8re unique, au milieu de la Serra de S\u00e3o Mamede.<\/p>\n<p>&nbsp;<\/p>","protected":false},"excerpt":{"rendered":"<p>Castas: Syrah, Touriga Nacional e Alicante Bouschet<\/p>\n<p>Est\u00e1gio: o vinho estagiou durante 8 meses em barricas novas de carvalho Franc\u00eas e Americano e est\u00e1gio em dep\u00f3sito inox at\u00e9 ao enchimento.<\/p>\n<p>Vinho de cor granada, com aromas a fruta vermelha, tosta e notas de especiarias.<br \/>\nNa boca revela untuosidade e jovialidade caracter\u00edstica do Terroir.<br \/>\nIl peut accompagner des plats cuits au four ou des plats pr\u00e9sentant une certaine complexit\u00e9 de pr\u00e9paration.<br \/>\nAconselha-se temperatura de servi\u00e7o de 16-17 oC.<\/p>","protected":false},"featured_media":6173,"template":"","meta":{"_exactmetrics_skip_tracking":false,"_exactmetrics_sitenote_active":false,"_exactmetrics_sitenote_note":"","_exactmetrics_sitenote_category":0,"_uf_show_specific_survey":0,"_uf_disable_surveys":false,"iawp_total_views":86},"product_brand":[],"product_cat":[157,184,207],"product_tag":[],"class_list":{"0":"post-14125","1":"product","2":"type-product","3":"status-publish","4":"has-post-thumbnail","6":"product_cat-vinhos","7":"product_cat-tinto","8":"product_cat-alentejo","10":"first","11":"instock","12":"shipping-taxable","13":"purchasable","14":"product-type-simple"},"_links":{"self":[{"href":"https:\/\/garrafeiragrandeescolha.pt\/fr\/wp-json\/wp\/v2\/product\/14125","targetHints":{"allow":["GET"]}}],"collection":[{"href":"https:\/\/garrafeiragrandeescolha.pt\/fr\/wp-json\/wp\/v2\/product"}],"about":[{"href":"https:\/\/garrafeiragrandeescolha.pt\/fr\/wp-json\/wp\/v2\/types\/product"}],"wp:featuredmedia":[{"embeddable":true,"href":"https:\/\/garrafeiragrandeescolha.pt\/fr\/wp-json\/wp\/v2\/media\/6173"}],"wp:attachment":[{"href":"https:\/\/garrafeiragrandeescolha.pt\/fr\/wp-json\/wp\/v2\/media?parent=14125"}],"wp:term":[{"taxonomy":"product_brand","embeddable":true,"href":"https:\/\/garrafeiragrandeescolha.pt\/fr\/wp-json\/wp\/v2\/product_brand?post=14125"},{"taxonomy":"product_cat","embeddable":true,"href":"https:\/\/garrafeiragrandeescolha.pt\/fr\/wp-json\/wp\/v2\/product_cat?post=14125"},{"taxonomy":"product_tag","embeddable":true,"href":"https:\/\/garrafeiragrandeescolha.pt\/fr\/wp-json\/wp\/v2\/product_tag?post=14125"}],"curies":[{"name":"wp","href":"https:\/\/api.w.org\/{rel}","templated":true}]}}