{"id":14156,"date":"2020-07-10T11:34:18","date_gmt":"2020-07-10T11:34:18","guid":{"rendered":"http:\/\/garrafeiragrandeescolha.pt\/?post_type=product&#038;p=14156"},"modified":"2024-03-21T15:44:25","modified_gmt":"2024-03-21T15:44:25","slug":"porto-messias-quinta-do-cachao-vintage-1977-75cl","status":"publish","type":"product","link":"https:\/\/garrafeiragrandeescolha.pt\/fr\/produit\/porto-messias-quinta-do-cachao-vintage-1977-75cl\/","title":{"rendered":"Porto Messias Quinta do Cach\u00e3o Vintage 1977 75cl"},"content":{"rendered":"<p><img fetchpriority=\"high\" decoding=\"async\" class=\"size-medium wp-image-15339 aligncenter\" src=\"http:\/\/garrafeiragrandeescolha.pt\/wp-content\/uploads\/2022\/02\/messias-logo-300x170.jpg\" alt=\"\" width=\"300\" height=\"170\" srcset=\"https:\/\/garrafeiragrandeescolha.pt\/wp-content\/uploads\/2022\/02\/messias-logo-300x170.jpg 300w, https:\/\/garrafeiragrandeescolha.pt\/wp-content\/uploads\/2022\/02\/messias-logo.jpg 550w\" sizes=\"(max-width: 300px) 100vw, 300px\" \/><\/p>\n<div class=\"wpb_row vc_row vc_row-fluid mk-fullwidth-true attched-false js-master-row mk-in-viewport\">\n<div class=\"vc_col-sm-8 wpb_column column_container _ height-full\">\n<div class=\"vc_custom_1504090811872\">\n<div id=\"text-block-3\" class=\"mk-text-block\">\n<p>Quinta do Cach\u00e3o est situ\u00e9e sur les rives du fleuve Douro, \u00e0 Cima Corgo, la r\u00e9gion la plus inhospitali\u00e8re, la plus ancienne, la plus profonde et la plus belle \u00e0 laquelle le fleuve donne son nom. Ce vignoble a \u00e9t\u00e9 plant\u00e9 pour la premi\u00e8re fois en 1845, par Bar\u00e3o do Seixo. , puis acquis par la famille Afonso Cabral, qui la vendit \u00e0 son tour \u00e0 la famille Messias en 1956. Afin d&#039;augmenter sa production, Messias acquiert en 1958 une propri\u00e9t\u00e9 adjacente, Quinta do Rei, alors propri\u00e9t\u00e9 de Gonzalez Byass.<\/p>\n<\/div>\n<\/div>\n<\/div>\n<\/div>\n<div class=\"wpb_row vc_row vc_row-fluid mk-fullwidth-true attched-false js-master-row mk-in-viewport\">\n<div class=\"vc_col-sm-8 wpb_column column_container _ height-full\">\n<div class=\"vc_custom_1504090837382\">\n<div id=\"text-block-4\" class=\"mk-text-block\">\n<p><strong>TERROIR<\/strong><\/p>\n<p>S&#039;\u00e9tendant sur les pentes d&#039;une colline surmont\u00e9e d&#039;une petite chapelle d\u00e9di\u00e9e \u00e0 Sainte B\u00e1rbara, la Quinta occupe actuellement 200 hectares, dont la moiti\u00e9 sont cultiv\u00e9s en vignes, class\u00e9es par la lettre A, la cat\u00e9gorie la plus \u00e9lev\u00e9e sur l&#039;\u00e9chelle du Douro. Les c\u00e9pages plant\u00e9s sont naturellement traditionnels dans la r\u00e9gion, capables de produire \u00e0 la fois du Porto et du vin d&#039;Appellation d&#039;Origine Douro. Touriga Franca et Tinta Roriz constituent les c\u00e9pages dominants, suivis des c\u00e9pages Touriga Nacional, Tinta Barroca et Tinto C\u00e3o.<\/p>\n<\/div>\n<\/div>\n<\/div>\n<\/div>","protected":false},"excerpt":{"rendered":"<p>CASTAS\u00a0Touriga Nacional, Touriga Franca, Tinta Barroca, Tinta Roriz, Tinto C\u00e3o<\/p>\n<p>Vinho com uma boa evolu\u00e7\u00e3o dos aromas de redu\u00e7\u00e3o, com eleg\u00e2ncia e vinosidade. Sobressai a fruta madura, com notas de frutos silvestres com incid\u00eancia na amora, na boca confirma-se toda a sua categoria com um final de boca prolongado.<\/p>","protected":false},"featured_media":18807,"template":"","meta":{"_exactmetrics_skip_tracking":false,"_exactmetrics_sitenote_active":false,"_exactmetrics_sitenote_note":"","_exactmetrics_sitenote_category":0,"_uf_show_specific_survey":0,"_uf_disable_surveys":false,"iawp_total_views":15},"product_brand":[],"product_cat":[162,159,168],"product_tag":[],"class_list":{"0":"post-14156","1":"product","2":"type-product","3":"status-publish","4":"has-post-thumbnail","6":"product_cat-raridades","7":"product_cat-portos","8":"product_cat-vintage","10":"first","11":"instock","12":"shipping-taxable","13":"purchasable","14":"product-type-simple"},"_links":{"self":[{"href":"https:\/\/garrafeiragrandeescolha.pt\/fr\/wp-json\/wp\/v2\/product\/14156","targetHints":{"allow":["GET"]}}],"collection":[{"href":"https:\/\/garrafeiragrandeescolha.pt\/fr\/wp-json\/wp\/v2\/product"}],"about":[{"href":"https:\/\/garrafeiragrandeescolha.pt\/fr\/wp-json\/wp\/v2\/types\/product"}],"wp:featuredmedia":[{"embeddable":true,"href":"https:\/\/garrafeiragrandeescolha.pt\/fr\/wp-json\/wp\/v2\/media\/18807"}],"wp:attachment":[{"href":"https:\/\/garrafeiragrandeescolha.pt\/fr\/wp-json\/wp\/v2\/media?parent=14156"}],"wp:term":[{"taxonomy":"product_brand","embeddable":true,"href":"https:\/\/garrafeiragrandeescolha.pt\/fr\/wp-json\/wp\/v2\/product_brand?post=14156"},{"taxonomy":"product_cat","embeddable":true,"href":"https:\/\/garrafeiragrandeescolha.pt\/fr\/wp-json\/wp\/v2\/product_cat?post=14156"},{"taxonomy":"product_tag","embeddable":true,"href":"https:\/\/garrafeiragrandeescolha.pt\/fr\/wp-json\/wp\/v2\/product_tag?post=14156"}],"curies":[{"name":"wp","href":"https:\/\/api.w.org\/{rel}","templated":true}]}}