{"id":14232,"date":"2020-08-22T13:01:12","date_gmt":"2020-08-22T13:01:12","guid":{"rendered":"http:\/\/garrafeiragrandeescolha.pt\/?post_type=product&#038;p=14232"},"modified":"2024-03-13T17:14:37","modified_gmt":"2024-03-13T17:14:37","slug":"quinta-do-soque-branco-75cl","status":"publish","type":"product","link":"https:\/\/garrafeiragrandeescolha.pt\/fr\/produit\/quinta-do-soque-branco-75cl\/","title":{"rendered":"Quinta do Soque Branco 2020 75cl"},"content":{"rendered":"<p><img fetchpriority=\"high\" decoding=\"async\" class=\"size-full wp-image-6809 aligncenter\" src=\"https:\/\/garrafeiragrandeescolha.pt\/wp-content\/uploads\/2020\/08\/soque-logo.jpg\" alt=\"\" width=\"275\" height=\"183\" \/><\/p>\n<p>Situada na margem esquerda do Rio Torto, no Concelho de S\u00e3o Jo\u00e3o da Pesqueira, a Quinta do Soque \u00e9 uma propriedade com cerca de 20 hectares, dos quais 17 s\u00e3o <span class=\"text_exposed_show\">ocupados por vinhas.<br \/>\nCom uma localiza\u00e7\u00e3o priviligiada na Regi\u00e3o Demarcada do Douro, a Quinta do Soque pertence \u00e0 fam\u00edlia Vicente h\u00e1 mais de 20 anos. O nome do Soque vem do verbo transitivo sovar\/espalmar\/apertar\/pisar e a origem da Quinta, tal como a de muitas grandes Quintas do Douro, remonta a tempos long\u00ednquos.<\/span><\/p>\n<p><span class=\"text_exposed_show\">Nos \u00faltimos 20 anos, a Quinta do Soque sofreu no entanto uma revolu\u00e7\u00e3o: investimentos levados a cabo na moderniza\u00e7\u00e3o das vinhas, bem como na constru\u00e7\u00e3o de uma adega, munida com os mais modernos equipamentos, permitem garantir a produ\u00e7\u00e3o de vinhos de mesa de elevada qualidade.<\/span><\/p>\n<p><span class=\"text_exposed_show\">A Quinta do Soque produz unicamente vinhos tintos, em tr\u00eas categorias: Colheita, Reserva e Vinhas Velhas. Entre 1990 e 1996, \u00e0 excep\u00e7\u00e3o de 1,5 hectares de vinhas velhas, agora com uma m\u00e9dia de idades de aproximadamente 70 anos, os vinhedos da Quinta do Soque foram renovados com<br \/>\nas castas mais nobres e emblem\u00e1ticas da regi\u00e3o e do pa\u00eds: Touriga Nacional, Touriga Franca, Tinta Roriz e Tinta Barroca.<br \/>\nA concretiza\u00e7\u00e3o de todos os investimentos, associada \u00e0 paix\u00e3o que \u00e9 colocada na elabora\u00e7\u00e3o dos vinhos, levou ao reconhecimento da Quinta do Soque nos mercados vin\u00edcolas, em Portugal e estrangeiro.<\/span><\/p>\n<p>Fevereiro de 2011, a jornalista brit\u00e2nica Jancis Robinson, cr\u00edtica de vinhos que exerce grande influ\u00eancia a n\u00edvel mundial, elegeu o vinho Quinta do Soque Vinha<span class=\"text_exposed_show\">s Velhas 2007 como um dos seis vinhos tintos portugueses que &#8220;vale a pena provar&#8221;.<\/span><\/p>","protected":false},"excerpt":{"rendered":"<p>Situada na margem esquerda do Rio Torto, no Concelho de S\u00e3o Jo\u00e3o da Pesqueira, a Quinta do Soque \u00e9 uma propriedade com cerca de 20 hectares, dos quais 17 s\u00e3o ocupados por vinhas. Com uma localiza\u00e7\u00e3o priviligiada na Regi\u00e3o Demarcada do Douro, a Quinta do Soque pertence \u00e0 fam\u00edlia Vicente h\u00e1 mais de 20 anos. [&hellip;]<\/p>","protected":false},"featured_media":6812,"template":"","meta":{"_exactmetrics_skip_tracking":false,"_exactmetrics_sitenote_active":false,"_exactmetrics_sitenote_note":"","_exactmetrics_sitenote_category":0,"_uf_show_specific_survey":0,"_uf_disable_surveys":false,"iawp_total_views":48},"product_brand":[],"product_cat":[185,188,157],"product_tag":[],"class_list":{"0":"post-14232","1":"product","2":"type-product","3":"status-publish","4":"has-post-thumbnail","6":"product_cat-branco","7":"product_cat-douro-branco","8":"product_cat-vinhos","10":"first","11":"instock","12":"shipping-taxable","13":"purchasable","14":"product-type-simple"},"_links":{"self":[{"href":"https:\/\/garrafeiragrandeescolha.pt\/fr\/wp-json\/wp\/v2\/product\/14232","targetHints":{"allow":["GET"]}}],"collection":[{"href":"https:\/\/garrafeiragrandeescolha.pt\/fr\/wp-json\/wp\/v2\/product"}],"about":[{"href":"https:\/\/garrafeiragrandeescolha.pt\/fr\/wp-json\/wp\/v2\/types\/product"}],"wp:featuredmedia":[{"embeddable":true,"href":"https:\/\/garrafeiragrandeescolha.pt\/fr\/wp-json\/wp\/v2\/media\/6812"}],"wp:attachment":[{"href":"https:\/\/garrafeiragrandeescolha.pt\/fr\/wp-json\/wp\/v2\/media?parent=14232"}],"wp:term":[{"taxonomy":"product_brand","embeddable":true,"href":"https:\/\/garrafeiragrandeescolha.pt\/fr\/wp-json\/wp\/v2\/product_brand?post=14232"},{"taxonomy":"product_cat","embeddable":true,"href":"https:\/\/garrafeiragrandeescolha.pt\/fr\/wp-json\/wp\/v2\/product_cat?post=14232"},{"taxonomy":"product_tag","embeddable":true,"href":"https:\/\/garrafeiragrandeescolha.pt\/fr\/wp-json\/wp\/v2\/product_tag?post=14232"}],"curies":[{"name":"wp","href":"https:\/\/api.w.org\/{rel}","templated":true}]}}