{"id":14319,"date":"2020-10-10T10:22:26","date_gmt":"2020-10-10T10:22:26","guid":{"rendered":"http:\/\/garrafeiragrandeescolha.pt\/?post_type=product&#038;p=14319"},"modified":"2024-10-22T11:09:06","modified_gmt":"2024-10-22T11:09:06","slug":"champagne-gosset-blanc-des-blancs-brut-75cl","status":"publish","type":"product","link":"https:\/\/garrafeiragrandeescolha.pt\/fr\/produit\/champagne-gosset-blanc-des-blancs-brut-75cl\/","title":{"rendered":"Champagne Gosset Grand Blanc Des Blancs Brut 75cl"},"content":{"rendered":"<p><img decoding=\"async\" class=\"size-full wp-image-15267 aligncenter\" src=\"http:\/\/garrafeiragrandeescolha.pt\/wp-content\/uploads\/2022\/02\/gosset-logo.png\" alt=\"\" width=\"201\" height=\"188\" \/><\/p>\n<p>L&#039;histoire de la famille GOSSET commence il y a plus de quatre si\u00e8cles avec le premier anc\u00eatre officiel de la lign\u00e9e, Jean GOSSET (1484-1556), \u00ab Seigneur d&#039;A\u00ff et de Mareuil \u00bb.<br \/>\nSeize g\u00e9n\u00e9rations en ligne directe le suivront en Champagne comme conseillers, maires, avocats, mais surtout dans la culture de la vigne et le commerce des vins de Champagne.<br \/>\nQuelle que soit l&#039;\u00e9poque, ces hommes et ces femmes auront eu pour ambition exclusive de sublimer leur terroir. La fusion, \u00e0 la fin du XX\u00e8me si\u00e8cle, avec la famille Cointreau et la naissance des cuv\u00e9es CELEBRIS cuv\u00e9es propulseront le Champagne GOSSET aux \u00e9chelons sup\u00e9rieurs des maisons prestigieuses, en France et \u00e0 l&#039;\u00e9tranger.<br \/>\nUne passion qui a fa\u00e7onn\u00e9 d&#039;hier \u00e0 aujourd&#039;hui l&#039;image et la notori\u00e9t\u00e9 de la plus ancienne maison viticole de la r\u00e9gion, dont le nom r\u00e9sonne aujourd&#039;hui comme un gage d&#039;excellence pour tous les amateurs de grands vins. des champagnes.<\/p>\n<p>C&#039;est vers 1760 que Jean GOSSET utilise pour la premi\u00e8re fois ce qui deviendra l&#039;embl\u00e8me de la Maison GOSSET : le flacon antique.<br \/>\nCe flacon \u00e9lanc\u00e9, aux c\u00f4t\u00e9s arrondis et extr\u00eamement \u00e9l\u00e9gant, est un mod\u00e8le exclusif, apparu dans la collection de flacons anciens de la famille. Il doit son surnom \u00e0 la couleur \u00ab vieux verre \u00bb attribu\u00e9e \u00e0 la p\u00e2te de verre qui entre dans sa composition.<\/p>","protected":false},"excerpt":{"rendered":"<p>100% Chardonnay, o Grand Blanc de Blancs \u00e9 o precioso concentrado do terroir de cerca de quinze aldeias da C\u00f4te des Blancs (Avize, Chouilly, Cramant, Le Mesnil-sur-Oger, Oger, Cuis), mas tamb\u00e9m da C\u00f4te des Negros com Brancos (Villers-Marmery, Tours-sur-Marne, Tr\u00e9pail).\u00a0Tantas express\u00f5es de Champagne, complexidades e aromas que permitiram explorar tantas avenidas de trabalho, ricas e de sucesso, e finalizar esta cuv\u00e9e excepcional.<\/p>\n<p>A bolha fina e presente se move em dire\u00e7\u00e3o \u00e0 superf\u00edcie com leveza.\u00a0O vestido \u00e9 um tom dourado bastante claro.<\/p>\n<p>O nariz, ao mesmo tempo mineral e floral, revela aromas de flores e frutas brancas, damasco, ameixa mirabelle, e, em toques muito leves, notas de lim\u00e3o picante, frutas c\u00edtricas, pasta de marmelo e mel. suave.<\/p>\n<p>Na boca, flores brancas se misturam a fragr\u00e2ncias levemente tostadas.\u00a0Toque sedoso e paladar harmonioso para este champanhe vivo e estruturado.<\/p>\n<p>Esta cuv\u00e9e cheia de requinte e eleg\u00e2ncia \u00e9 a companhia ideal para um aperitivo.\u00a0A sua frescura permite-lhe ainda acompanhar numerosas vieiras, uma remoulade de caranguejos, goug\u00e8res, um t\u00e1rtaro de peixe, ostras, um risoto com aparas de parmes\u00e3o, carnes brancas, Comt\u00e9 jovem e frutado, parmes\u00e3o &#8230;<\/p>","protected":false},"featured_media":7352,"template":"","meta":{"_exactmetrics_skip_tracking":false,"_exactmetrics_sitenote_active":false,"_exactmetrics_sitenote_note":"","_exactmetrics_sitenote_category":0,"_uf_show_specific_survey":0,"_uf_disable_surveys":false,"iawp_total_views":11},"product_brand":[],"product_cat":[160,178],"product_tag":[],"class_list":{"0":"post-14319","1":"product","2":"type-product","3":"status-publish","4":"has-post-thumbnail","6":"product_cat-espumantes","7":"product_cat-champagne","9":"first","10":"instock","11":"shipping-taxable","12":"purchasable","13":"product-type-simple"},"_links":{"self":[{"href":"https:\/\/garrafeiragrandeescolha.pt\/fr\/wp-json\/wp\/v2\/product\/14319","targetHints":{"allow":["GET"]}}],"collection":[{"href":"https:\/\/garrafeiragrandeescolha.pt\/fr\/wp-json\/wp\/v2\/product"}],"about":[{"href":"https:\/\/garrafeiragrandeescolha.pt\/fr\/wp-json\/wp\/v2\/types\/product"}],"wp:featuredmedia":[{"embeddable":true,"href":"https:\/\/garrafeiragrandeescolha.pt\/fr\/wp-json\/wp\/v2\/media\/7352"}],"wp:attachment":[{"href":"https:\/\/garrafeiragrandeescolha.pt\/fr\/wp-json\/wp\/v2\/media?parent=14319"}],"wp:term":[{"taxonomy":"product_brand","embeddable":true,"href":"https:\/\/garrafeiragrandeescolha.pt\/fr\/wp-json\/wp\/v2\/product_brand?post=14319"},{"taxonomy":"product_cat","embeddable":true,"href":"https:\/\/garrafeiragrandeescolha.pt\/fr\/wp-json\/wp\/v2\/product_cat?post=14319"},{"taxonomy":"product_tag","embeddable":true,"href":"https:\/\/garrafeiragrandeescolha.pt\/fr\/wp-json\/wp\/v2\/product_tag?post=14319"}],"curies":[{"name":"wp","href":"https:\/\/api.w.org\/{rel}","templated":true}]}}