{"id":14355,"date":"2020-11-04T15:14:30","date_gmt":"2020-11-04T15:14:30","guid":{"rendered":"http:\/\/garrafeiragrandeescolha.pt\/?post_type=product&#038;p=14355"},"modified":"2025-10-07T11:28:30","modified_gmt":"2025-10-07T11:28:30","slug":"ferme-du-village-de-reserve-superieure-coffret-de-2-bouteilles","status":"publish","type":"product","link":"https:\/\/garrafeiragrandeescolha.pt\/fr\/produit\/ferme-du-village-de-reserve-superieure-coffret-de-2-bouteilles\/","title":{"rendered":"Herdade da Aldeia de Cima R\u00e9serve Coffret 2 Bouteilles"},"content":{"rendered":"<p><img fetchpriority=\"high\" decoding=\"async\" class=\"size-medium wp-image-16886 aligncenter\" src=\"http:\/\/garrafeiragrandeescolha.pt\/wp-content\/uploads\/2022\/11\/herdade-logo-completo_9c816810-e71f-4b63-bb4b-ab0e18f3d38b_5000x-300x213.webp\" alt=\"\" width=\"300\" height=\"213\" srcset=\"https:\/\/garrafeiragrandeescolha.pt\/wp-content\/uploads\/2022\/11\/herdade-logo-completo_9c816810-e71f-4b63-bb4b-ab0e18f3d38b_5000x-300x213.webp 300w, https:\/\/garrafeiragrandeescolha.pt\/wp-content\/uploads\/2022\/11\/herdade-logo-completo_9c816810-e71f-4b63-bb4b-ab0e18f3d38b_5000x-18x12.webp 18w, https:\/\/garrafeiragrandeescolha.pt\/wp-content\/uploads\/2022\/11\/herdade-logo-completo_9c816810-e71f-4b63-bb4b-ab0e18f3d38b_5000x-600x425.webp 600w, https:\/\/garrafeiragrandeescolha.pt\/wp-content\/uploads\/2022\/11\/herdade-logo-completo_9c816810-e71f-4b63-bb4b-ab0e18f3d38b_5000x.webp 612w\" sizes=\"(max-width: 300px) 100vw, 300px\" \/><\/p>\n<p>La Herdade Aldeia de Cima remonte \u00e0 1758, mais l&#039;exp\u00e9rience culturelle et traditionnelle dont elle est l&#039;h\u00e9riti\u00e8re a des origines beaucoup plus lointaines. Dans le pass\u00e9 de la Herdade da Aldeia de Cima, les voix des Ph\u00e9niciens, des Wisigoths, des Romains et surtout des Arabes arriv\u00e9s au VIIIe si\u00e8cle et qui ont domin\u00e9 la r\u00e9gion pendant 500 ans r\u00e9sonnent, influen\u00e7ant encore aujourd&#039;hui la culture de l&#039;Alentejo. Certains \u00e9rudits d\u00e9crivent l&#039;Alentejo comme quelqu&#039;un avec l&#039;esprit d&#039;un Romain dans un corps d&#039;Arabe.<\/p>\n<p>Travailler en faveur de la nature et non contre elle est la devise quotidienne de Luisa et Francisco qui voient Herdade Aldeia de Cima comme un projet de vie, exp\u00e9rimentant l&#039;authenticit\u00e9 de ce lieu et l&#039;esprit communautaire du village situ\u00e9 dans la zone \u00e9cologique Ib\u00e9ro- R\u00e9gion m\u00e9diterran\u00e9enne de la zone Ossa-Morena.<\/p>\n<p>Constitu\u00e9 d&#039;une immense \u00e9tendue de ch\u00eanes-li\u00e8ges et de ch\u00eanes verts, dont 1 750 hectares dans la Serra do Mendro, une exploitation typiquement m\u00e9diterran\u00e9enne a toujours \u00e9t\u00e9 pratiqu\u00e9e ici sur des sols de schiste apparemment pauvres mais riches en diversit\u00e9.<\/p>\n<p>Ce syst\u00e8me agro-sylvo-pastoral d&#039;intervention anthropique du ch\u00eane-li\u00e8ge repose sur la pr\u00e9sence mixte de deux esp\u00e8ces de ch\u00eanes \u2013 le ch\u00eane-li\u00e8ge (quercus suber) et le ch\u00eane vert (quercus rotundif\u00f3lia) \u2013 fournissant une vari\u00e9t\u00e9 d&#039;habitats alimentaires et fauniques, essentiels pour la conservation des sols, la r\u00e9gulation du cycle de l\u2019eau, la r\u00e9duction des \u00e9missions de carbone et la conservation de la biodiversit\u00e9.<\/p>\n<p>Aujourd\u2019hui encore, nous pratiquons une gestion agroforesti\u00e8re durable, qui g\u00e9n\u00e8re des b\u00e9n\u00e9fices \u00e0 moyen et long terme.<\/p>","protected":false},"excerpt":{"rendered":"<p>Ensemble compos\u00e9 de :<\/p>\n<p>Herdade da Aldeia de Cima Reserva Branco 2018<\/p>\n<p>Herdade da Aldeia de Cima Reserva Rouge 2018<\/p>\n<p>&nbsp;<\/p>\n<p>\u0152nologie : Jorge Alves et Ant\u00f3nio Cavalheiro<\/p>","protected":false},"featured_media":7540,"template":"","meta":{"_exactmetrics_skip_tracking":false,"_exactmetrics_sitenote_active":false,"_exactmetrics_sitenote_note":"","_exactmetrics_sitenote_category":0,"_uf_show_specific_survey":0,"_uf_disable_surveys":false,"iawp_total_views":14},"product_brand":[],"product_cat":[207,189,185,216,258,184,157],"product_tag":[],"class_list":{"0":"post-14355","1":"product","2":"type-product","3":"status-publish","4":"has-post-thumbnail","6":"product_cat-alentejo","7":"product_cat-alentejo-branco","8":"product_cat-branco","9":"product_cat-conjuntos","10":"product_cat-conjuntos-de-oferta","11":"product_cat-tinto","12":"product_cat-vinhos","14":"first","15":"instock","16":"shipping-taxable","17":"purchasable","18":"product-type-simple"},"_links":{"self":[{"href":"https:\/\/garrafeiragrandeescolha.pt\/fr\/wp-json\/wp\/v2\/product\/14355","targetHints":{"allow":["GET"]}}],"collection":[{"href":"https:\/\/garrafeiragrandeescolha.pt\/fr\/wp-json\/wp\/v2\/product"}],"about":[{"href":"https:\/\/garrafeiragrandeescolha.pt\/fr\/wp-json\/wp\/v2\/types\/product"}],"wp:featuredmedia":[{"embeddable":true,"href":"https:\/\/garrafeiragrandeescolha.pt\/fr\/wp-json\/wp\/v2\/media\/7540"}],"wp:attachment":[{"href":"https:\/\/garrafeiragrandeescolha.pt\/fr\/wp-json\/wp\/v2\/media?parent=14355"}],"wp:term":[{"taxonomy":"product_brand","embeddable":true,"href":"https:\/\/garrafeiragrandeescolha.pt\/fr\/wp-json\/wp\/v2\/product_brand?post=14355"},{"taxonomy":"product_cat","embeddable":true,"href":"https:\/\/garrafeiragrandeescolha.pt\/fr\/wp-json\/wp\/v2\/product_cat?post=14355"},{"taxonomy":"product_tag","embeddable":true,"href":"https:\/\/garrafeiragrandeescolha.pt\/fr\/wp-json\/wp\/v2\/product_tag?post=14355"}],"curies":[{"name":"wp","href":"https:\/\/api.w.org\/{rel}","templated":true}]}}