{"id":14357,"date":"2020-11-05T08:36:52","date_gmt":"2020-11-05T08:36:52","guid":{"rendered":"http:\/\/garrafeiragrandeescolha.pt\/?post_type=product&#038;p=14357"},"modified":"2022-09-29T11:10:48","modified_gmt":"2022-09-29T11:10:48","slug":"cognac-deau-vs-70cl","status":"publish","type":"product","link":"https:\/\/garrafeiragrandeescolha.pt\/fr\/produit\/cognac-deau-vs-70cl\/","title":{"rendered":"Cognac Deau VS 70cl"},"content":{"rendered":"<p><img decoding=\"async\" class=\"size-full wp-image-15217 aligncenter\" src=\"http:\/\/garrafeiragrandeescolha.pt\/wp-content\/uploads\/2022\/02\/deau-logo.jpg\" alt=\"\" width=\"300\" height=\"131\" \/><\/p>\n<p>DEAU COGNAC &#8230; uma hist\u00f3ria de fam\u00edlia &#8230;<\/p>\n<p>A hist\u00f3ria come\u00e7a em 1685, durante o reinado do Rei Lu\u00eds XIV, quando Lu\u00eds Deau, instala-se viticultor em Charente e descobre a m\u00edtica alquimia das alambiques.<\/p>\n<p>Por v\u00e1rias gera\u00e7\u00f5es, a fam\u00edlia Bru Legaret foi propriet\u00e1ria e administrou uma propriedade vin\u00edcola no cora\u00e7\u00e3o da regi\u00e3o de Cognac.<\/p>\n<p>Hoje, V\u00e9ronique Bru Legaret e seu filho Roland Legaret assumem o destino da marca DEAU COGNAC, e t\u00eam o orgulho de fazer voc\u00ea descobrir um universo onde o belo, o excepcional e o \u00fanico se encontram e podem criar emo\u00e7\u00e3o absoluta, uma revela\u00e7\u00e3o, uma descoberta.<\/p>\n<p>Cognac DEAU est\u00e1 localizado em Sireuil (Charente, Fran\u00e7a) e mais precisamente \u201cAux Moisans\u201d no cora\u00e7\u00e3o da regi\u00e3o de Cognac.<\/p>\n<p>\u00c9 aqui que, no meio das vinhas, sobranceiro ao Charente, fica a nossa destilaria e os seus 12 alambiques de cobre, junto \u00e0s antigas caves onde as preciosas aguardentes da nossa Colec\u00e7\u00e3o envelhecem em mais de 2.000 barricas.<br \/>\nNa Sireuil nos dedicamos \u00e0 cria\u00e7\u00e3o de conhaques excepcionais, mas tamb\u00e9m \u00e0 arte francesa de viver.<\/p>\n<p>DEAU COGNAC inspira-se no equil\u00edbrio entre luxo e natureza que se caracteriza e se reflete na eleg\u00e2ncia da sua gama.<\/p>\n<p>O \u201cGriffon\u201d, emblema da fam\u00edlia, \u00e9 o guardi\u00e3o simb\u00f3lico dos tesouros da natureza.\u00a0Hoje ele \u00e9 o nobre protetor das nossas vinhas e do elixir dourado guardado nas nossas caves.<\/p>\n<p>No Domaine des Moisans est\u00e1 a destilaria e os seus 12 alambiques de cobre, junto \u00e0s antigas caves onde as preciosas aguardentes da nossa colec\u00e7\u00e3o envelhecem em mais de 2.000 barris.<\/p>\n<p>A \u00fanica madeira autorizada \u00e9 o carvalho, cujos taninos suaves e a capacidade de troca com o ar exterior permitem que o jovem eaux-de-vie amadure\u00e7a na perfei\u00e7\u00e3o.<br \/>\nO barril de Cognac tem uma capacidade de 350 L de onde se evapora a parte dos anjos que enegrecer\u00e3o os telhados e paredes das caves de envelhecimento.<\/p>","protected":false},"excerpt":{"rendered":"<p>Macio e Harmonioso<\/p>\n<p><strong>DEAU VS<\/strong>\u00a0\u00a0nasceu da elabora\u00e7\u00e3o habilidosa de eaux-de-vie destilada segundo o m\u00e9todo tradicional do alambique Charentais.<\/p>\n<p>O conhaque VS \u00e9 feito exclusivamente a partir de aguardentes dos melhores vinhos da regi\u00e3o e envelhece lentamente nas caves.<\/p>\n<p><span class=\"s1\">A caracter\u00edstica marcante \u00e9 a frescura arom\u00e1tica qualificada por notas de madeira branca e flores de videira.\u00a0<\/span><span class=\"s1\">Ataque macio e fresco na boca, o final \u00e9 doce.\u00a0Ser\u00e1 particularmente apreciado como um long drink.<\/span><\/p>\n<p><span class=\"s1\">Tendo atingido a idade necess\u00e1ria, este conhaque foi montado pelo nosso mestre da adega\u00a0<\/span><span class=\"s2\">para dar origem a uma alian\u00e7a harmoniosa\u00a0<\/span><span class=\"s3\">.\u00a0<\/span><span class=\"s2\">Frescura, arredondamento e vivacidade s\u00e3o os componentes do DEAU VS.<\/span><\/p>\n<p><strong>DEAU VS COLLECTION<\/strong>\u00a0Cognac\u00a0ganhou a medalha de prata no French Spirits for Asia em 2013<\/p>","protected":false},"featured_media":7550,"template":"","meta":{"_exactmetrics_skip_tracking":false,"_exactmetrics_sitenote_active":false,"_exactmetrics_sitenote_note":"","_exactmetrics_sitenote_category":0,"_uf_show_specific_survey":0,"_uf_disable_surveys":false,"iawp_total_views":7},"product_brand":[],"product_cat":[181,158],"product_tag":[],"class_list":{"0":"post-14357","1":"product","2":"type-product","3":"status-publish","4":"has-post-thumbnail","6":"product_cat-cognac","7":"product_cat-espirituosos","9":"first","10":"instock","11":"shipping-taxable","12":"purchasable","13":"product-type-simple"},"_links":{"self":[{"href":"https:\/\/garrafeiragrandeescolha.pt\/fr\/wp-json\/wp\/v2\/product\/14357","targetHints":{"allow":["GET"]}}],"collection":[{"href":"https:\/\/garrafeiragrandeescolha.pt\/fr\/wp-json\/wp\/v2\/product"}],"about":[{"href":"https:\/\/garrafeiragrandeescolha.pt\/fr\/wp-json\/wp\/v2\/types\/product"}],"wp:featuredmedia":[{"embeddable":true,"href":"https:\/\/garrafeiragrandeescolha.pt\/fr\/wp-json\/wp\/v2\/media\/7550"}],"wp:attachment":[{"href":"https:\/\/garrafeiragrandeescolha.pt\/fr\/wp-json\/wp\/v2\/media?parent=14357"}],"wp:term":[{"taxonomy":"product_brand","embeddable":true,"href":"https:\/\/garrafeiragrandeescolha.pt\/fr\/wp-json\/wp\/v2\/product_brand?post=14357"},{"taxonomy":"product_cat","embeddable":true,"href":"https:\/\/garrafeiragrandeescolha.pt\/fr\/wp-json\/wp\/v2\/product_cat?post=14357"},{"taxonomy":"product_tag","embeddable":true,"href":"https:\/\/garrafeiragrandeescolha.pt\/fr\/wp-json\/wp\/v2\/product_tag?post=14357"}],"curies":[{"name":"wp","href":"https:\/\/api.w.org\/{rel}","templated":true}]}}