{"id":14364,"date":"2020-11-06T18:40:24","date_gmt":"2020-11-06T18:40:24","guid":{"rendered":"http:\/\/garrafeiragrandeescolha.pt\/?post_type=product&#038;p=14364"},"modified":"2023-08-21T14:59:03","modified_gmt":"2023-08-21T14:59:03","slug":"risu-dos-montes-rouge-2018-75cl","status":"publish","type":"product","link":"https:\/\/garrafeiragrandeescolha.pt\/fr\/produit\/risu-dos-montes-rouge-2018-75cl\/","title":{"rendered":"Risu dos Montes Rouge 2018 75cl"},"content":{"rendered":"<p><img decoding=\"async\" class=\"size-full wp-image-17439 aligncenter\" src=\"http:\/\/garrafeiragrandeescolha.pt\/wp-content\/uploads\/2020\/11\/Quinta-do-isaac.png\" alt=\"\" width=\"210\" height=\"122\" srcset=\"https:\/\/garrafeiragrandeescolha.pt\/wp-content\/uploads\/2020\/11\/Quinta-do-isaac.png 210w, https:\/\/garrafeiragrandeescolha.pt\/wp-content\/uploads\/2020\/11\/Quinta-do-isaac-18x10.png 18w\" sizes=\"(max-width: 210px) 100vw, 210px\" \/><\/p>\n<p>L&#039;histoire de Quinta do Isaac semble \u00eatre un r\u00eave, et c&#039;est ainsi qu&#039;elle a commenc\u00e9, pour devenir progressivement r\u00e9alit\u00e9.<br \/>\nIsaac Paiva, un homme d&#039;affaires bas\u00e9 en Suisse mais amoureux de son pays, il y a plus de deux d\u00e9cennies \u2013 1994 -, a rencontr\u00e9 Lu\u00eds Lopes, un homme du Douro et de son terroir, et a partag\u00e9 avec lui le r\u00eave de produire un jour un Douro. vin. Pour ce faire, il a mis son ami, grand connaisseur des meilleurs terroirs de la r\u00e9gion, au d\u00e9fi de trouver une petite propri\u00e9t\u00e9 capable de produire d&#039;excellents vins avec leur propre personnalit\u00e9 et identit\u00e9, et ainsi parvenir \u00e0 l&#039;expression authentique de leur terroir \u00e0 travers la pratique. de l&#039;agriculture biologique.<br \/>\nDepuis, et apr\u00e8s une s\u00e9lection minutieuse, il a acquis en 2012 une petite propri\u00e9t\u00e9 de 1,36 hectares, en plein centre de la r\u00e9gion, \u00e0 Chanceleiros do Douro, \u00e0 c\u00f4t\u00e9 de Pinh\u00e3o. Il pr\u00e9sente des conditions magnifiques pour la viticulture \u2013 basse altitude, exposition sud et sols de schiste.<br \/>\nExcellence, engagement et passion sont les trois piliers sur lesquels nous construisons notre avenir.<br \/>\n\u00c9gale \u00e0 elle-m\u00eame et fid\u00e8le \u00e0 son design, Quinta do Isaac a cr\u00e9\u00e9 sa propre personnalit\u00e9, sa culture, sa philosophie et son concept.<\/p>\n<p>Dans des sols anciens soutenus par des murs de schiste, pierre sur pierre, la vie et l&#039;\u00e9volution des \u00ab vieilles vignes \u00bb sont entretenues, travaill\u00e9es manuellement comme quelqu&#039;un caresse un bonsa\u00ef sur chaque vigne. L&#039;objectif est de profiter de l&#039;\u00e9quilibre entre la biodiversit\u00e9 et l&#039;environnement, en optimisant les ressources naturelles, en termes de flore et de faune, et en \u00e9liminant l&#039;utilisation de produits de synth\u00e8se, en am\u00e9liorant la qualit\u00e9 des raisins de mani\u00e8re naturelle. Il s&#039;agit d&#039;une nouvelle attitude tourn\u00e9e vers l&#039;avenir \u2013 m\u00e9thode de production biologique \u2013 produisant pour le b\u00e9n\u00e9fice de la terre, des produits et des personnes.<\/p>","protected":false},"excerpt":{"rendered":"<p>C\u00e9pages : Rufete, Tinta da Barca, Touriga Franca, Touriga Nacional<\/p>\n<p>De couleur rubis, le nez pr\u00e9sente un ar\u00f4me de fruits noirs. En bouche, il est puissant, avec une grande richesse et une bonne structure tannique. La fin est aust\u00e8re et prolong\u00e9e. Excellent potentiel de garde.<\/p>\n<p>\u0152nologie : Pedro Sequeira<\/p>","protected":false},"featured_media":7573,"template":"","meta":{"_exactmetrics_skip_tracking":false,"_exactmetrics_sitenote_active":false,"_exactmetrics_sitenote_note":"","_exactmetrics_sitenote_category":0,"_uf_show_specific_survey":0,"_uf_disable_surveys":false,"iawp_total_views":135},"product_brand":[],"product_cat":[157,184,215],"product_tag":[],"class_list":{"0":"post-14364","1":"product","2":"type-product","3":"status-publish","4":"has-post-thumbnail","6":"product_cat-vinhos","7":"product_cat-tinto","8":"product_cat-douro","10":"first","11":"instock","12":"shipping-taxable","13":"purchasable","14":"product-type-simple"},"_links":{"self":[{"href":"https:\/\/garrafeiragrandeescolha.pt\/fr\/wp-json\/wp\/v2\/product\/14364","targetHints":{"allow":["GET"]}}],"collection":[{"href":"https:\/\/garrafeiragrandeescolha.pt\/fr\/wp-json\/wp\/v2\/product"}],"about":[{"href":"https:\/\/garrafeiragrandeescolha.pt\/fr\/wp-json\/wp\/v2\/types\/product"}],"wp:featuredmedia":[{"embeddable":true,"href":"https:\/\/garrafeiragrandeescolha.pt\/fr\/wp-json\/wp\/v2\/media\/7573"}],"wp:attachment":[{"href":"https:\/\/garrafeiragrandeescolha.pt\/fr\/wp-json\/wp\/v2\/media?parent=14364"}],"wp:term":[{"taxonomy":"product_brand","embeddable":true,"href":"https:\/\/garrafeiragrandeescolha.pt\/fr\/wp-json\/wp\/v2\/product_brand?post=14364"},{"taxonomy":"product_cat","embeddable":true,"href":"https:\/\/garrafeiragrandeescolha.pt\/fr\/wp-json\/wp\/v2\/product_cat?post=14364"},{"taxonomy":"product_tag","embeddable":true,"href":"https:\/\/garrafeiragrandeescolha.pt\/fr\/wp-json\/wp\/v2\/product_tag?post=14364"}],"curies":[{"name":"wp","href":"https:\/\/api.w.org\/{rel}","templated":true}]}}