{"id":14373,"date":"2020-11-16T18:03:49","date_gmt":"2020-11-16T18:03:49","guid":{"rendered":"http:\/\/garrafeiragrandeescolha.pt\/?post_type=product&#038;p=14373"},"modified":"2023-07-08T08:57:56","modified_gmt":"2023-07-08T08:57:56","slug":"cuvee-de-vin-mousseux-original-brut-75cl","status":"publish","type":"product","link":"https:\/\/garrafeiragrandeescolha.pt\/fr\/produit\/cuvee-de-vin-mousseux-original-brut-75cl\/","title":{"rendered":"P\u00e9tillant Original Cuv\u00e9e Brut 75cl"},"content":{"rendered":"<p><img decoding=\"async\" class=\"size-medium wp-image-15409 aligncenter\" src=\"http:\/\/garrafeiragrandeescolha.pt\/wp-content\/uploads\/2021\/05\/quatro-cravos-logo-300x63.png\" alt=\"\" width=\"300\" height=\"63\" srcset=\"https:\/\/garrafeiragrandeescolha.pt\/wp-content\/uploads\/2021\/05\/quatro-cravos-logo-300x63.png 300w, https:\/\/garrafeiragrandeescolha.pt\/wp-content\/uploads\/2021\/05\/quatro-cravos-logo-1024x213.png 1024w, https:\/\/garrafeiragrandeescolha.pt\/wp-content\/uploads\/2021\/05\/quatro-cravos-logo-768x160.png 768w, https:\/\/garrafeiragrandeescolha.pt\/wp-content\/uploads\/2021\/05\/quatro-cravos-logo-600x125.png 600w, https:\/\/garrafeiragrandeescolha.pt\/wp-content\/uploads\/2021\/05\/quatro-cravos-logo.png 1190w\" sizes=\"(max-width: 300px) 100vw, 300px\" \/><\/p>\n<p>Quatro Cravos g\u00e8re la production viticole de deux caves de la r\u00e9gion de Bairrada : \u00ab Adega Original \u00bb et \u00ab Adega Cravo \u00bb.<\/p>\n<p>Les vignes sont plant\u00e9es sur diff\u00e9rents types de sols, notamment argilo-limoneux, argilo-calcaire et sableux \u00e0 grains vari\u00e9s avec une pr\u00e9sence plus ou moins argileuse.<\/p>\n<p>Les caract\u00e9ristiques des sols des r\u00e9gions o\u00f9 sont situ\u00e9es les caves donnent naissance \u00e0 des vins diff\u00e9renci\u00e9s, avec \u00e9quilibre et sophistication aromatique \u00e0 l&#039;int\u00e9rieur et l\u00e9g\u00e8ret\u00e9 et vigueur dans les zones c\u00f4ti\u00e8res.<\/p>\n<p>Les marques sont pr\u00e9sent\u00e9es sur le march\u00e9 avec le label \u00ab By Quatro Cravos \u00bb comme engagement d&#039;assurance qualit\u00e9 et d&#039;assumer la responsabilit\u00e9 institutionnelle de l&#039;entreprise pour ses produits.<\/p>","protected":false},"excerpt":{"rendered":"<p>C\u00e9pages : Bical<\/p>\n<p>Il pr\u00e9sente une couleur citronn\u00e9e brillante avec une bulle fine et \u00e9l\u00e9gante. Au nez on retrouve de douces notes de p\u00eache et de fruits blancs m\u00fbrs. En bouche, il est croquant et cr\u00e9meux avec une acidit\u00e9 bien \u00e9quilibr\u00e9e. Il a une longue finale avec une grande \u00e9l\u00e9gance. Gastronomie | Sa structure et sa complexit\u00e9 sont id\u00e9ales pour accompagner les sushis, le saumon fum\u00e9, les \u0153ufs de poisson l\u00e9g\u00e8rement sal\u00e9s, les hu\u00eetres et crustac\u00e9s et les poissons grill\u00e9s.<\/p>","protected":false},"featured_media":7663,"template":"","meta":{"_exactmetrics_skip_tracking":false,"_exactmetrics_sitenote_active":false,"_exactmetrics_sitenote_note":"","_exactmetrics_sitenote_category":0,"_uf_show_specific_survey":0,"_uf_disable_surveys":false,"iawp_total_views":94},"product_brand":[],"product_cat":[177,160],"product_tag":[],"class_list":{"0":"post-14373","1":"product","2":"type-product","3":"status-publish","4":"has-post-thumbnail","6":"product_cat-espumante","7":"product_cat-espumantes","9":"first","10":"instock","11":"shipping-taxable","12":"purchasable","13":"product-type-simple"},"_links":{"self":[{"href":"https:\/\/garrafeiragrandeescolha.pt\/fr\/wp-json\/wp\/v2\/product\/14373","targetHints":{"allow":["GET"]}}],"collection":[{"href":"https:\/\/garrafeiragrandeescolha.pt\/fr\/wp-json\/wp\/v2\/product"}],"about":[{"href":"https:\/\/garrafeiragrandeescolha.pt\/fr\/wp-json\/wp\/v2\/types\/product"}],"wp:featuredmedia":[{"embeddable":true,"href":"https:\/\/garrafeiragrandeescolha.pt\/fr\/wp-json\/wp\/v2\/media\/7663"}],"wp:attachment":[{"href":"https:\/\/garrafeiragrandeescolha.pt\/fr\/wp-json\/wp\/v2\/media?parent=14373"}],"wp:term":[{"taxonomy":"product_brand","embeddable":true,"href":"https:\/\/garrafeiragrandeescolha.pt\/fr\/wp-json\/wp\/v2\/product_brand?post=14373"},{"taxonomy":"product_cat","embeddable":true,"href":"https:\/\/garrafeiragrandeescolha.pt\/fr\/wp-json\/wp\/v2\/product_cat?post=14373"},{"taxonomy":"product_tag","embeddable":true,"href":"https:\/\/garrafeiragrandeescolha.pt\/fr\/wp-json\/wp\/v2\/product_tag?post=14373"}],"curies":[{"name":"wp","href":"https:\/\/api.w.org\/{rel}","templated":true}]}}