{"id":14376,"date":"2020-11-17T17:38:15","date_gmt":"2020-11-17T17:38:15","guid":{"rendered":"http:\/\/garrafeiragrandeescolha.pt\/?post_type=product&#038;p=14376"},"modified":"2022-02-04T17:34:57","modified_gmt":"2022-02-04T17:34:57","slug":"7672","status":"publish","type":"product","link":"https:\/\/garrafeiragrandeescolha.pt\/fr\/produit\/7672\/","title":{"rendered":"Cognac Maison Gautier XO 70cl"},"content":{"rendered":"<p><img decoding=\"async\" class=\"size-full wp-image-15254 aligncenter\" src=\"http:\/\/garrafeiragrandeescolha.pt\/wp-content\/uploads\/2022\/02\/gautier-cognac-logo160x120.png\" alt=\"\" width=\"160\" height=\"120\" \/><\/p>\n<p>A hist\u00f3ria come\u00e7a no s\u00e9culo 17, quando a fam\u00edlia GAUTIER era propriet\u00e1ria de uma floresta pr\u00f3xima \u00e0 floresta de Tron\u00e7ais, na Fran\u00e7a.\u00a0Mais do que uma habilidade, nossos ancestrais desenvolveram uma rela\u00e7\u00e3o pr\u00f3xima com o carvalho, capturada no lema da fam\u00edlia &#8220;DU GALT MER SUI&#8221; que significa &#8220;Eu sou o Senhor da Floresta&#8221; em franc\u00eas antigo.\u00a0Esta experi\u00eancia particular \u00e9 um dos elementos-chave para dominar o longo processo de matura\u00e7\u00e3o do Cognac.<\/p>\n<p>&nbsp;<\/p>","protected":false},"excerpt":{"rendered":"<p>GAUTIER XO \u200b\u200b\u00e9 uma mistura poderosa de eaux-de-vie antiga, algumas das quais v\u00eam de ou &#8220;Paradise Cellar&#8221;, onde as mais antigas e preciosas eaux-de-vie Cognac s\u00e3o guardadas.\u00a0Generoso na boca, oferece um espl\u00eandido e persistente comprimento na boca, t\u00e3o caracter\u00edstico dos Conhaques antigos.<\/p>\n<p>Uma cor \u00e2mbar dourada.\u00a0Uma mistura rica e harmoniosa de eaux-de-vie velha, combinando aromas intensos de frutas cristalizadas, canela e p\u00e3o torrado, com sutis notas florais.\u00a0Generoso e macio na boca, oferece um belo comprimento de boca.<\/p>\n<p>O XO da Maison GAUTIER \u00e9 um conhaque intenso, com aromas particularmente ricos que se apreciam bem puro, com gelo ou mesmo com \u00e1gua com g\u00e1s.<\/p>\n<p>XO da Maison GAUTIER foi reconhecido como o\u00a0<strong>\u201cMELHOR COGNAC DO MUNDO\u201d<\/strong>\u00a0no World Cognac Awards 2015 e ganhou a\u00a0<strong>medalha de \u201cOuro Extraordin\u00e1rio\u201d<\/strong>\u00a0no International Wine and Spirit Competition em 2015.<\/p>","protected":false},"featured_media":7673,"template":"","meta":{"_exactmetrics_skip_tracking":false,"_exactmetrics_sitenote_active":false,"_exactmetrics_sitenote_note":"","_exactmetrics_sitenote_category":0,"_uf_show_specific_survey":0,"_uf_disable_surveys":false,"iawp_total_views":26},"product_brand":[],"product_cat":[158,181],"product_tag":[],"class_list":{"0":"post-14376","1":"product","2":"type-product","3":"status-publish","4":"has-post-thumbnail","6":"product_cat-espirituosos","7":"product_cat-cognac","9":"first","10":"instock","11":"shipping-taxable","12":"purchasable","13":"product-type-simple"},"_links":{"self":[{"href":"https:\/\/garrafeiragrandeescolha.pt\/fr\/wp-json\/wp\/v2\/product\/14376","targetHints":{"allow":["GET"]}}],"collection":[{"href":"https:\/\/garrafeiragrandeescolha.pt\/fr\/wp-json\/wp\/v2\/product"}],"about":[{"href":"https:\/\/garrafeiragrandeescolha.pt\/fr\/wp-json\/wp\/v2\/types\/product"}],"wp:featuredmedia":[{"embeddable":true,"href":"https:\/\/garrafeiragrandeescolha.pt\/fr\/wp-json\/wp\/v2\/media\/7673"}],"wp:attachment":[{"href":"https:\/\/garrafeiragrandeescolha.pt\/fr\/wp-json\/wp\/v2\/media?parent=14376"}],"wp:term":[{"taxonomy":"product_brand","embeddable":true,"href":"https:\/\/garrafeiragrandeescolha.pt\/fr\/wp-json\/wp\/v2\/product_brand?post=14376"},{"taxonomy":"product_cat","embeddable":true,"href":"https:\/\/garrafeiragrandeescolha.pt\/fr\/wp-json\/wp\/v2\/product_cat?post=14376"},{"taxonomy":"product_tag","embeddable":true,"href":"https:\/\/garrafeiragrandeescolha.pt\/fr\/wp-json\/wp\/v2\/product_tag?post=14376"}],"curies":[{"name":"wp","href":"https:\/\/api.w.org\/{rel}","templated":true}]}}