{"id":14390,"date":"2020-12-10T17:53:34","date_gmt":"2020-12-10T17:53:34","guid":{"rendered":"http:\/\/garrafeiragrandeescolha.pt\/?post_type=product&#038;p=14390"},"modified":"2025-04-14T14:35:13","modified_gmt":"2025-04-14T14:35:13","slug":"discordia-reserva-branco-75cl","status":"publish","type":"product","link":"https:\/\/garrafeiragrandeescolha.pt\/fr\/produit\/discordia-reserva-branco-75cl\/","title":{"rendered":"Disc\u00f3rdia Reserva Branco 2019 75cl"},"content":{"rendered":"<p>&nbsp;<\/p>\n<p><img decoding=\"async\" class=\"size-medium wp-image-15220 aligncenter\" src=\"http:\/\/garrafeiragrandeescolha.pt\/wp-content\/uploads\/2022\/02\/discordia-logotipo-300x141.jpg\" alt=\"\" width=\"300\" height=\"141\" srcset=\"https:\/\/garrafeiragrandeescolha.pt\/wp-content\/uploads\/2022\/02\/discordia-logotipo-300x141.jpg 300w, https:\/\/garrafeiragrandeescolha.pt\/wp-content\/uploads\/2022\/02\/discordia-logotipo.jpg 403w\" sizes=\"(max-width: 300px) 100vw, 300px\" \/><\/p>\n<p>Antes de mais o lugar.\u00a0A Herdade Vale d\u2019 \u00c9vora situa-se a poucos quil\u00f3metros da bonita vila de M\u00e9rtola, no baixo Alentejo. Est\u00e1 integrada no Parque Natural do Vale do Guadiana, beneficiando de uma paisagem marcada por terrenos de ondula\u00e7\u00e3o generosa, vegeta\u00e7\u00e3o aut\u00f3ctone e o rio Guadiana que a serpenteia.\u00a0Ao longo da propriedade, 550 hectares no total, pontuam as\u00a0planta\u00e7\u00f5es de pinheiro manso, azinheiras e medronheiros e uma vinha,\u00a0a vinha do Disc\u00f3rdia.<\/p>\n<p>Os vinhos Disc\u00f3rdia s\u00e3o produzidos a partir das uvas colhidas numa vinha de 10 hectares aberta sobre a paisagem selvagem da Herdade Vale d\u2019\u00c9vora. \u00a0\u00c0 semelhan\u00e7a do Douro, os solos de xisto e o clima agreste da regi\u00e3o fazem com que a vinha viva no limite e numa luta pela sobreviv\u00eancia, resultando dessa condi\u00e7\u00e3o fruta arejada, com boa concentra\u00e7\u00e3o e estrutura. A proximidade ao rio Guadiana proporciona o toque de acidez que importa para o equil\u00edbrio final do vinho.<\/p>","protected":false},"excerpt":{"rendered":"<p>Produzido a partir da sele\u00e7\u00e3o de uvas colhidas na Herdade Vale d\u2019\u00c9vora. Vinho de lote com predomin\u00e2ncia da casta Arinto (cerca de 65%) e presen\u00e7a das castas Verdelho e Ant\u00e3o Vaz. Final da fermenta\u00e7\u00e3o e est\u00e1gio de oito meses em barrica.<\/p>","protected":false},"featured_media":7804,"template":"","meta":{"_exactmetrics_skip_tracking":false,"_exactmetrics_sitenote_active":false,"_exactmetrics_sitenote_note":"","_exactmetrics_sitenote_category":0,"_uf_show_specific_survey":0,"_uf_disable_surveys":false,"iawp_total_views":9},"product_brand":[],"product_cat":[157,185,189],"product_tag":[],"class_list":{"0":"post-14390","1":"product","2":"type-product","3":"status-publish","4":"has-post-thumbnail","6":"product_cat-vinhos","7":"product_cat-branco","8":"product_cat-alentejo-branco","10":"first","11":"instock","12":"shipping-taxable","13":"purchasable","14":"product-type-simple"},"_links":{"self":[{"href":"https:\/\/garrafeiragrandeescolha.pt\/fr\/wp-json\/wp\/v2\/product\/14390","targetHints":{"allow":["GET"]}}],"collection":[{"href":"https:\/\/garrafeiragrandeescolha.pt\/fr\/wp-json\/wp\/v2\/product"}],"about":[{"href":"https:\/\/garrafeiragrandeescolha.pt\/fr\/wp-json\/wp\/v2\/types\/product"}],"wp:featuredmedia":[{"embeddable":true,"href":"https:\/\/garrafeiragrandeescolha.pt\/fr\/wp-json\/wp\/v2\/media\/7804"}],"wp:attachment":[{"href":"https:\/\/garrafeiragrandeescolha.pt\/fr\/wp-json\/wp\/v2\/media?parent=14390"}],"wp:term":[{"taxonomy":"product_brand","embeddable":true,"href":"https:\/\/garrafeiragrandeescolha.pt\/fr\/wp-json\/wp\/v2\/product_brand?post=14390"},{"taxonomy":"product_cat","embeddable":true,"href":"https:\/\/garrafeiragrandeescolha.pt\/fr\/wp-json\/wp\/v2\/product_cat?post=14390"},{"taxonomy":"product_tag","embeddable":true,"href":"https:\/\/garrafeiragrandeescolha.pt\/fr\/wp-json\/wp\/v2\/product_tag?post=14390"}],"curies":[{"name":"wp","href":"https:\/\/api.w.org\/{rel}","templated":true}]}}