{"id":14404,"date":"2021-01-20T18:56:49","date_gmt":"2021-01-20T18:56:49","guid":{"rendered":"http:\/\/garrafeiragrandeescolha.pt\/?post_type=product&#038;p=14404"},"modified":"2022-02-04T20:05:16","modified_gmt":"2022-02-04T20:05:16","slug":"monte-do-joao-martins-syrah-reserve-rouge-2015-75cl","status":"publish","type":"product","link":"https:\/\/garrafeiragrandeescolha.pt\/fr\/produit\/monte-do-joao-martins-syrah-reserve-rouge-2015-75cl\/","title":{"rendered":"Monte do Jo\u00e3o Martins Syrah Reserva Rouge 2015 75cl"},"content":{"rendered":"<p><img decoding=\"async\" class=\"size-full wp-image-15322 aligncenter\" src=\"http:\/\/garrafeiragrandeescolha.pt\/wp-content\/uploads\/2022\/02\/logo_monte-joao-martins.png\" alt=\"\" width=\"184\" height=\"95\" \/><\/p>\n<p>Monte do Jo\u00e3o Martins est situ\u00e9 dans le nord de l&#039;Alentejo, paroisse de Carreiras, entre Portalegre et Castelo de Vide et \u00e0 c\u00f4t\u00e9 du massif de la Serra de S\u00e3o Mamede, le point culminant du Portugal au sud du Tage.<br \/>\nC&#039;est une zone privil\u00e9gi\u00e9e en raison de la richesse de son vaste patrimoine naturel, paysager, architectural, culturel, religieux et gastronomique, qui en fait une r\u00e9gion \u00e0 grand attrait touristique.<br \/>\nMonte do Jo\u00e3o Martins, situ\u00e9 dans une r\u00e9gion si riche culturellement de notre pays, rec\u00e8le d&#039;anciens secrets entre ses murs de pierre. Cach\u00e9s parmi la for\u00eat de ch\u00eanes-li\u00e8ges et les formations rocheuses, on peut voir quelques vestiges m\u00e9galithiques. Nous pouvons trouver des meules n\u00e9olithiques, o\u00f9 les c\u00e9r\u00e9ales \u00e9taient moulues pour obtenir de la farine il y a des milliers d&#039;ann\u00e9es ;<br \/>\nOn peut visiter un dolmen, plusieurs chaford\u00f5es\u2026<br \/>\nParall\u00e8lement \u00e0 ce pass\u00e9 lointain, parler du Monte do Jo\u00e3o Martins au pr\u00e9sent implique de parler des t\u00e9moignages de la pr\u00e9sence de l&#039;homme \u00e0 nos jours.<\/p>\n<p>Avec une petite superficie de vignoble avec des c\u00e9pages rouges Touriga Nacional, Alicante Bouschet, Syrah et Aragonez et des c\u00e9pages blancs, Alvarinho, Arinto et Viognier, les meilleurs vins de ferme blancs et rouges qui ont m\u00e9rit\u00e9 la reconnaissance des consommateurs ainsi que des magazines sp\u00e9cialis\u00e9s, qui digne la r\u00e9gion la mieux d\u00e9limit\u00e9e de l&#039;Alentejo et l&#039;une des meilleures du pays<\/p>","protected":false},"excerpt":{"rendered":"<p>Vieillissement : 10 \u00e0 12 mois en f\u00fbts neufs de ch\u00eane fran\u00e7ais et 12 mois en bouteille.<\/p>\n<p>Le climat typique, les sols granitiques et l&#039;altitude assurent une maturation \u00e9quilibr\u00e9e des raisins. C&#039;est un vin aux ar\u00f4mes de fruits sauvages et<br \/>\n\u00e9pices. En bouche il pr\u00e9sente des fruits noirs en harmonie avec des notes de vanille et de pain grill\u00e9. C&#039;est un profil \u00e9quilibr\u00e9, persistant et complexe. Un vin de distinction.<\/p>","protected":false},"featured_media":7919,"template":"","meta":{"_exactmetrics_skip_tracking":false,"_exactmetrics_sitenote_active":false,"_exactmetrics_sitenote_note":"","_exactmetrics_sitenote_category":0,"_uf_show_specific_survey":0,"_uf_disable_surveys":false,"iawp_total_views":33},"product_brand":[],"product_cat":[157,184,207],"product_tag":[],"class_list":{"0":"post-14404","1":"product","2":"type-product","3":"status-publish","4":"has-post-thumbnail","6":"product_cat-vinhos","7":"product_cat-tinto","8":"product_cat-alentejo","10":"first","11":"instock","12":"shipping-taxable","13":"purchasable","14":"product-type-simple"},"_links":{"self":[{"href":"https:\/\/garrafeiragrandeescolha.pt\/fr\/wp-json\/wp\/v2\/product\/14404","targetHints":{"allow":["GET"]}}],"collection":[{"href":"https:\/\/garrafeiragrandeescolha.pt\/fr\/wp-json\/wp\/v2\/product"}],"about":[{"href":"https:\/\/garrafeiragrandeescolha.pt\/fr\/wp-json\/wp\/v2\/types\/product"}],"wp:featuredmedia":[{"embeddable":true,"href":"https:\/\/garrafeiragrandeescolha.pt\/fr\/wp-json\/wp\/v2\/media\/7919"}],"wp:attachment":[{"href":"https:\/\/garrafeiragrandeescolha.pt\/fr\/wp-json\/wp\/v2\/media?parent=14404"}],"wp:term":[{"taxonomy":"product_brand","embeddable":true,"href":"https:\/\/garrafeiragrandeescolha.pt\/fr\/wp-json\/wp\/v2\/product_brand?post=14404"},{"taxonomy":"product_cat","embeddable":true,"href":"https:\/\/garrafeiragrandeescolha.pt\/fr\/wp-json\/wp\/v2\/product_cat?post=14404"},{"taxonomy":"product_tag","embeddable":true,"href":"https:\/\/garrafeiragrandeescolha.pt\/fr\/wp-json\/wp\/v2\/product_tag?post=14404"}],"curies":[{"name":"wp","href":"https:\/\/api.w.org\/{rel}","templated":true}]}}