{"id":14430,"date":"2021-02-05T12:24:52","date_gmt":"2021-02-05T12:24:52","guid":{"rendered":"http:\/\/garrafeiragrandeescolha.pt\/?post_type=product&#038;p=14430"},"modified":"2023-12-15T11:26:20","modified_gmt":"2023-12-15T11:26:20","slug":"quinta-de-curvos-loureiro-branco-75cl","status":"publish","type":"product","link":"https:\/\/garrafeiragrandeescolha.pt\/fr\/produit\/quinta-de-curvos-loureiro-branco-75cl\/","title":{"rendered":"Quinta de Curvos Loureiro Blanc 75cl"},"content":{"rendered":"<p><img fetchpriority=\"high\" decoding=\"async\" class=\"size-full wp-image-15394 aligncenter\" src=\"http:\/\/garrafeiragrandeescolha.pt\/wp-content\/uploads\/2022\/02\/qta-curvos-logo.png\" alt=\"\" width=\"225\" height=\"225\" srcset=\"https:\/\/garrafeiragrandeescolha.pt\/wp-content\/uploads\/2022\/02\/qta-curvos-logo.png 225w, https:\/\/garrafeiragrandeescolha.pt\/wp-content\/uploads\/2022\/02\/qta-curvos-logo-150x150.png 150w, https:\/\/garrafeiragrandeescolha.pt\/wp-content\/uploads\/2022\/02\/qta-curvos-logo-100x100.png 100w\" sizes=\"(max-width: 225px) 100vw, 225px\" \/><\/p>\n<div class=\"texto-intro\">\n<p>Avec plus de quatre si\u00e8cles d&#039;histoire, de nombreuses l\u00e9gendes et \u00ab histoires \u00bb lui donnent naissance, dont beaucoup sont racont\u00e9es \u00e0 travers les diff\u00e9rents espaces environnants, de l&#039;ancien palais aux grottes, en passant par le lac, les jardins et les vignobles.<\/p>\n<\/div>\n<div class=\"divider icon\">\n<p>La production de vin vert est l&#039;activit\u00e9 principale de Quinta de Curvos, et des investissements ont \u00e9t\u00e9 r\u00e9alis\u00e9s au fil du temps en vue de profiter de tout le potentiel des diff\u00e9rents c\u00e9pages qui y sont produits et ainsi assurer la qualit\u00e9 de ses vins, et. aujourd&#039;hui encore, il s&#039;agit d&#039;une entreprise familiale 100% qui b\u00e9n\u00e9ficie d\u00e9j\u00e0 du d\u00e9vouement de la deuxi\u00e8me g\u00e9n\u00e9ration pour poursuivre le projet.<\/p>\n<p>Face \u00e0 l&#039;environnement concurrentiel du march\u00e9 du vin, Quinta de Curvos, en tant qu&#039;entreprise familiale, s&#039;engage \u00e0 respecter un code de valeurs d&#039;excellence, de tradition et d&#039;innovation, sans jamais oublier le respect de l&#039;environnement et la v\u00e9ritable passion du vin.<\/p>\n<\/div>","protected":false},"excerpt":{"rendered":"<div class=\"divider icon\">\n<p>C\u00e9pages : Loureiro<\/p>\n<\/div>\n<div class=\"texto-intro\"><span class=\"s1\">Com cor c<\/span>itrina e o a<span class=\"s1\">roma v<\/span>arietal intenso de notas tropicais.<span class=\"s1\">\u00a0<\/span>Jovem, vivo, guloso e irreverente.<\/div>","protected":false},"featured_media":8048,"template":"","meta":{"_exactmetrics_skip_tracking":false,"_exactmetrics_sitenote_active":false,"_exactmetrics_sitenote_note":"","_exactmetrics_sitenote_category":0,"_uf_show_specific_survey":0,"_uf_disable_surveys":false,"iawp_total_views":26},"product_brand":[],"product_cat":[185,206],"product_tag":[],"class_list":{"0":"post-14430","1":"product","2":"type-product","3":"status-publish","4":"has-post-thumbnail","6":"product_cat-branco","7":"product_cat-vinhos-verdes","9":"first","10":"instock","11":"shipping-taxable","12":"purchasable","13":"product-type-simple"},"_links":{"self":[{"href":"https:\/\/garrafeiragrandeescolha.pt\/fr\/wp-json\/wp\/v2\/product\/14430","targetHints":{"allow":["GET"]}}],"collection":[{"href":"https:\/\/garrafeiragrandeescolha.pt\/fr\/wp-json\/wp\/v2\/product"}],"about":[{"href":"https:\/\/garrafeiragrandeescolha.pt\/fr\/wp-json\/wp\/v2\/types\/product"}],"wp:featuredmedia":[{"embeddable":true,"href":"https:\/\/garrafeiragrandeescolha.pt\/fr\/wp-json\/wp\/v2\/media\/8048"}],"wp:attachment":[{"href":"https:\/\/garrafeiragrandeescolha.pt\/fr\/wp-json\/wp\/v2\/media?parent=14430"}],"wp:term":[{"taxonomy":"product_brand","embeddable":true,"href":"https:\/\/garrafeiragrandeescolha.pt\/fr\/wp-json\/wp\/v2\/product_brand?post=14430"},{"taxonomy":"product_cat","embeddable":true,"href":"https:\/\/garrafeiragrandeescolha.pt\/fr\/wp-json\/wp\/v2\/product_cat?post=14430"},{"taxonomy":"product_tag","embeddable":true,"href":"https:\/\/garrafeiragrandeescolha.pt\/fr\/wp-json\/wp\/v2\/product_tag?post=14430"}],"curies":[{"name":"wp","href":"https:\/\/api.w.org\/{rel}","templated":true}]}}